{"id":5963,"date":"2026-04-10T13:07:48","date_gmt":"2026-04-10T12:07:48","guid":{"rendered":"https:\/\/duotti.eu\/?post_type=product&#038;p=5963"},"modified":"2026-04-14T13:05:48","modified_gmt":"2026-04-14T12:05:48","slug":"ponteira-diamantada-duotti-lagrima-gota-vermelha-diametro-21mm","status":"publish","type":"product","link":"https:\/\/duotti.eu\/en\/product\/ponteira-diamantada-duotti-lagrima-gota-vermelha-diametro-21mm\/","title":{"rendered":"Ponteira Diamantada DUOTTI &#8211; L\u00e1grima\/Gota &#8211; Vermelha &#8211; Di\u00e2metro 2,1mm"},"content":{"rendered":"<p><strong>Ponteira (broca) Diamantada &#8211; L\u00e1grima\/Gota &#8211; VERMELHA &#8211; DD-257R-021<\/strong><\/p>\n<ul>\n<li><strong>Di\u00e2metro<\/strong> &#8211; 2,1 mm<\/li>\n<li><strong>Tamanho<\/strong> &#8211; 4 mm<\/li>\n<li><strong>Gr\u00e3o<\/strong> suave &#8211; vermelho<\/li>\n<\/ul>\n<p><strong>Use:<\/strong><\/p>\n<p><strong>manicure<\/strong><\/p>\n<ul>\n<li>cleaning of lateral folds<\/li>\n<li>cuticle removing<\/li>\n<\/ul>\n<p><strong>pedicure<\/strong><\/p>\n<ul>\n<li>treatment of cracks, calluses<\/li>\n<li>cuticle removing<\/li>\n<li>treatment of keratinized areas of the feet fingers<\/li>\n<\/ul>\n<p><strong>A\u00c7O INOXID\u00c1VEL<\/strong><\/p>","protected":false},"excerpt":{"rendered":"<p>Ponteira (broca) Diamantada &#8211; L\u00e1grima\/Gota &#8211; VERMELHA &#8211; DD-257R-021 Di\u00e2metro &#8211; 2,1 mm Tamanho &#8211; 4 mm Gr\u00e3o suave &#8211; vermelho Pode usar: manicure limpeza das bordes laterais para remover cut\u00edcula pedicure tratamento de fissuras, calosidades para remover cut\u00edcula tratamento de \u00e1reas queratinizadas dos dedos dos p\u00e9s A\u00c7O INOXID\u00c1VEL<\/p>","protected":false},"featured_media":5964,"comment_status":"open","ping_status":"closed","template":"","meta":[],"product_cat":[1728,1727],"product_tag":[1821,1823,1817,1819,1822,1815,1763,1500,1824,1816,1818],"_links":{"self":[{"href":"https:\/\/duotti.eu\/en\/wp-json\/wp\/v2\/product\/5963"}],"collection":[{"href":"https:\/\/duotti.eu\/en\/wp-json\/wp\/v2\/product"}],"about":[{"href":"https:\/\/duotti.eu\/en\/wp-json\/wp\/v2\/types\/product"}],"replies":[{"embeddable":true,"href":"https:\/\/duotti.eu\/en\/wp-json\/wp\/v2\/comments?post=5963"}],"wp:featuredmedia":[{"embeddable":true,"href":"https:\/\/duotti.eu\/en\/wp-json\/wp\/v2\/media\/5964"}],"wp:attachment":[{"href":"https:\/\/duotti.eu\/en\/wp-json\/wp\/v2\/media?parent=5963"}],"wp:term":[{"taxonomy":"product_cat","embeddable":true,"href":"https:\/\/duotti.eu\/en\/wp-json\/wp\/v2\/product_cat?post=5963"},{"taxonomy":"product_tag","embeddable":true,"href":"https:\/\/duotti.eu\/en\/wp-json\/wp\/v2\/product_tag?post=5963"}],"curies":[{"name":"wp","href":"https:\/\/api.w.org\/{rel}","templated":true}]}}