{"id":5950,"date":"2026-03-12T11:09:31","date_gmt":"2026-03-12T11:09:31","guid":{"rendered":"https:\/\/duotti.eu\/?post_type=product&#038;p=5950"},"modified":"2026-04-12T17:42:13","modified_gmt":"2026-04-12T16:42:13","slug":"kit-de-5-ponteiras-duotti-dd-243r-021xl","status":"publish","type":"product","link":"https:\/\/duotti.eu\/en\/product\/kit-de-5-ponteiras-duotti-dd-243r-021xl\/","title":{"rendered":"Kit de 5 ponteiras Duotti &#8211; DD-243R-021XL"},"content":{"rendered":"<h2><strong>Kit de ponteiras diamantadas DD-243R-021XL , 5un<\/strong><\/h2>\n<p><strong>Ponteira (broca) Diamantada \u2013 FLAMA\/CHAMA (ponta aguda) \u2013 AZUL \u2013 DD-243R-021XL<\/strong><\/p>\n<ul>\n<li>Di\u00e2metro \u2013 2,1 mm<\/li>\n<li>Tamanho \u2013 8 mm<\/li>\n<li>Gr\u00e3o fino \u2013 vermelho<\/li>\n<\/ul>\n<p><strong>Use:<\/strong><\/p>\n<p><strong>manicure<\/strong><\/p>\n<ul>\n<li>levantar e remover a cut\u00edcula<\/li>\n<li>cleaning of lateral folds<\/li>\n<\/ul>\n<p><strong>pedicure<\/strong><\/p>\n<ul>\n<li>treatment of cracks, calluses<\/li>\n<li>treatment of keratinized areas of the feet fingers<\/li>\n<\/ul>\n<p><strong>A\u00c7O INOXID\u00c1VEL<\/strong><\/p>","protected":false},"excerpt":{"rendered":"<p>Kit de ponteiras diamantadas DD-243R-021XL , 5un Ponteira (broca) Diamantada \u2013 FLAMA\/CHAMA (ponta aguda) \u2013 AZUL \u2013 DD-243R-021XL Di\u00e2metro \u2013 2,1 mm Tamanho \u2013 8 mm Gr\u00e3o fino \u2013 vermelho Pode usar: manicure levantar e remover a cut\u00edcula limpeza das bordes laterais pedicure tratamento de fissuras, calosidades tratamento de \u00e1reas queratinizadas dos dedos dos p\u00e9s [&#8230;]","protected":false},"featured_media":5951,"comment_status":"open","ping_status":"closed","template":"","meta":[],"product_cat":[1728,1727,1913,1912],"product_tag":[1645,1929,1760,1762,1763,1914,1915,1667,1765,1652],"_links":{"self":[{"href":"https:\/\/duotti.eu\/en\/wp-json\/wp\/v2\/product\/5950"}],"collection":[{"href":"https:\/\/duotti.eu\/en\/wp-json\/wp\/v2\/product"}],"about":[{"href":"https:\/\/duotti.eu\/en\/wp-json\/wp\/v2\/types\/product"}],"replies":[{"embeddable":true,"href":"https:\/\/duotti.eu\/en\/wp-json\/wp\/v2\/comments?post=5950"}],"wp:featuredmedia":[{"embeddable":true,"href":"https:\/\/duotti.eu\/en\/wp-json\/wp\/v2\/media\/5951"}],"wp:attachment":[{"href":"https:\/\/duotti.eu\/en\/wp-json\/wp\/v2\/media?parent=5950"}],"wp:term":[{"taxonomy":"product_cat","embeddable":true,"href":"https:\/\/duotti.eu\/en\/wp-json\/wp\/v2\/product_cat?post=5950"},{"taxonomy":"product_tag","embeddable":true,"href":"https:\/\/duotti.eu\/en\/wp-json\/wp\/v2\/product_tag?post=5950"}],"curies":[{"name":"wp","href":"https:\/\/api.w.org\/{rel}","templated":true}]}}