{"id":5946,"date":"2026-03-12T11:03:23","date_gmt":"2026-03-12T11:03:23","guid":{"rendered":"https:\/\/duotti.eu\/?post_type=product&#038;p=5946"},"modified":"2026-03-12T11:04:46","modified_gmt":"2026-03-12T11:04:46","slug":"kit-de-5-ponteiras-duotti-dd-197r-012","status":"publish","type":"product","link":"https:\/\/duotti.eu\/en\/product\/kit-de-5-ponteiras-duotti-dd-197r-012\/","title":{"rendered":"Kit de 5 ponteiras Duotti &#8211; DD-197R-012"},"content":{"rendered":"<h2><strong>Kit de 5 ponteiras Duotti &#8211; DD-197R-012<\/strong><\/h2>\n<p><strong>Ponteira (broca) Diamantada &#8211; FINA SEGURA &#8211; VERMELHO &#8211; DD-197R-012<\/strong><\/p>\n<ul>\n<li>Di\u00e2metro &#8211; 1,2 mm<\/li>\n<li>Tamanho &#8211; 6 mm<\/li>\n<li>Gr\u00e3o fino &#8211; vermelho<\/li>\n<\/ul>\n<p><strong>Use:<\/strong><\/p>\n<p><strong>manicure e pedicure<\/strong><\/p>\n<ul>\n<li>para limpar a zona de cut\u00edcula<\/li>\n<\/ul>\n<p><strong>A\u00c7O INOXID\u00c1VEL<\/strong><\/p>","protected":false},"excerpt":{"rendered":"<p>Kit de 5 ponteiras Duotti &#8211; DD-197R-012 Ponteira (broca) Diamantada &#8211; FINA SEGURA &#8211; VERMELHO &#8211; DD-197R-012 Di\u00e2metro &#8211; 1,2 mm Tamanho &#8211; 6 mm Gr\u00e3o fino &#8211; vermelho Pode usar: manicure e pedicure para limpar a zona de cut\u00edcula A\u00c7O INOXID\u00c1VEL<\/p>","protected":false},"featured_media":5947,"comment_status":"open","ping_status":"closed","template":"","meta":[],"product_cat":[1728,1727,1913,1912],"product_tag":[1645,1929,1760,1762,1763,1914,1915,1652],"_links":{"self":[{"href":"https:\/\/duotti.eu\/en\/wp-json\/wp\/v2\/product\/5946"}],"collection":[{"href":"https:\/\/duotti.eu\/en\/wp-json\/wp\/v2\/product"}],"about":[{"href":"https:\/\/duotti.eu\/en\/wp-json\/wp\/v2\/types\/product"}],"replies":[{"embeddable":true,"href":"https:\/\/duotti.eu\/en\/wp-json\/wp\/v2\/comments?post=5946"}],"wp:featuredmedia":[{"embeddable":true,"href":"https:\/\/duotti.eu\/en\/wp-json\/wp\/v2\/media\/5947"}],"wp:attachment":[{"href":"https:\/\/duotti.eu\/en\/wp-json\/wp\/v2\/media?parent=5946"}],"wp:term":[{"taxonomy":"product_cat","embeddable":true,"href":"https:\/\/duotti.eu\/en\/wp-json\/wp\/v2\/product_cat?post=5946"},{"taxonomy":"product_tag","embeddable":true,"href":"https:\/\/duotti.eu\/en\/wp-json\/wp\/v2\/product_tag?post=5946"}],"curies":[{"name":"wp","href":"https:\/\/api.w.org\/{rel}","templated":true}]}}