{"id":5940,"date":"2026-03-12T10:58:03","date_gmt":"2026-03-12T10:58:03","guid":{"rendered":"https:\/\/duotti.eu\/?post_type=product&#038;p=5940"},"modified":"2026-03-12T10:59:38","modified_gmt":"2026-03-12T10:59:38","slug":"kit-de-5-ponteiras-duotti-dd-110b-025","status":"publish","type":"product","link":"https:\/\/duotti.eu\/en\/product\/kit-de-5-ponteiras-duotti-dd-110b-025\/","title":{"rendered":"Kit de 5 ponteiras Duotti &#8211; DD-110B-025"},"content":{"rendered":"<h2><strong>Kit de 5 ponteiras Duotti &#8211; DD-110B-025<\/strong><\/h2>\n<p><strong>Ponteira (broca) Diamantada &#8211; CIL\u00cdNDRICA &#8211; AZUL &#8211; DD-110B-025<\/strong><\/p>\n<ul>\n<li>Di\u00e2metro &#8211; 2,5 mm<\/li>\n<li>Tamanho &#8211; 6 mm<\/li>\n<li>Abrasive grain medium - blue<\/li>\n<\/ul>\n<p><strong>Use:<\/strong><\/p>\n<p><strong>manicure<\/strong><\/p>\n<ul>\n<li>cleaning of lateral folds<\/li>\n<li>prepara\u00e7\u00e3o da unha<\/li>\n<\/ul>\n<p><strong>pedicure<\/strong><\/p>\n<ul>\n<li>treatment of cracks, calluses<\/li>\n<li>treatment of keratinized areas of the feet fingers<\/li>\n<\/ul>\n<p><strong>A\u00c7O INOXID\u00c1VEL<\/strong><\/p>","protected":false},"excerpt":{"rendered":"<p>Kit de 5 ponteiras Duotti &#8211; DD-110B-025 Ponteira (broca) Diamantada &#8211; CIL\u00cdNDRICA &#8211; AZUL &#8211; DD-110B-025 Di\u00e2metro &#8211; 2,5 mm Tamanho &#8211; 6 mm Gr\u00e3o m\u00e9dio &#8211; azul Pode usar: manicure limpeza das bordes laterais prepara\u00e7\u00e3o da unha pedicure tratamento de fissuras, calosidades tratamento de \u00e1reas queratinizadas dos dedos dos p\u00e9s A\u00c7O INOXID\u00c1VEL<\/p>","protected":false},"featured_media":5941,"comment_status":"open","ping_status":"closed","template":"","meta":[],"product_cat":[1728,1727,1913,1912],"product_tag":[1645,1929,1760,1762,1763,1914,1915,1652],"_links":{"self":[{"href":"https:\/\/duotti.eu\/en\/wp-json\/wp\/v2\/product\/5940"}],"collection":[{"href":"https:\/\/duotti.eu\/en\/wp-json\/wp\/v2\/product"}],"about":[{"href":"https:\/\/duotti.eu\/en\/wp-json\/wp\/v2\/types\/product"}],"replies":[{"embeddable":true,"href":"https:\/\/duotti.eu\/en\/wp-json\/wp\/v2\/comments?post=5940"}],"wp:featuredmedia":[{"embeddable":true,"href":"https:\/\/duotti.eu\/en\/wp-json\/wp\/v2\/media\/5941"}],"wp:attachment":[{"href":"https:\/\/duotti.eu\/en\/wp-json\/wp\/v2\/media?parent=5940"}],"wp:term":[{"taxonomy":"product_cat","embeddable":true,"href":"https:\/\/duotti.eu\/en\/wp-json\/wp\/v2\/product_cat?post=5940"},{"taxonomy":"product_tag","embeddable":true,"href":"https:\/\/duotti.eu\/en\/wp-json\/wp\/v2\/product_tag?post=5940"}],"curies":[{"name":"wp","href":"https:\/\/api.w.org\/{rel}","templated":true}]}}