{"id":5928,"date":"2026-03-12T10:43:46","date_gmt":"2026-03-12T10:43:46","guid":{"rendered":"https:\/\/duotti.eu\/?post_type=product&#038;p=5928"},"modified":"2026-03-12T10:45:48","modified_gmt":"2026-03-12T10:45:48","slug":"kit-de-ponteiras-duotti-dd-243b-023xl","status":"publish","type":"product","link":"https:\/\/duotti.eu\/en\/product\/kit-de-ponteiras-duotti-dd-243b-023xl\/","title":{"rendered":"Kit de ponteiras Duotti &#8211; DD-243B-023XL"},"content":{"rendered":"<h2><strong>Kit de ponteiras Duotti &#8211; DD-243B-023XL<\/strong><\/h2>\n<p><strong>Ponteira (broca) Diamantada &#8211; FLAMA\/CHAMA (ponta aguda) &#8211; AZUL &#8211; DD-243B-023XL<\/strong><\/p>\n<ul>\n<li>Diameter \u2013 2,3 mm<\/li>\n<li>Tamanho &#8211; 8 mm<\/li>\n<li>Abrasive grain medium - blue<\/li>\n<\/ul>\n<p><strong>Use:<\/strong><\/p>\n<p><strong>manicure<\/strong><\/p>\n<ul>\n<li>levantar e remover a cut\u00edcula<\/li>\n<li>cleaning of lateral folds<\/li>\n<\/ul>\n<p><strong>pedicure<\/strong><\/p>\n<ul>\n<li>treatment of cracks, calluses<\/li>\n<li>treatment of keratinized areas of the feet fingers<\/li>\n<\/ul>\n<p><strong>A\u00c7O INOXID\u00c1VEL<\/strong><\/p>","protected":false},"excerpt":{"rendered":"<p>Kit de ponteiras Duotti &#8211; DD-243B-023XL Ponteira (broca) Diamantada &#8211; FLAMA\/CHAMA (ponta aguda) &#8211; AZUL &#8211; DD-243B-023XL Di\u00e2metro &#8211; 2,3 mm Tamanho &#8211; 8 mm Gr\u00e3o m\u00e9dio &#8211; azul Pode usar: manicure levantar e remover a cut\u00edcula limpeza das bordes laterais pedicure tratamento de fissuras, calosidades tratamento de \u00e1reas queratinizadas dos dedos dos p\u00e9s A\u00c7O [&#8230;]","protected":false},"featured_media":5929,"comment_status":"open","ping_status":"closed","template":"","meta":[],"product_cat":[1728,1727,1913],"product_tag":[1659,1645,1665,1929,1760,1762,1763,1914,1915,1500,1652],"_links":{"self":[{"href":"https:\/\/duotti.eu\/en\/wp-json\/wp\/v2\/product\/5928"}],"collection":[{"href":"https:\/\/duotti.eu\/en\/wp-json\/wp\/v2\/product"}],"about":[{"href":"https:\/\/duotti.eu\/en\/wp-json\/wp\/v2\/types\/product"}],"replies":[{"embeddable":true,"href":"https:\/\/duotti.eu\/en\/wp-json\/wp\/v2\/comments?post=5928"}],"wp:featuredmedia":[{"embeddable":true,"href":"https:\/\/duotti.eu\/en\/wp-json\/wp\/v2\/media\/5929"}],"wp:attachment":[{"href":"https:\/\/duotti.eu\/en\/wp-json\/wp\/v2\/media?parent=5928"}],"wp:term":[{"taxonomy":"product_cat","embeddable":true,"href":"https:\/\/duotti.eu\/en\/wp-json\/wp\/v2\/product_cat?post=5928"},{"taxonomy":"product_tag","embeddable":true,"href":"https:\/\/duotti.eu\/en\/wp-json\/wp\/v2\/product_tag?post=5928"}],"curies":[{"name":"wp","href":"https:\/\/api.w.org\/{rel}","templated":true}]}}