{"id":5922,"date":"2026-03-12T10:27:03","date_gmt":"2026-03-12T10:27:03","guid":{"rendered":"https:\/\/duotti.eu\/?post_type=product&#038;p=5922"},"modified":"2026-03-12T10:28:52","modified_gmt":"2026-03-12T10:28:52","slug":"kit-de-5-ponteiras-duotti-dd-141r-023","status":"publish","type":"product","link":"https:\/\/duotti.eu\/en\/product\/kit-de-5-ponteiras-duotti-dd-141r-023\/","title":{"rendered":"Kit de 5 ponteiras Duotti &#8211; DD-141R-023"},"content":{"rendered":"<h2><strong>Kit de 5 ponteiras Duotti &#8211; DD-141R-023<\/strong><\/h2>\n<p><strong>Ponteira (broca) Diamantada &#8211; CILINDRO ARREDONDADO &#8211; VERMELHO &#8211; DD-141R-023<\/strong><\/p>\n<ul>\n<li>Diameter \u2013 2,3 mm<\/li>\n<li>Tamanho &#8211; 8 mm<\/li>\n<li>Gr\u00e3o fino &#8211; vermelho<\/li>\n<\/ul>\n<p><strong>Use:<\/strong><\/p>\n<p><strong>manicure<\/strong><\/p>\n<ul>\n<li>levantar e remover a cut\u00edcula<\/li>\n<li>cleaning of lateral folds<\/li>\n<\/ul>\n<p><strong>pedicure<\/strong><\/p>\n<ul>\n<li>treatment of cracks, calluses<\/li>\n<li>treatment of keratinized areas of the feet fingers<\/li>\n<\/ul>\n<p><strong>A\u00c7O INOXID\u00c1VEL<\/strong><\/p>","protected":false},"excerpt":{"rendered":"<p>Kit de 5 ponteiras Duotti &#8211; DD-141R-023 Ponteira (broca) Diamantada &#8211; CILINDRO ARREDONDADO &#8211; VERMELHO &#8211; DD-141R-023 Di\u00e2metro &#8211; 2,3 mm Tamanho &#8211; 8 mm Gr\u00e3o fino &#8211; vermelho Pode usar: manicure levantar e remover a cut\u00edcula limpeza das bordes laterais pedicure tratamento de fissuras, calosidades tratamento de \u00e1reas queratinizadas dos dedos dos p\u00e9s A\u00c7O [&#8230;]","protected":false},"featured_media":5923,"comment_status":"open","ping_status":"closed","template":"","meta":[],"product_cat":[1728,1727,1913],"product_tag":[1645,1929,1760,1762,1763,1914,1915,1500,1652],"_links":{"self":[{"href":"https:\/\/duotti.eu\/en\/wp-json\/wp\/v2\/product\/5922"}],"collection":[{"href":"https:\/\/duotti.eu\/en\/wp-json\/wp\/v2\/product"}],"about":[{"href":"https:\/\/duotti.eu\/en\/wp-json\/wp\/v2\/types\/product"}],"replies":[{"embeddable":true,"href":"https:\/\/duotti.eu\/en\/wp-json\/wp\/v2\/comments?post=5922"}],"wp:featuredmedia":[{"embeddable":true,"href":"https:\/\/duotti.eu\/en\/wp-json\/wp\/v2\/media\/5923"}],"wp:attachment":[{"href":"https:\/\/duotti.eu\/en\/wp-json\/wp\/v2\/media?parent=5922"}],"wp:term":[{"taxonomy":"product_cat","embeddable":true,"href":"https:\/\/duotti.eu\/en\/wp-json\/wp\/v2\/product_cat?post=5922"},{"taxonomy":"product_tag","embeddable":true,"href":"https:\/\/duotti.eu\/en\/wp-json\/wp\/v2\/product_tag?post=5922"}],"curies":[{"name":"wp","href":"https:\/\/api.w.org\/{rel}","templated":true}]}}