{"id":5914,"date":"2026-03-11T11:58:34","date_gmt":"2026-03-11T11:58:34","guid":{"rendered":"https:\/\/duotti.eu\/?post_type=product&#038;p=5914"},"modified":"2026-03-11T12:01:01","modified_gmt":"2026-03-11T12:01:01","slug":"kit-de-5-ponteiras-duotti-dd-173r-025","status":"publish","type":"product","link":"https:\/\/duotti.eu\/en\/product\/kit-de-5-ponteiras-duotti-dd-173r-025\/","title":{"rendered":"Kit de 5 ponteiras Duotti &#8211; DD-173R-025"},"content":{"rendered":"<h2><strong>Kit de 5 ponteiras Duotti &#8211; DD-173R-025<\/strong><\/h2>\n<p><strong>Ponteira (broca) Diamantada &#8211; C\u00d3NICA CORTADA &#8211; VERMELHA &#8211; DD-173R-025<\/strong><\/p>\n<ul>\n<li>Di\u00e2metro &#8211; 2,5 mm<\/li>\n<li>Gr\u00e3o fino &#8211; vermelho<\/li>\n<\/ul>\n<p><strong>Use:<\/strong><\/p>\n<p><strong>manicure<\/strong><\/p>\n<ul>\n<li>cleaning of lateral folds<\/li>\n<li>prepara\u00e7\u00e3o de placa ungeal<\/li>\n<\/ul>\n<p><strong>pedicure<\/strong><\/p>\n<ul>\n<li>treatment of cracks, calluses<\/li>\n<li>tratamento de \u00e1reas queratinizadas da pele dos p\u00e9s<\/li>\n<li>tratamento de calos e pele entre os dedos dos p\u00e9s<\/li>\n<\/ul>\n<p><strong>A\u00c7O INOXID\u00c1VEL<\/strong><\/p>","protected":false},"excerpt":{"rendered":"<p>Kit de 5 ponteiras Duotti &#8211; DD-173R-025 Ponteira (broca) Diamantada &#8211; C\u00d3NICA CORTADA &#8211; VERMELHA &#8211; DD-173R-025 Di\u00e2metro &#8211; 2,5 mm Gr\u00e3o fino &#8211; vermelho Pode usar: manicure limpeza das bordes laterais prepara\u00e7\u00e3o de placa ungeal pedicure tratamento de fissuras, calosidades tratamento de \u00e1reas queratinizadas da pele dos p\u00e9s tratamento de calos e pele entre [&#8230;]","protected":false},"featured_media":5917,"comment_status":"open","ping_status":"closed","template":"","meta":[],"product_cat":[1728,1727,1913],"product_tag":[1645,1929,1760,1761,1762,1763,1914,1915,1500,1662,1651,1652],"_links":{"self":[{"href":"https:\/\/duotti.eu\/en\/wp-json\/wp\/v2\/product\/5914"}],"collection":[{"href":"https:\/\/duotti.eu\/en\/wp-json\/wp\/v2\/product"}],"about":[{"href":"https:\/\/duotti.eu\/en\/wp-json\/wp\/v2\/types\/product"}],"replies":[{"embeddable":true,"href":"https:\/\/duotti.eu\/en\/wp-json\/wp\/v2\/comments?post=5914"}],"wp:featuredmedia":[{"embeddable":true,"href":"https:\/\/duotti.eu\/en\/wp-json\/wp\/v2\/media\/5917"}],"wp:attachment":[{"href":"https:\/\/duotti.eu\/en\/wp-json\/wp\/v2\/media?parent=5914"}],"wp:term":[{"taxonomy":"product_cat","embeddable":true,"href":"https:\/\/duotti.eu\/en\/wp-json\/wp\/v2\/product_cat?post=5914"},{"taxonomy":"product_tag","embeddable":true,"href":"https:\/\/duotti.eu\/en\/wp-json\/wp\/v2\/product_tag?post=5914"}],"curies":[{"name":"wp","href":"https:\/\/api.w.org\/{rel}","templated":true}]}}