{"id":5846,"date":"2026-03-10T17:03:39","date_gmt":"2026-03-10T17:03:39","guid":{"rendered":"https:\/\/duotti.eu\/?post_type=product&#038;p=5846"},"modified":"2026-04-21T08:17:02","modified_gmt":"2026-04-21T07:17:02","slug":"kit-de-5-tesouras-duotti-ultra-01s","status":"publish","type":"product","link":"https:\/\/duotti.eu\/en\/product\/kit-de-5-tesouras-duotti-ultra-01s\/","title":{"rendered":"Kit de 5 Tesouras Duotti &#8211; ULTRA-01s"},"content":{"rendered":"<h3><strong>Professional cuticle Scissors <\/strong><strong>&#8211; ULTRA-01s &#8211; Duotti<\/strong><\/h3>\n<p style=\"font-weight: 400;\"><strong>Blade:<\/strong> Curva super fina, 17 mm;<\/p>\n<p style=\"font-weight: 400;\"><strong>Handles:<\/strong> Straight and anatomical, ideal for small to medium-sized hands<\/p>\n<p style=\"font-weight: 400;\"><strong>Tool size:<\/strong> 90 mm<\/p>\n<p>&nbsp;<\/p>\n<h3 style=\"font-weight: 400;\"><strong>Exclusive Sharpening<\/strong><\/h3>\n<ul>\n<li style=\"font-weight: 400;\">Sharpened manually at the factory, with thin and narrow blades for precision cutting<\/li>\n<\/ul>\n<h3 style=\"font-weight: 400;\"><strong>High Quality Material<\/strong><\/h3>\n<ul>\n<li style=\"font-weight: 400;\">Raw material: Surgical Stainless Steel SUS-420J2<\/li>\n<li style=\"font-weight: 400;\">Metal hardness ranges from 50 to 55 HRC<\/li>\n<li style=\"font-weight: 400;\">Extra mirror polished finish<\/li>\n<\/ul>\n<h3 style=\"font-weight: 400;\"><strong>\u00a0\u00a0Unrivaled Comfort<\/strong><\/h3>\n<ul>\n<li style=\"font-weight: 400;\">Polishing of the rivet and small opening, provides comfort in continuous use of the tool and greater product durability<\/li>\n<li style=\"font-weight: 400;\">Anatomic shape<\/li>\n<\/ul>\n<h3 style=\"font-weight: 400;\"><strong>\u00a0Advantages<\/strong><\/h3>\n<ul>\n<li style=\"font-weight: 400;\">Blade curvature is to facilitate the cuticle cut<\/li>\n<li style=\"font-weight: 400;\">Rear of the blade is extremely polished, to avoid damage to the nail plate<\/li>\n<li style=\"font-weight: 400;\">High corrosion resistance<\/li>\n<\/ul>","protected":false},"excerpt":{"rendered":"<p>Tesoura profissional de cut\u00edcula &#8211; ULTRA-01s &#8211; Duotti L\u00e2mina: Curva super fina, 17 mm; Cabo: Reto e anat\u00f4mico, indicado para m\u00e3os pequenas a m\u00e9dias; Tamanho da ferramenta: 90 mm &nbsp; Afia\u00e7\u00e3o Exclusiva Afiado manualmente de f\u00e1brica, com l\u00e2minas finas e estreitas, para o corte perfeito Material de Alta Qualidade Mat\u00e9ria prima A\u00e7o Inox Cir\u00fargico SUS-420J2; [&#8230;]","protected":false},"featured_media":5853,"comment_status":"open","ping_status":"closed","template":"","meta":[],"product_cat":[1835,1910,1787,1832],"product_tag":[1836,1837,1838,1844,1848,1839,1789,1845,1840,1566,1846,1847],"_links":{"self":[{"href":"https:\/\/duotti.eu\/en\/wp-json\/wp\/v2\/product\/5846"}],"collection":[{"href":"https:\/\/duotti.eu\/en\/wp-json\/wp\/v2\/product"}],"about":[{"href":"https:\/\/duotti.eu\/en\/wp-json\/wp\/v2\/types\/product"}],"replies":[{"embeddable":true,"href":"https:\/\/duotti.eu\/en\/wp-json\/wp\/v2\/comments?post=5846"}],"wp:featuredmedia":[{"embeddable":true,"href":"https:\/\/duotti.eu\/en\/wp-json\/wp\/v2\/media\/5853"}],"wp:attachment":[{"href":"https:\/\/duotti.eu\/en\/wp-json\/wp\/v2\/media?parent=5846"}],"wp:term":[{"taxonomy":"product_cat","embeddable":true,"href":"https:\/\/duotti.eu\/en\/wp-json\/wp\/v2\/product_cat?post=5846"},{"taxonomy":"product_tag","embeddable":true,"href":"https:\/\/duotti.eu\/en\/wp-json\/wp\/v2\/product_tag?post=5846"}],"curies":[{"name":"wp","href":"https:\/\/api.w.org\/{rel}","templated":true}]}}