{"id":5798,"date":"2026-01-21T13:47:57","date_gmt":"2026-01-21T13:47:57","guid":{"rendered":"https:\/\/duotti.eu\/?post_type=product&#038;p=5798"},"modified":"2026-02-25T12:53:50","modified_gmt":"2026-02-25T12:53:50","slug":"ponteira-broca-de-tungstenio-duotti-conica-verde-2","status":"publish","type":"product","link":"https:\/\/duotti.eu\/en\/product\/ponteira-broca-de-tungstenio-duotti-conica-verde-2\/","title":{"rendered":"Ponteira (broca) de Tungst\u00eanio DUOTTI &#8211; C\u00d3NICA &#8211; Verde"},"content":{"rendered":"<p><strong>Ponteira (broca) de carbono Duotti &#8211; C\u00d3NICA &#8211; Verde &#8211; DT-194G-023<\/strong><\/p>\n<ul>\n<li>Di\u00e2metro -2,3 mm<\/li>\n<li>Tamanho &#8211; 14 mm<\/li>\n<li>Gr\u00e3o duro &#8211; verde<\/li>\n<\/ul>\n<p><strong style=\"font-size: 14.4px;\">Para <strong>remo\u00e7\u00e3o<\/strong> dos produtos e limpeza de dentro da unha<\/strong><\/p>\n<p>Indicado para Gel, Acr\u00edlico e Acrigel.<\/p>\n<p><strong style=\"font-size: 14.4px;\">A\u00c7O INOXID\u00c1VEL<\/strong><\/p>","protected":false},"excerpt":{"rendered":"<p>Ponteira (broca) de carbono Duotti &#8211; C\u00d3NICA &#8211; Verde &#8211; DT-194G-023 Di\u00e2metro -2,3 mm Tamanho &#8211; 14 mm Gr\u00e3o duro &#8211; verde Para remo\u00e7\u00e3o dos produtos e limpeza de dentro da unha Indicado para Gel, Acr\u00edlico e Acrigel. A\u00c7O INOXID\u00c1VEL<\/p>","protected":false},"featured_media":5825,"comment_status":"closed","ping_status":"closed","template":"","meta":[],"product_cat":[1727,1730],"product_tag":[1721,1722,1417,1719,1692,1652,1653],"_links":{"self":[{"href":"https:\/\/duotti.eu\/en\/wp-json\/wp\/v2\/product\/5798"}],"collection":[{"href":"https:\/\/duotti.eu\/en\/wp-json\/wp\/v2\/product"}],"about":[{"href":"https:\/\/duotti.eu\/en\/wp-json\/wp\/v2\/types\/product"}],"replies":[{"embeddable":true,"href":"https:\/\/duotti.eu\/en\/wp-json\/wp\/v2\/comments?post=5798"}],"wp:featuredmedia":[{"embeddable":true,"href":"https:\/\/duotti.eu\/en\/wp-json\/wp\/v2\/media\/5825"}],"wp:attachment":[{"href":"https:\/\/duotti.eu\/en\/wp-json\/wp\/v2\/media?parent=5798"}],"wp:term":[{"taxonomy":"product_cat","embeddable":true,"href":"https:\/\/duotti.eu\/en\/wp-json\/wp\/v2\/product_cat?post=5798"},{"taxonomy":"product_tag","embeddable":true,"href":"https:\/\/duotti.eu\/en\/wp-json\/wp\/v2\/product_tag?post=5798"}],"curies":[{"name":"wp","href":"https:\/\/api.w.org\/{rel}","templated":true}]}}