{"id":5783,"date":"2025-12-03T13:01:29","date_gmt":"2025-12-03T13:01:29","guid":{"rendered":"https:\/\/duotti.eu\/?post_type=product&#038;p=5783"},"modified":"2026-02-16T15:04:11","modified_gmt":"2026-02-16T15:04:11","slug":"tesoura-profissional-para-cuticula-para-canhotos-duotti-pro-lh-2","status":"publish","type":"product","link":"https:\/\/duotti.eu\/en\/product\/tesoura-profissional-para-cuticula-para-canhotos-duotti-pro-lh-2\/","title":{"rendered":"Tesoura profissional para cut\u00edcula para canhotos Duotti &#8211; PRO LH+"},"content":{"rendered":"<h3><strong>Tesoura profissional de cut\u00edcula para canhotos <\/strong><strong>&#8211; PRO LH+ &#8211; Duotti<\/strong><\/h3>\n<p style=\"font-weight: 400;\"><strong>Blade:<\/strong> Curvada, super fina, 22 mm;<\/p>\n<p style=\"font-weight: 400;\"><strong>Handles:<\/strong> Reto e anat\u00f3mico, indicado para m\u00e3os m\u00e9dias a grandes;<\/p>\n<p style=\"font-weight: 400;\"><strong>Tool size:<\/strong> 99 mm<\/p>\n<p>&nbsp;<\/p>\n<h3 style=\"font-weight: 400;\"><strong>Exclusive Sharpening<\/strong><\/h3>\n<ul>\n<li style=\"font-weight: 400;\">Sharpened manually at the factory, with thin and narrow blades for precision cutting<\/li>\n<\/ul>\n<h3 style=\"font-weight: 400;\"><strong>High Quality Material<\/strong><\/h3>\n<ul>\n<li style=\"font-weight: 400;\">Raw material: Surgical Stainless Steel SUS-420J2<\/li>\n<li style=\"font-weight: 400;\">Metal hardness ranges from 50 to 55 HRC<\/li>\n<li style=\"font-weight: 400;\">Satin finish<\/li>\n<\/ul>\n<h3 style=\"font-weight: 400;\"><strong>\u00a0\u00a0Unrivaled Comfort<\/strong><\/h3>\n<ul>\n<li style=\"font-weight: 400;\">Polishing of the rivet and small opening, provides comfort in continuous use of the tool and greater product durability<\/li>\n<li style=\"font-weight: 400;\">Anatomic shape<\/li>\n<\/ul>\n<h3 style=\"font-weight: 400;\"><strong>\u00a0Advantages<\/strong><\/h3>\n<ul>\n<li>Indicada especialmente para canhotos<\/li>\n<li style=\"font-weight: 400;\">Curvatura da l\u00e2mina para facilitar a remo\u00e7\u00e3o da cut\u00edcula;<\/li>\n<li style=\"font-weight: 400;\">Rear of the blade is extremely polished, to avoid damage to the nail plate<\/li>\n<li style=\"font-weight: 400;\">High corrosion resistance<\/li>\n<\/ul>\n<p>&nbsp;<\/p>","protected":false},"excerpt":{"rendered":"<p>Tesoura profissional de cut\u00edcula para canhotos &#8211; PRO LH+ &#8211; Duotti L\u00e2mina: Curvada, super fina, 22 mm; Cabo: Reto e anat\u00f3mico, indicado para m\u00e3os m\u00e9dias a grandes; Tamanho da ferramenta: 99 mm &nbsp; Afia\u00e7\u00e3o Exclusiva Afiado manualmente de f\u00e1brica, com l\u00e2minas finas e estreitas, para o corte perfeito Material de Alta Qualidade Mat\u00e9ria prima A\u00e7o [&#8230;]","protected":false},"featured_media":5816,"comment_status":"open","ping_status":"closed","template":"","meta":[],"product_cat":[1787,1860,1833],"product_tag":[1836,1837,1907,1908,1838,1849,1848,1839,1789,1850,1840,1906,1566,1852,1846,1847],"_links":{"self":[{"href":"https:\/\/duotti.eu\/en\/wp-json\/wp\/v2\/product\/5783"}],"collection":[{"href":"https:\/\/duotti.eu\/en\/wp-json\/wp\/v2\/product"}],"about":[{"href":"https:\/\/duotti.eu\/en\/wp-json\/wp\/v2\/types\/product"}],"replies":[{"embeddable":true,"href":"https:\/\/duotti.eu\/en\/wp-json\/wp\/v2\/comments?post=5783"}],"wp:featuredmedia":[{"embeddable":true,"href":"https:\/\/duotti.eu\/en\/wp-json\/wp\/v2\/media\/5816"}],"wp:attachment":[{"href":"https:\/\/duotti.eu\/en\/wp-json\/wp\/v2\/media?parent=5783"}],"wp:term":[{"taxonomy":"product_cat","embeddable":true,"href":"https:\/\/duotti.eu\/en\/wp-json\/wp\/v2\/product_cat?post=5783"},{"taxonomy":"product_tag","embeddable":true,"href":"https:\/\/duotti.eu\/en\/wp-json\/wp\/v2\/product_tag?post=5783"}],"curies":[{"name":"wp","href":"https:\/\/api.w.org\/{rel}","templated":true}]}}