{"id":5779,"date":"2025-11-20T15:47:14","date_gmt":"2025-11-20T15:47:14","guid":{"rendered":"https:\/\/duotti.eu\/?post_type=product&#038;p=5779"},"modified":"2026-01-28T12:52:34","modified_gmt":"2026-01-28T12:52:34","slug":"kit-de-5-tesouras-com-gancho-duotti-ultra-03","status":"publish","type":"product","link":"https:\/\/duotti.eu\/en\/product\/kit-de-5-tesouras-com-gancho-duotti-ultra-03\/","title":{"rendered":"Kit de 5 Tesouras com gancho Duotti &#8211; ULTRA-03"},"content":{"rendered":"<h3><strong>Kit de 5 Tesouras profissionais de cut\u00edcula com gancho <\/strong><strong>&#8211; ULTRA-03 &#8211; Duotti<\/strong><\/h3>\n<p><strong>Blade:<\/strong> Straight with hook, thin, 22,5mm<\/p>\n<p><strong>Handles:<\/strong> Straight and anatomical, ideal for small to medium-sized hands<\/p>\n<p><strong>Tool size:<\/strong> 95 mm<\/p>\n<p>&nbsp;<\/p>\n<h3><strong>Exclusive Sharpening<\/strong><\/h3>\n<ul>\n<li>Sharpened manually at the factory, with thin and narrow blades for precision cutting<\/li>\n<\/ul>\n<h3><strong>High Quality Material<\/strong><\/h3>\n<ul>\n<li>Raw material: Surgical Stainless Steel SUS-420J2<\/li>\n<li>Metal hardness ranges from 50 to 55 HRC<\/li>\n<li>Extra mirror polished finish<\/li>\n<\/ul>\n<h3><strong>\u00a0\u00a0Unrivaled Comfort<\/strong><\/h3>\n<ul>\n<li>Polishing of the rivet and small opening, provides comfort in continuous use of the tool and greater product durability<\/li>\n<li>Anatomic shape<\/li>\n<\/ul>\n<h3><strong>\u00a0Advantages<\/strong><\/h3>\n<ul>\n<li>Blade curvature is with hook, to facilitate the cuticle cut in sinus zone<\/li>\n<li>Rear of the blade is extremely polished, to avoid damage to the nail plate<\/li>\n<li>High corrosion resistance<\/li>\n<\/ul>\n<p>&nbsp;<\/p>","protected":false},"excerpt":{"rendered":"<p>Kit de 5 Tesouras profissionais de cut\u00edcula com gancho &#8211; ULTRA-03 &#8211; Duotti L\u00e2mina: Reta com gancho, super fina, 22,5 mm; Cabo: Reto e anat\u00f4mico, indicado para m\u00e3os pequenas a m\u00e9dias; Tamanho da ferramenta: 95 mm &nbsp; Afia\u00e7\u00e3o Exclusiva Afiado manualmente de f\u00e1brica, com l\u00e2minas finas e estreitas, para o corte perfeito Material de Alta [&#8230;]","protected":false},"featured_media":5780,"comment_status":"open","ping_status":"closed","template":"","meta":[],"product_cat":[1787,1832],"product_tag":[1836,1837,1838,1844,1848,1839,1789,1845,1840,1566,1846,1847],"_links":{"self":[{"href":"https:\/\/duotti.eu\/en\/wp-json\/wp\/v2\/product\/5779"}],"collection":[{"href":"https:\/\/duotti.eu\/en\/wp-json\/wp\/v2\/product"}],"about":[{"href":"https:\/\/duotti.eu\/en\/wp-json\/wp\/v2\/types\/product"}],"replies":[{"embeddable":true,"href":"https:\/\/duotti.eu\/en\/wp-json\/wp\/v2\/comments?post=5779"}],"wp:featuredmedia":[{"embeddable":true,"href":"https:\/\/duotti.eu\/en\/wp-json\/wp\/v2\/media\/5780"}],"wp:attachment":[{"href":"https:\/\/duotti.eu\/en\/wp-json\/wp\/v2\/media?parent=5779"}],"wp:term":[{"taxonomy":"product_cat","embeddable":true,"href":"https:\/\/duotti.eu\/en\/wp-json\/wp\/v2\/product_cat?post=5779"},{"taxonomy":"product_tag","embeddable":true,"href":"https:\/\/duotti.eu\/en\/wp-json\/wp\/v2\/product_tag?post=5779"}],"curies":[{"name":"wp","href":"https:\/\/api.w.org\/{rel}","templated":true}]}}