{"id":5773,"date":"2025-11-13T17:07:42","date_gmt":"2025-11-13T17:07:42","guid":{"rendered":"https:\/\/duotti.eu\/?post_type=product&#038;p=5773"},"modified":"2026-04-28T14:05:37","modified_gmt":"2026-04-28T13:05:37","slug":"ponteira-diamantada-duotti-flama-duo-ponta-aguda-21-mm","status":"publish","type":"product","link":"https:\/\/duotti.eu\/en\/product\/ponteira-diamantada-duotti-flama-duo-ponta-aguda-21-mm\/","title":{"rendered":"Ponteira Diamantada Duotti &#8211; FLAMA DUO (ponta aguda) 2,1 mm"},"content":{"rendered":"<p><strong>Ponteira (broca) Diamantada &#8211; FLAMA\/CHAMA (ponta aguda) &#8211; VERMELHA &#8211; AZUL &#8211; DD-243RB-021<\/strong><\/p>\n<ul>\n<li>Di\u00e2metro &#8211; 2,1 mm<\/li>\n<li>Tamanho &#8211; 8 mm<\/li>\n<li>Gr\u00e3o fino-m\u00e9dio &#8211; vermelho &#8211; azul<\/li>\n<\/ul>\n<p>O gr\u00e3o desta ponteira \u00e9 ligeiramente mais forte que o gr\u00e3o fino das ponteiras vermelhas, ficando esta entre ponteiras vermelhas e azuis.<\/p>\n<p><strong>Use:<\/strong><\/p>\n<p><strong>manicure<\/strong><\/p>\n<ul>\n<li>levantar e remover a cut\u00edcula<\/li>\n<li>cleaning of lateral folds<\/li>\n<\/ul>\n<p><strong>pedicure<\/strong><\/p>\n<ul>\n<li>treatment of cracks, calluses<\/li>\n<li>treatment of keratinized areas of the feet fingers<\/li>\n<\/ul>\n<p><strong>A\u00c7O INOXID\u00c1VEL<\/strong><\/p>","protected":false},"excerpt":{"rendered":"<p>Ponteira (broca) Diamantada &#8211; FLAMA\/CHAMA (ponta aguda) &#8211; VERMELHA &#8211; AZUL &#8211; DD-243RB-021 Di\u00e2metro &#8211; 2,1 mm Tamanho &#8211; 8 mm Gr\u00e3o fino-m\u00e9dio &#8211; vermelho &#8211; azul O gr\u00e3o desta ponteira \u00e9 ligeiramente mais forte que o gr\u00e3o fino das ponteiras vermelhas, ficando esta entre ponteiras vermelhas e azuis. Pode usar: manicure levantar e remover [&#8230;]","protected":false},"featured_media":5778,"comment_status":"open","ping_status":"closed","template":"","meta":[],"product_cat":[1728,1727],"product_tag":[1659,1645,1665,1666,1646,1647,1667,1651,1652],"_links":{"self":[{"href":"https:\/\/duotti.eu\/en\/wp-json\/wp\/v2\/product\/5773"}],"collection":[{"href":"https:\/\/duotti.eu\/en\/wp-json\/wp\/v2\/product"}],"about":[{"href":"https:\/\/duotti.eu\/en\/wp-json\/wp\/v2\/types\/product"}],"replies":[{"embeddable":true,"href":"https:\/\/duotti.eu\/en\/wp-json\/wp\/v2\/comments?post=5773"}],"wp:featuredmedia":[{"embeddable":true,"href":"https:\/\/duotti.eu\/en\/wp-json\/wp\/v2\/media\/5778"}],"wp:attachment":[{"href":"https:\/\/duotti.eu\/en\/wp-json\/wp\/v2\/media?parent=5773"}],"wp:term":[{"taxonomy":"product_cat","embeddable":true,"href":"https:\/\/duotti.eu\/en\/wp-json\/wp\/v2\/product_cat?post=5773"},{"taxonomy":"product_tag","embeddable":true,"href":"https:\/\/duotti.eu\/en\/wp-json\/wp\/v2\/product_tag?post=5773"}],"curies":[{"name":"wp","href":"https:\/\/api.w.org\/{rel}","templated":true}]}}