{"id":5756,"date":"2025-11-07T14:46:01","date_gmt":"2025-11-07T14:46:01","guid":{"rendered":"https:\/\/duotti.eu\/?post_type=product&#038;p=5756"},"modified":"2026-04-27T15:00:43","modified_gmt":"2026-04-27T14:00:43","slug":"ponteira-broca-diamantada-duotti-cilindro-25-mm-grao-fino-vermelho-copy","status":"publish","type":"product","link":"https:\/\/duotti.eu\/en\/product\/ponteira-broca-diamantada-duotti-cilindro-25-mm-grao-fino-vermelho-copy\/","title":{"rendered":"PONTEIRA (BROCA) DIAMANTADA Duotti &#8211; CIL\u00cdNDRO 2,5 mm &#8211; GR\u00c3O FINO VERMELHO"},"content":{"rendered":"<p><strong>Ponteira (broca) Diamantada &#8211; CIL\u00cdNDRO &#8211; VELMELHO &#8211; DD-110R-025<\/strong><\/p>\n<ul>\n<li>Di\u00e2metro &#8211; 2,5 mm<\/li>\n<li>Gr\u00e3o fino &#8211; vermelho<\/li>\n<\/ul>\n<p><strong>Use:<\/strong><\/p>\n<p><strong>manicure<\/strong><\/p>\n<ul>\n<li>cleaning of lateral folds<\/li>\n<li>prepara\u00e7\u00e3o da placa ungeal<\/li>\n<\/ul>\n<p><strong>pedicure<\/strong><\/p>\n<ul>\n<li>treatment of cracks, calluses<\/li>\n<li>tratamento de \u00e1reas queratinizadas da pele dos p\u00e9s<\/li>\n<li>tratamento de calos e pele entre os dedos dos p\u00e9s<\/li>\n<\/ul>\n<p><strong>A\u00c7O INOXID\u00c1VEL<\/strong><\/p>","protected":false},"excerpt":{"rendered":"<p>Ponteira (broca) Diamantada &#8211; CIL\u00cdNDRO &#8211; VELMELHO &#8211; DD-110R-025 Di\u00e2metro &#8211; 2,5 mm Gr\u00e3o fino &#8211; vermelho Pode usar: manicure limpeza das bordes laterais prepara\u00e7\u00e3o da placa ungeal pedicure tratamento de fissuras, calosidades tratamento de \u00e1reas queratinizadas da pele dos p\u00e9s tratamento de calos e pele entre os dedos dos p\u00e9s A\u00c7O INOXID\u00c1VEL<\/p>","protected":false},"featured_media":5757,"comment_status":"open","ping_status":"closed","template":"","meta":[],"product_cat":[1728,1727],"product_tag":[1905,1762,1662],"_links":{"self":[{"href":"https:\/\/duotti.eu\/en\/wp-json\/wp\/v2\/product\/5756"}],"collection":[{"href":"https:\/\/duotti.eu\/en\/wp-json\/wp\/v2\/product"}],"about":[{"href":"https:\/\/duotti.eu\/en\/wp-json\/wp\/v2\/types\/product"}],"replies":[{"embeddable":true,"href":"https:\/\/duotti.eu\/en\/wp-json\/wp\/v2\/comments?post=5756"}],"wp:featuredmedia":[{"embeddable":true,"href":"https:\/\/duotti.eu\/en\/wp-json\/wp\/v2\/media\/5757"}],"wp:attachment":[{"href":"https:\/\/duotti.eu\/en\/wp-json\/wp\/v2\/media?parent=5756"}],"wp:term":[{"taxonomy":"product_cat","embeddable":true,"href":"https:\/\/duotti.eu\/en\/wp-json\/wp\/v2\/product_cat?post=5756"},{"taxonomy":"product_tag","embeddable":true,"href":"https:\/\/duotti.eu\/en\/wp-json\/wp\/v2\/product_tag?post=5756"}],"curies":[{"name":"wp","href":"https:\/\/api.w.org\/{rel}","templated":true}]}}