{"id":5712,"date":"2025-10-08T15:17:57","date_gmt":"2025-10-08T14:17:57","guid":{"rendered":"https:\/\/duotti.eu\/?post_type=product&#038;p=5712"},"modified":"2026-05-06T11:35:14","modified_gmt":"2026-05-06T10:35:14","slug":"espatula-profissional-para-manicure-e-pedicure-deluxe-empurrador-plano-dp-deluxe-02","status":"publish","type":"product","link":"https:\/\/duotti.eu\/en\/product\/espatula-profissional-para-manicure-e-pedicure-deluxe-empurrador-plano-dp-deluxe-02\/","title":{"rendered":"Esp\u00e1tula profissional para manicure e pedicure DELUXE (empurrador plano)"},"content":{"rendered":"<h3><strong>Esp\u00e1tula Profissional para manicure e pedicure DP-DELUXE-02 DUOTTI<\/strong><\/h3>\n<p><strong>Shape:<\/strong> Empurrador plano em duas extremidades.<\/p>\n<p><strong>Tool size:<\/strong> 120mm<\/p>\n<p><strong>Indicated for:<\/strong> Manicure and pedicure<\/p>\n<p>&nbsp;<\/p>\n<p><strong>Unrivaled Quality<\/strong><\/p>\n<p>Fabricado em A\u00e7o Inox Cir\u00fargico SUS-420J2 e coberto por fina camada de ouro 24K<\/p>\n<p><strong>High corrosion resistance<\/strong><\/p>\n<p>Acabamento em fina camada de ouro leg\u00edtimo proporciona maior resist\u00eancia \u00e0 corros\u00e3o.<\/p>\n<p><strong>Comfort<\/strong><\/p>\n<p>Designed for perfect fit of the nail plate<\/p>\n<p>Blade inclination angle for perfect cleaning in the cuticle area<\/p>\n<p>Handle with great fixation in the hands of nail technician<\/p>\n<p><strong>Sharpening<\/strong><\/p>\n<p>Sharpened manually at the factory<\/p>\n<p>Empurrador levemente afiado.<\/p>","protected":false},"excerpt":{"rendered":"<p>Esp\u00e1tula Profissional para manicure e pedicure DP-DELUXE-02 DUOTTI Formatos: Empurrador plano em duas extremidades. Tamanho da ferramenta: 120mm Indicada para: Manicure e pedicure &nbsp; Qualidade Incompar\u00e1vel Fabricado em A\u00e7o Inox Cir\u00fargico SUS-420J2 e coberto por fina camada de ouro 24K Resist\u00eancia \u00e0 corros\u00e3o Acabamento em fina camada de ouro leg\u00edtimo proporciona maior resist\u00eancia \u00e0 corros\u00e3o. [&#8230;]","protected":false},"featured_media":5713,"comment_status":"open","ping_status":"closed","template":"","meta":[],"product_cat":[1904,1795],"product_tag":[1798,1900,1903,1760,1796,1714,1902,1901,1797],"_links":{"self":[{"href":"https:\/\/duotti.eu\/en\/wp-json\/wp\/v2\/product\/5712"}],"collection":[{"href":"https:\/\/duotti.eu\/en\/wp-json\/wp\/v2\/product"}],"about":[{"href":"https:\/\/duotti.eu\/en\/wp-json\/wp\/v2\/types\/product"}],"replies":[{"embeddable":true,"href":"https:\/\/duotti.eu\/en\/wp-json\/wp\/v2\/comments?post=5712"}],"wp:featuredmedia":[{"embeddable":true,"href":"https:\/\/duotti.eu\/en\/wp-json\/wp\/v2\/media\/5713"}],"wp:attachment":[{"href":"https:\/\/duotti.eu\/en\/wp-json\/wp\/v2\/media?parent=5712"}],"wp:term":[{"taxonomy":"product_cat","embeddable":true,"href":"https:\/\/duotti.eu\/en\/wp-json\/wp\/v2\/product_cat?post=5712"},{"taxonomy":"product_tag","embeddable":true,"href":"https:\/\/duotti.eu\/en\/wp-json\/wp\/v2\/product_tag?post=5712"}],"curies":[{"name":"wp","href":"https:\/\/api.w.org\/{rel}","templated":true}]}}