{"id":5702,"date":"2025-10-08T12:59:40","date_gmt":"2025-10-08T11:59:40","guid":{"rendered":"https:\/\/duotti.eu\/?post_type=product&#038;p=5702"},"modified":"2026-05-04T11:05:35","modified_gmt":"2026-05-04T10:05:35","slug":"espatula-profissional-para-manicure-e-pedicure-deluxe-empurrador-arredondado-e-limpador-dp-deluxe-01","status":"publish","type":"product","link":"https:\/\/duotti.eu\/en\/product\/espatula-profissional-para-manicure-e-pedicure-deluxe-empurrador-arredondado-e-limpador-dp-deluxe-01\/","title":{"rendered":"Esp\u00e1tula profissional para manicure e pedicure DELUXE-01 (empurrador arredondado e limpador)"},"content":{"rendered":"<h3><strong>Esp\u00e1tula Profissional para manicure e pedicure DP-DELUXE-01 DUOTTI<\/strong><\/h3>\n<p><strong>Shape:<\/strong> Rounded pusher and blade<\/p>\n<p><strong>Tool size:<\/strong> 120mm<\/p>\n<p><strong>Indicated for:<\/strong> Manicure and pedicure<\/p>\n<p>&nbsp;<\/p>\n<p><strong>Unrivaled Quality<\/strong><\/p>\n<p>Fabricado em A\u00e7o Inox Cir\u00fargico SUS-420J2 e coberto por fina camada de ouro 24K<\/p>\n<p><strong>High corrosion resistance<\/strong><\/p>\n<p>Acabamento em fina camada de ouro leg\u00edtimo de 24K proporciona maior resist\u00eancia \u00e0 corros\u00e3o.<\/p>\n<p><strong>Comfort<\/strong><\/p>\n<p>Designed for perfect fit of the nail plate<\/p>\n<p>Blade inclination angle for perfect cleaning in the cuticle area<\/p>\n<p>Handle with great fixation in the hands of nail technician<\/p>\n<p><strong>Sharpening<\/strong><\/p>\n<p>Sharpened manually at the factory<\/p>\n<p>The blade is slightly sharpened on both sides<\/p>","protected":false},"excerpt":{"rendered":"<p>Esp\u00e1tula Profissional para manicure e pedicure DP-DELUXE-01 DUOTTI Formatos: Empurrador arredondado e l\u00e2mina. Tamanho da ferramenta: 120mm Indicada para: Manicure e pedicure &nbsp; Qualidade Incompar\u00e1vel Fabricado em A\u00e7o Inox Cir\u00fargico SUS-420J2 e coberto por fina camada de ouro 24K Resist\u00eancia \u00e0 corros\u00e3o Acabamento em fina camada de ouro leg\u00edtimo de 24K proporciona maior resist\u00eancia \u00e0 [&#8230;]","protected":false},"featured_media":5703,"comment_status":"open","ping_status":"closed","template":"","meta":[],"product_cat":[1904,1795],"product_tag":[1798,1900,1760,1796,1714,1902,1901,1797],"_links":{"self":[{"href":"https:\/\/duotti.eu\/en\/wp-json\/wp\/v2\/product\/5702"}],"collection":[{"href":"https:\/\/duotti.eu\/en\/wp-json\/wp\/v2\/product"}],"about":[{"href":"https:\/\/duotti.eu\/en\/wp-json\/wp\/v2\/types\/product"}],"replies":[{"embeddable":true,"href":"https:\/\/duotti.eu\/en\/wp-json\/wp\/v2\/comments?post=5702"}],"wp:featuredmedia":[{"embeddable":true,"href":"https:\/\/duotti.eu\/en\/wp-json\/wp\/v2\/media\/5703"}],"wp:attachment":[{"href":"https:\/\/duotti.eu\/en\/wp-json\/wp\/v2\/media?parent=5702"}],"wp:term":[{"taxonomy":"product_cat","embeddable":true,"href":"https:\/\/duotti.eu\/en\/wp-json\/wp\/v2\/product_cat?post=5702"},{"taxonomy":"product_tag","embeddable":true,"href":"https:\/\/duotti.eu\/en\/wp-json\/wp\/v2\/product_tag?post=5702"}],"curies":[{"name":"wp","href":"https:\/\/api.w.org\/{rel}","templated":true}]}}