{"id":5682,"date":"2025-10-07T16:12:16","date_gmt":"2025-10-07T15:12:16","guid":{"rendered":"https:\/\/duotti.eu\/?post_type=product&#038;p=5682"},"modified":"2026-05-08T20:42:35","modified_gmt":"2026-05-08T19:42:35","slug":"alicate-profissional-para-cuticula-duotti-deluxe-01-3","status":"publish","type":"product","link":"https:\/\/duotti.eu\/en\/product\/alicate-profissional-para-cuticula-duotti-deluxe-01-3\/","title":{"rendered":"Alicate profissional para cut\u00edcula Duotti &#8211; DELUXE-01-3"},"content":{"rendered":"<h2><strong>Alicate Profissional para cut\u00edcula Deluxe-01-3 de DUOTTI<\/strong><\/h2>\n<p>O alicate luxuoso de s\u00e9rie <strong>Deluxe<\/strong> &#8211; com acabamento em ouro leg\u00edtimo de 24K, considerada a linha de produtos mais avan\u00e7ada e procurada, atende \u00e0s exig\u00eancias rigorosas e meticulosas\u00a0 dos profissionais.<\/p>\n<p class=\"p1\">Designed for manicure and pedicure using any technique: dry, with cuticle remover, or water soak.<\/p>\n<p><strong><span class=\"OYPEnA text-decoration-none text-strikethrough-none\">DELUXE-01-3<\/span><\/strong><span class=\"OYPEnA text-decoration-none text-strikethrough-none\"> foi criado especialmente para reduzir o stress f\u00edsico na m\u00e3o com <strong>through the use of a <\/strong><\/span><span class=\"OYPEnA text-decoration-none text-strikethrough-none\"><strong>unique blade inclination angle<\/strong>.<\/span><\/p>\n<p class=\"p1\">Alicate de a\u00e7o inoxid\u00e1vel de alta qualidade e acabamento em fina camada de ouro leg\u00edtimo, pode ser submetido \u00e0 desinfec\u00e7\u00e3o e esteriliza\u00e7\u00e3o em altas temperaturas em calor seco ou em autoclave.<\/p>\n<ul>\n<li><strong>Blade:<\/strong> Reta inclinada, 3 mm;<\/li>\n<li><strong>Spring:<\/strong> Dual spring<\/li>\n<li><strong>Handles:<\/strong> Curved and specialized anatomical design, suitable for medium to large hands<\/li>\n<li><strong>Tool size:<\/strong> 113 mm<\/li>\n<li><strong>Finishing:<\/strong> dourado acetinado (matte)<\/li>\n<li><strong>Nipper \"mouth\":<\/strong>Tapered and narrow, convenient for working in hard-to-reach places.<\/li>\n<\/ul>\n<p><strong>Exclusive Sharpening<\/strong><\/p>\n<p>\u2013 Within recommended usage, it lasts up to 10x longer than any other tool<\/p>\n<p>\u2013 Extra manual sharpening, allows a clean and perfect cut.<\/p>\n<p><strong>High Quality Material<\/strong><\/p>\n<p>\u2013 Surgical Stainless Steel SUS-420J2<\/p>\n<p>\u2013 Metal hardness 50-55 HRC<\/p>\n<p>&#8211; Acabamento acetinado (matte) dourado;<\/p>\n<p>\u2013  High corrosion resistance<\/p>\n<p><strong>\u00a0\u00a0Unrivaled Comfort<\/strong><\/p>\n<p>\u2013 The movement of the nippers is smooth and comfortable<\/p>\n<p>\u2013 Rivet polishing, provides comfort in continuous use of the tool and greater product durability<\/p>\n<p>&#8211; Formato anat\u00f4mico.<\/p>\n<p><strong>\u00a0 Advantages<\/strong><\/p>\n<p>\u2013 Factory manual sharpening (ready for immediate use)<\/p>\n<p>\u2013 Extended sharpening durability (reduces maintenance costs)<\/p>\n<p>\u2013 High spring durability<\/p>\n<p>\u2013 Long tool life<\/p>\n<p>\u2013 Perfect cut<\/p>\n<p>\u2013 Smoothness when squeezing, due to the extra polishing of the tool (well-being for the professional)<\/p>\n<p>\u2013 Raises the level of service provided<\/p>\n<p>\u2013 High quality raw material<\/p>\n<p class=\"p1\"><strong>FORBIDDEN:<\/strong><\/p>\n<p class=\"p1\">Use acids or alkalis for disinfection and sterilization. It is important to only use professional liquids recommended for disinfection.<\/p>\n<p class=\"p1\">Use abrasive and metallic objects to clean the tool.<\/p>\n<p class=\"p1\">For a longer tool life, it is mandatory to use the nippers exclusively for cutting skin, not cutting hard objects and not using them for domestic purposes.<\/p>\n<p>Before sterilizing the tool, it is necessary to clean and dry it completely.<\/p>","protected":false},"excerpt":{"rendered":"<p>Alicate Profissional para cut\u00edcula Deluxe-01-3 de DUOTTI O alicate luxuoso de s\u00e9rie Deluxe &#8211; com acabamento em ouro leg\u00edtimo de 24K, considerada a linha de produtos mais avan\u00e7ada e procurada, atende \u00e0s exig\u00eancias rigorosas e meticulosas\u00a0 dos profissionais. Projetado para manicure e pedicure de qualquer t\u00e9cnica: a seco, com removedor de cut\u00edcula ou de molho [&#8230;]","protected":false},"featured_media":5683,"comment_status":"closed","ping_status":"closed","template":"","meta":[],"product_cat":[1827,1896,1904,1834,1841],"product_tag":[1608,1609,1898,1897,1842,1899,1610,1611,1612,1613,1843,1417,1418],"_links":{"self":[{"href":"https:\/\/duotti.eu\/en\/wp-json\/wp\/v2\/product\/5682"}],"collection":[{"href":"https:\/\/duotti.eu\/en\/wp-json\/wp\/v2\/product"}],"about":[{"href":"https:\/\/duotti.eu\/en\/wp-json\/wp\/v2\/types\/product"}],"replies":[{"embeddable":true,"href":"https:\/\/duotti.eu\/en\/wp-json\/wp\/v2\/comments?post=5682"}],"wp:featuredmedia":[{"embeddable":true,"href":"https:\/\/duotti.eu\/en\/wp-json\/wp\/v2\/media\/5683"}],"wp:attachment":[{"href":"https:\/\/duotti.eu\/en\/wp-json\/wp\/v2\/media?parent=5682"}],"wp:term":[{"taxonomy":"product_cat","embeddable":true,"href":"https:\/\/duotti.eu\/en\/wp-json\/wp\/v2\/product_cat?post=5682"},{"taxonomy":"product_tag","embeddable":true,"href":"https:\/\/duotti.eu\/en\/wp-json\/wp\/v2\/product_tag?post=5682"}],"curies":[{"name":"wp","href":"https:\/\/api.w.org\/{rel}","templated":true}]}}