{"id":5681,"date":"2025-10-07T16:05:18","date_gmt":"2025-10-07T15:05:18","guid":{"rendered":"https:\/\/duotti.eu\/?post_type=product&#038;p=5681"},"modified":"2026-04-15T17:20:46","modified_gmt":"2026-04-15T16:20:46","slug":"alicate-profissional-para-cuticula-duotti-pro-01-3-3mm","status":"publish","type":"product","link":"https:\/\/duotti.eu\/en\/product\/alicate-profissional-para-cuticula-duotti-pro-01-3-3mm\/","title":{"rendered":"Alicate profissional para cut\u00edcula Duotti &#8211; PRO-01-3 &#8211; 3mm"},"content":{"rendered":"<h2 style=\"font-weight: 400;\"><strong>Alicate Profissional para cut\u00edcula PRO-01-3 &#8211; Duotti<\/strong><\/h2>\n<p>The exceptional <strong>Pro<\/strong> &#8211; considerada a linha de produtos mais avan\u00e7ada e profissional, atende \u00e0s exig\u00eancias rigorosas e meticulosas\u00a0 dos profissionais. O movimento do alicate \u00e9 extremamente suave e confort\u00e1vel.<\/p>\n<p><strong><span class=\"OYPEnA text-decoration-none text-strikethrough-none\">PRO-01-3<\/span><\/strong><span class=\"OYPEnA text-decoration-none text-strikethrough-none\"> foi criado especialmente para reduzir o stress f\u00edsico na m\u00e3o com <strong>through the use of a <\/strong><\/span><span class=\"OYPEnA text-decoration-none text-strikethrough-none\"><strong>unique blade inclination angle<\/strong>.<\/span><\/p>\n<p class=\"p1\">Designed for manicure and pedicure using any technique: dry, with cuticle remover, or water soak.<\/p>\n<p class=\"p1\">High quality stainless steel nippers, can be subjected to disinfection and sterilization at high temperatures in dry heat sterilizator or in an autoclave.<\/p>\n<ul>\n<li style=\"font-weight: 400;\"><strong>Blade:<\/strong> Reta inclinada<span class=\"OYPEnA text-decoration-none text-strikethrough-none\">, 3<\/span><strong>\u00a0mm<\/strong>;<\/li>\n<li style=\"font-weight: 400;\"><strong>Spring:<\/strong> Dual spring<\/li>\n<li style=\"font-weight: 400;\"><strong>Handles:<\/strong> Curved and specialized anatomical design, suitable for medium to large hands<\/li>\n<li style=\"font-weight: 400;\"><strong>Tool size:<\/strong> 113 mm<\/li>\n<li><strong>Finishing:<\/strong> <span class=\"OYPEnA text-decoration-none text-strikethrough-none\">acetinado<\/span><span class=\"OYPEnA text-decoration-none text-strikethrough-none\"> com elementos polidos;<\/span><\/li>\n<li><strong>Nipper \"mouth\":<\/strong>: c\u00f4nica e estreita, conveniente para trabalhar em locais de acesso dif\u00edcil.<\/li>\n<\/ul>\n<p style=\"font-weight: 400;\"><strong>Exclusive Sharpening<\/strong><\/p>\n<p style=\"font-weight: 400;\">\u2013 Within recommended usage, it lasts up to 10x longer than any other tool<\/p>\n<p style=\"font-weight: 400;\">\u2013 Extra manual sharpening, allows a clean and perfect cut.<\/p>\n<p style=\"font-weight: 400;\"><strong>High Quality Material<\/strong><\/p>\n<p style=\"font-weight: 400;\">\u2013 Surgical Stainless Steel SUS-420J2<\/p>\n<p style=\"font-weight: 400;\">\u2013 Metal hardness 50-55 HRC<\/p>\n<p style=\"font-weight: 400;\">&#8211; Acabamento <span class=\"OYPEnA text-decoration-none text-strikethrough-none\">acetinado<\/span><span class=\"OYPEnA text-decoration-none text-strikethrough-none\"> com elementos polidos<\/span>;<\/p>\n<p>\u2013  High corrosion resistance<\/p>\n<p style=\"font-weight: 400;\"><strong>\u00a0\u00a0Unrivaled Comfort<\/strong><\/p>\n<p style=\"font-weight: 400;\">\u2013 The movement of the nippers is smooth and comfortable<\/p>\n<p style=\"font-weight: 400;\">\u2013 Rivet polishing, provides comfort in continuous use of the tool and greater product durability<\/p>\n<p style=\"font-weight: 400;\">&#8211; Formato anat\u00f4mico.<\/p>\n<p style=\"font-weight: 400;\"><strong>\u00a0 Advantages<\/strong><\/p>\n<p style=\"font-weight: 400;\">\u2013 Factory manual sharpening (ready for immediate use)<\/p>\n<p style=\"font-weight: 400;\">\u2013 Extended sharpening durability (reduces maintenance costs)<\/p>\n<p style=\"font-weight: 400;\">\u2013 High spring durability<\/p>\n<p style=\"font-weight: 400;\">\u2013 Long tool life<\/p>\n<p style=\"font-weight: 400;\">\u2013 Perfect cut<\/p>\n<p style=\"font-weight: 400;\">\u2013 Smoothness when squeezing, due to the extra polishing of the tool (well-being for the professional)<\/p>\n<p style=\"font-weight: 400;\">\u2013 Raises the level of service provided<\/p>\n<p style=\"font-weight: 400;\">\u2013 High quality raw material<\/p>\n<p class=\"p1\"><strong>FORBIDDEN:<\/strong><\/p>\n<p class=\"p1\">Use acids or alkalis for disinfection and sterilization. It is important to only use professional liquids recommended for disinfection.<\/p>\n<p class=\"p1\">Use abrasive and metallic objects to clean the tool.<\/p>\n<p class=\"p1\">For a longer tool life, it is mandatory to use the nippers exclusively for cutting skin, not cutting hard objects and not using them for domestic purposes.<\/p>\n<p>Before sterilizing the tool, it is necessary to clean and dry it completely.<\/p>","protected":false},"excerpt":{"rendered":"<p>Alicate Profissional para cut\u00edcula PRO-01-3 &#8211; Duotti O alicate incr\u00edvel de s\u00e9rie Pro &#8211; considerada a linha de produtos mais avan\u00e7ada e profissional, atende \u00e0s exig\u00eancias rigorosas e meticulosas\u00a0 dos profissionais. O movimento do alicate \u00e9 extremamente suave e confort\u00e1vel. PRO-01-3 foi criado especialmente para reduzir o stress f\u00edsico na m\u00e3o com ajuda de \u00e2ngulo [&#8230;]","protected":false},"featured_media":5736,"comment_status":"closed","ping_status":"closed","template":"","meta":[],"product_cat":[1827,1830,1834,1841],"product_tag":[1608,1609,1842,1610,1611,1612,1613,1854,1843,1855,1417,1418],"_links":{"self":[{"href":"https:\/\/duotti.eu\/en\/wp-json\/wp\/v2\/product\/5681"}],"collection":[{"href":"https:\/\/duotti.eu\/en\/wp-json\/wp\/v2\/product"}],"about":[{"href":"https:\/\/duotti.eu\/en\/wp-json\/wp\/v2\/types\/product"}],"replies":[{"embeddable":true,"href":"https:\/\/duotti.eu\/en\/wp-json\/wp\/v2\/comments?post=5681"}],"wp:featuredmedia":[{"embeddable":true,"href":"https:\/\/duotti.eu\/en\/wp-json\/wp\/v2\/media\/5736"}],"wp:attachment":[{"href":"https:\/\/duotti.eu\/en\/wp-json\/wp\/v2\/media?parent=5681"}],"wp:term":[{"taxonomy":"product_cat","embeddable":true,"href":"https:\/\/duotti.eu\/en\/wp-json\/wp\/v2\/product_cat?post=5681"},{"taxonomy":"product_tag","embeddable":true,"href":"https:\/\/duotti.eu\/en\/wp-json\/wp\/v2\/product_tag?post=5681"}],"curies":[{"name":"wp","href":"https:\/\/api.w.org\/{rel}","templated":true}]}}