{"id":5652,"date":"2025-08-26T17:15:34","date_gmt":"2025-08-26T16:15:34","guid":{"rendered":"https:\/\/duotti.eu\/?post_type=product&#038;p=5652"},"modified":"2025-09-01T21:15:27","modified_gmt":"2025-09-01T20:15:27","slug":"kit-de-5-ponteiras-duotti-carbide-diamond-pro-ddcp-243b-023","status":"publish","type":"product","link":"https:\/\/duotti.eu\/en\/product\/kit-de-5-ponteiras-duotti-carbide-diamond-pro-ddcp-243b-023\/","title":{"rendered":"Kit de 5 ponteiras Duotti Carbide Diamond PRO &#8211; DDCP-243B-023"},"content":{"rendered":"<h2><strong>Kit de 5 ponteiras Duotti Carbide Diamond PRO &#8211; DDCP-243B-023<\/strong><\/h2>\n<p>Ponteiras das s\u00e9ries\u00a0<strong>CARBIDE DIAMOND PRO<\/strong>\u00a0and\u00a0<strong>CARBIDE DIAMOND COLD<\/strong>\u00a0\u2013 s\u00e3o ponteiras com revestimento de\u00a0<strong>diamante diferente \u00fanico<\/strong>\u00a0e de base de<strong>\u00a0nano carboneto<\/strong>, indicadas para o tratamento da pele.<\/p>\n<p>Ponteiras<strong>\u00a0CARBIDE DIAMOND PRO<\/strong>\u00a0\u2013 eliminam mais p\u00f3, n\u00e3o entopem e t\u00eam uma maior durabilidade, gra\u00e7as \u00e0 forma inovadora da superf\u00edcie.<\/p>\n<p><strong>VANTAGENS:<\/strong><br \/>\n\u2013 N\u00e3o causam desconforto, mesmo em clientes com pele sens\u00edvel<br \/>\n\u2013 N\u00e3o riscam as unhas, ideal para manicure sem verniz<br \/>\n\u2013 Reduzem para metade o tempo da manicure<br \/>\n\u2013 N\u00e3o se entopem, mantendo a efic\u00e1cia<br \/>\n\u2013 Duram 3 a 4 vezes mais do que as ponteiras diamantadas convencionais<br \/>\n\u2013 N\u00e3o escurecem ap\u00f3s a esteriliza\u00e7\u00e3o<\/p>\n<p><strong>RECOMENDA\u00c7\u00d5ES DE USO:<\/strong><br \/>\n\u2013 Rota\u00e7\u00f5es entre 7.000 e 15.000 rpm para aparelhos com pot\u00eancia de 60 a 65 W.<br \/>\n\u2013 Desinfec\u00e7\u00e3o com solu\u00e7\u00e3o adequada para ponteiras diamantadas.<br \/>\n\u2013 Evitar o uso de escovas met\u00e1licas; preferir escova com cerdas sint\u00e9ticas duras.<br \/>\n\u2013 Esterilizar em autoclave ou em esterilizador de calor seco, sempre ap\u00f3s a secagem\u00a0completa.<\/p>\n<p><strong>Ponteira (broca) Diamantada \u2013 Carbide Diamond PRO \u2013 FLAMA \u2013 DDCP-243B-023<\/strong><\/p>\n<ul>\n<li>Di\u00e2metro \u2013 2,3 mm<\/li>\n<li>Tamanho \u2013 8 mm<\/li>\n<li>Gr\u00e3o m\u00e9dio \u2013 azul<\/li>\n<\/ul>","protected":false},"excerpt":{"rendered":"<p>Kit de 5 ponteiras Duotti Carbide Diamond PRO &#8211; DDCP-243B-023 Ponteiras das s\u00e9ries\u00a0CARBIDE DIAMOND PRO\u00a0e\u00a0CARBIDE DIAMOND COLD\u00a0\u2013 s\u00e3o ponteiras com revestimento de\u00a0diamante diferente \u00fanico\u00a0e de base de\u00a0nano carboneto, indicadas para o tratamento da pele. Ponteiras\u00a0CARBIDE DIAMOND PRO\u00a0\u2013 eliminam mais p\u00f3, n\u00e3o entopem e t\u00eam uma maior durabilidade, gra\u00e7as \u00e0 forma inovadora da superf\u00edcie. VANTAGENS: \u2013 [&#8230;]","protected":false},"featured_media":5640,"comment_status":"open","ping_status":"closed","template":"","meta":[],"product_cat":[1889,1727],"product_tag":[1892,1659,1645,1665,1666,1646,1891,1890,1652],"_links":{"self":[{"href":"https:\/\/duotti.eu\/en\/wp-json\/wp\/v2\/product\/5652"}],"collection":[{"href":"https:\/\/duotti.eu\/en\/wp-json\/wp\/v2\/product"}],"about":[{"href":"https:\/\/duotti.eu\/en\/wp-json\/wp\/v2\/types\/product"}],"replies":[{"embeddable":true,"href":"https:\/\/duotti.eu\/en\/wp-json\/wp\/v2\/comments?post=5652"}],"wp:featuredmedia":[{"embeddable":true,"href":"https:\/\/duotti.eu\/en\/wp-json\/wp\/v2\/media\/5640"}],"wp:attachment":[{"href":"https:\/\/duotti.eu\/en\/wp-json\/wp\/v2\/media?parent=5652"}],"wp:term":[{"taxonomy":"product_cat","embeddable":true,"href":"https:\/\/duotti.eu\/en\/wp-json\/wp\/v2\/product_cat?post=5652"},{"taxonomy":"product_tag","embeddable":true,"href":"https:\/\/duotti.eu\/en\/wp-json\/wp\/v2\/product_tag?post=5652"}],"curies":[{"name":"wp","href":"https:\/\/api.w.org\/{rel}","templated":true}]}}