{"id":5645,"date":"2025-08-26T16:34:16","date_gmt":"2025-08-26T15:34:16","guid":{"rendered":"https:\/\/duotti.eu\/?post_type=product&#038;p=5645"},"modified":"2026-04-20T13:06:21","modified_gmt":"2026-04-20T12:06:21","slug":"carbide-diamond-pro-flama-o-23-mm-grao-fino-vermelho","status":"publish","type":"product","link":"https:\/\/duotti.eu\/en\/product\/carbide-diamond-pro-flama-o-23-mm-grao-fino-vermelho\/","title":{"rendered":"Carbide Diamond PRO- FLAMA &#8211;  \u00d8 2,3 mm &#8211; Gr\u00e3o fino vermelho"},"content":{"rendered":"<p>Ponteiras das s\u00e9ries <strong>CARBIDE DIAMOND PRO<\/strong> and <strong>CARBIDE DIAMOND COLD<\/strong> \u2013 s\u00e3o ponteiras com revestimento de <strong>diamante diferente \u00fanico<\/strong> e de base de<strong> nano carboneto<\/strong>, indicadas para o tratamento da pele.<\/p>\n<p>Ponteiras<strong> CARBIDE DIAMOND PRO<\/strong> \u2013 eliminam mais p\u00f3, n\u00e3o entopem e t\u00eam uma maior durabilidade, gra\u00e7as \u00e0 forma inovadora da superf\u00edcie.<\/p>\n<p><strong>VANTAGENS:<\/strong><br \/>\n&#8211; N\u00e3o causam desconforto, mesmo em clientes com pele sens\u00edvel<br \/>\n&#8211; N\u00e3o riscam as unhas, ideal para manicure sem verniz<br \/>\n&#8211; Reduzem para metade o tempo da manicure<br \/>\n&#8211; N\u00e3o se entopem, mantendo a efic\u00e1cia<br \/>\n&#8211; Duram 3 a 4 vezes mais do que as ponteiras diamantadas convencionais<br \/>\n&#8211; N\u00e3o escurecem ap\u00f3s a esteriliza\u00e7\u00e3o<\/p>\n<p><strong>RECOMENDA\u00c7\u00d5ES DE USO:<\/strong><br \/>\n&#8211; Rota\u00e7\u00f5es entre 7.000 e 15.000 rpm para aparelhos com pot\u00eancia de 60 a 65 W.<br \/>\n&#8211; Desinfec\u00e7\u00e3o com solu\u00e7\u00e3o adequada para ponteiras diamantadas.<br \/>\n&#8211; Evitar o uso de escovas met\u00e1licas; preferir escova com cerdas sint\u00e9ticas duras.<br \/>\n&#8211; Esterilizar em autoclave ou em esterilizador de calor seco, sempre ap\u00f3s a secagem\u00a0completa.<\/p>\n<p><strong>Ponteira (broca) Diamantada &#8211; Carbide Diamond PRO- FLAMA &#8211; DDCP-243R-023<\/strong><\/p>\n<ul>\n<li>Di\u00e2metro \u2013 2,3 mm<\/li>\n<li>Tamanho \u2013 8 mm<\/li>\n<li>Gr\u00e3o fino \u2013 vermelho<\/li>\n<\/ul>\n<p>&nbsp;<\/p>\n<p>&nbsp;<\/p>","protected":false},"excerpt":{"rendered":"<p>Ponteiras das s\u00e9ries CARBIDE DIAMOND PRO e CARBIDE DIAMOND COLD \u2013 s\u00e3o ponteiras com revestimento de diamante diferente \u00fanico e de base de nano carboneto, indicadas para o tratamento da pele. Ponteiras CARBIDE DIAMOND PRO \u2013 eliminam mais p\u00f3, n\u00e3o entopem e t\u00eam uma maior durabilidade, gra\u00e7as \u00e0 forma inovadora da superf\u00edcie. VANTAGENS: &#8211; N\u00e3o [&#8230;]","protected":false},"featured_media":5638,"comment_status":"open","ping_status":"closed","template":"","meta":[],"product_cat":[1889,1727],"product_tag":[1892,1659,1645,1665,1666,1646,1891,1893,1890,1652],"_links":{"self":[{"href":"https:\/\/duotti.eu\/en\/wp-json\/wp\/v2\/product\/5645"}],"collection":[{"href":"https:\/\/duotti.eu\/en\/wp-json\/wp\/v2\/product"}],"about":[{"href":"https:\/\/duotti.eu\/en\/wp-json\/wp\/v2\/types\/product"}],"replies":[{"embeddable":true,"href":"https:\/\/duotti.eu\/en\/wp-json\/wp\/v2\/comments?post=5645"}],"wp:featuredmedia":[{"embeddable":true,"href":"https:\/\/duotti.eu\/en\/wp-json\/wp\/v2\/media\/5638"}],"wp:attachment":[{"href":"https:\/\/duotti.eu\/en\/wp-json\/wp\/v2\/media?parent=5645"}],"wp:term":[{"taxonomy":"product_cat","embeddable":true,"href":"https:\/\/duotti.eu\/en\/wp-json\/wp\/v2\/product_cat?post=5645"},{"taxonomy":"product_tag","embeddable":true,"href":"https:\/\/duotti.eu\/en\/wp-json\/wp\/v2\/product_tag?post=5645"}],"curies":[{"name":"wp","href":"https:\/\/api.w.org\/{rel}","templated":true}]}}