{"id":5610,"date":"2025-08-04T15:23:10","date_gmt":"2025-08-04T14:23:10","guid":{"rendered":"https:\/\/duotti.eu\/?post_type=product&#038;p=5610"},"modified":"2025-11-20T15:28:54","modified_gmt":"2025-11-20T15:28:54","slug":"kit-de-5-alicates-duotti-premium-01-5-5mm","status":"publish","type":"product","link":"https:\/\/duotti.eu\/en\/product\/kit-de-5-alicates-duotti-premium-01-5-5mm\/","title":{"rendered":"Kit de 5 Alicates Duotti &#8211; PREMIUM-01-5 , 5mm"},"content":{"rendered":"<h2 style=\"font-weight: 400;\"><strong>Alicate Profissional para cut\u00edcula Premium-01-5 de DUOTTI<\/strong><\/h2>\n<p>The exceptional <strong>Premium<\/strong> series nippers - renowned as the most luxurious and advanced product line, fulfill the exacting standards of professionals.<\/p>\n<p class=\"p1\">Designed for manicure and pedicure using any technique: dry, with cuticle remover, or water soak.<\/p>\n<p><strong><span class=\"OYPEnA text-decoration-none text-strikethrough-none\">PREMIUM-01-5<\/span><\/strong><span class=\"OYPEnA text-decoration-none text-strikethrough-none\">\u00a0was specifically designed to alleviate physical stress on the hand <strong>through the use of a <\/strong><\/span><span class=\"OYPEnA text-decoration-none text-strikethrough-none\"><strong>unique blade inclination angle<\/strong>.<\/span><\/p>\n<p class=\"p1\">High quality stainless steel nippers, can be subjected to disinfection and sterilization at high temperatures in dry heat sterilizator or in an autoclave.<\/p>\n<ul>\n<li style=\"font-weight: 400;\"><strong>Blade:<\/strong> Reta inclinada, 5 mm;<\/li>\n<li style=\"font-weight: 400;\"><strong>Spring:<\/strong> Dual spring<\/li>\n<li style=\"font-weight: 400;\"><strong>Handles:<\/strong> Curved and specialized anatomical design, suitable for medium to large hands<\/li>\n<li style=\"font-weight: 400;\"><strong>Tool size:<\/strong> 113 mm<\/li>\n<li><strong>Finishing:<\/strong> Extra mirror polishing<\/li>\n<li><strong>Nipper \"mouth\":<\/strong>Tapered and narrow, convenient for working in hard-to-reach places.<\/li>\n<\/ul>\n<p style=\"font-weight: 400;\"><strong>Exclusive Sharpening<\/strong><\/p>\n<p style=\"font-weight: 400;\">\u2013 Within recommended usage, it lasts up to 10x longer than any other tool<\/p>\n<p style=\"font-weight: 400;\">\u2013 Extra manual sharpening, allows a clean and perfect cut.<\/p>\n<p style=\"font-weight: 400;\"><strong>High Quality Material<\/strong><\/p>\n<p style=\"font-weight: 400;\">\u2013 Surgical Stainless Steel SUS-420J2<\/p>\n<p style=\"font-weight: 400;\">\u2013 Metal hardness 50-55 HRC<\/p>\n<p style=\"font-weight: 400;\">\u2013 Extra mirror polishing<\/p>\n<p>\u2013  High corrosion resistance<\/p>\n<p style=\"font-weight: 400;\"><strong>\u00a0\u00a0Unrivaled Comfort<\/strong><\/p>\n<p style=\"font-weight: 400;\">\u2013 The movement of the nippers is smooth and comfortable<\/p>\n<p style=\"font-weight: 400;\">\u2013 Rivet polishing, provides comfort in continuous use of the tool and greater product durability<\/p>\n<p style=\"font-weight: 400;\">&#8211; Formato anat\u00f4mico.<\/p>\n<p style=\"font-weight: 400;\"><strong>\u00a0 Advantages<\/strong><\/p>\n<p style=\"font-weight: 400;\">\u2013 Factory manual sharpening (ready for immediate use)<\/p>\n<p style=\"font-weight: 400;\">\u2013 Extended sharpening durability (reduces maintenance costs)<\/p>\n<p style=\"font-weight: 400;\">\u2013 High spring durability<\/p>\n<p style=\"font-weight: 400;\">\u2013 Long tool life<\/p>\n<p style=\"font-weight: 400;\">\u2013 Perfect cut<\/p>\n<p style=\"font-weight: 400;\">\u2013 Smoothness when squeezing, due to the extra polishing of the tool (well-being for the professional)<\/p>\n<p style=\"font-weight: 400;\">\u2013 Raises the level of service provided<\/p>\n<p style=\"font-weight: 400;\">\u2013 High quality raw material<\/p>\n<p class=\"p1\"><strong>FORBIDDEN:<\/strong><\/p>\n<p class=\"p1\">Use acids or alkalis for disinfection and sterilization. It is important to only use professional liquids recommended for disinfection.<\/p>\n<p class=\"p1\">Use abrasive and metallic objects to clean the tool.<\/p>\n<p class=\"p1\">For a longer tool life, it is mandatory to use the nippers exclusively for cutting skin, not cutting hard objects and not using them for domestic purposes.<\/p>\n<p>Before sterilizing the tool, it is necessary to clean and dry it completely.<\/p>","protected":false},"excerpt":{"rendered":"<p>Alicate Profissional para cut\u00edcula Premium-01-5 de DUOTTI O alicate incr\u00edvel de s\u00e9rie Premium &#8211; considerada a linha de produtos mais luxuosa e avan\u00e7ada, atende \u00e0s exig\u00eancias rigorosas e meticulosas\u00a0 dos profissionais. Projetado para manicure e pedicure de qualquer t\u00e9cnica: a seco, com removedor de cut\u00edcula ou de molho de \u00e1gua. PREMIUM-01-5\u00a0foi criado especialmente para reduzir [&#8230;]","protected":false},"featured_media":5395,"comment_status":"closed","ping_status":"closed","template":"","meta":[],"product_cat":[1827,1828,1834,1841],"product_tag":[1608,1609,1842,1610,1611,1612,1613,1843,1417,1418],"_links":{"self":[{"href":"https:\/\/duotti.eu\/en\/wp-json\/wp\/v2\/product\/5610"}],"collection":[{"href":"https:\/\/duotti.eu\/en\/wp-json\/wp\/v2\/product"}],"about":[{"href":"https:\/\/duotti.eu\/en\/wp-json\/wp\/v2\/types\/product"}],"replies":[{"embeddable":true,"href":"https:\/\/duotti.eu\/en\/wp-json\/wp\/v2\/comments?post=5610"}],"wp:featuredmedia":[{"embeddable":true,"href":"https:\/\/duotti.eu\/en\/wp-json\/wp\/v2\/media\/5395"}],"wp:attachment":[{"href":"https:\/\/duotti.eu\/en\/wp-json\/wp\/v2\/media?parent=5610"}],"wp:term":[{"taxonomy":"product_cat","embeddable":true,"href":"https:\/\/duotti.eu\/en\/wp-json\/wp\/v2\/product_cat?post=5610"},{"taxonomy":"product_tag","embeddable":true,"href":"https:\/\/duotti.eu\/en\/wp-json\/wp\/v2\/product_tag?post=5610"}],"curies":[{"name":"wp","href":"https:\/\/api.w.org\/{rel}","templated":true}]}}