{"id":5608,"date":"2025-07-31T15:50:54","date_gmt":"2025-07-31T14:50:54","guid":{"rendered":"https:\/\/duotti.eu\/?post_type=product&#038;p=5608"},"modified":"2026-04-07T14:35:39","modified_gmt":"2026-04-07T13:35:39","slug":"espatula-profissional-para-pedicure-espatula-podologica-para-unhas-encravadas-dpp-04","status":"publish","type":"product","link":"https:\/\/duotti.eu\/en\/product\/espatula-profissional-para-pedicure-espatula-podologica-para-unhas-encravadas-dpp-04\/","title":{"rendered":"Esp\u00e1tula profissional para pedicure (esp\u00e1tula podol\u00f3gica para unhas encravadas)  DPP-04"},"content":{"rendered":"<h3 style=\"font-weight: 400;\"><strong>Esp\u00e1tula Profissional para pedicure (esp\u00e1tula podol\u00f3gica para unhas encravadas) <\/strong><strong>DPP-04 DUOTTI<\/strong><\/h3>\n<p style=\"font-weight: 400;\"><strong>Shape:<\/strong> esp\u00e1tula podol\u00f3gica para unhas encravadas, l\u00e2mina reta, afiada<\/p>\n<p style=\"font-weight: 400;\"><strong>Tool size:<\/strong> 143mm<\/p>\n<p style=\"font-weight: 400;\"><strong>Indicated for:<\/strong> Pedicure<\/p>\n<p>&nbsp;<\/p>\n<p style=\"font-weight: 400;\"><strong>High corrosion resistance<\/strong><\/p>\n<p style=\"font-weight: 400;\">Tratamento com pasta especial em a\u00e7o inox SUS-420J2, dureza do metal 50-55 HRC, proporciona maior resist\u00eancia \u00e0 corros\u00e3o.<\/p>\n<p style=\"font-weight: 400;\"><strong>Comfort<\/strong><\/p>\n<p style=\"font-weight: 400;\">&#8211; l\u00e2mina afiada dedicada especialmente a unhas encravadas<\/p>\n<p style=\"font-weight: 400;\">&#8211; a sua forma permite trabalhar em zonas dif\u00edceis de alcan\u00e7ar<\/p>\n<p style=\"font-weight: 400;\">&#8211; forma anatomicamente confort\u00e1vel: a l\u00e2mina reta facilita corte da unha encravada<\/p>\n<p style=\"font-weight: 400;\">&#8211; l\u00e2mina afiada torna mais f\u00e1cil tratamento da unha que precisa de ser cortada<\/p>\n<p>&nbsp;<\/p>\n<p>&nbsp;<\/p>\n<p style=\"font-weight: 400;\"><strong>Sharpening<\/strong><\/p>\n<p style=\"font-weight: 400;\">Afiada manualmente de f\u00e1brica garante estar pronta para uso imediato.<\/p>","protected":false},"excerpt":{"rendered":"<p>PODO<\/p>","protected":false},"featured_media":5665,"comment_status":"open","ping_status":"closed","template":"","meta":[],"product_cat":[1795,1865],"product_tag":[1861,1863,1760,1796,1864,1714,1862],"_links":{"self":[{"href":"https:\/\/duotti.eu\/en\/wp-json\/wp\/v2\/product\/5608"}],"collection":[{"href":"https:\/\/duotti.eu\/en\/wp-json\/wp\/v2\/product"}],"about":[{"href":"https:\/\/duotti.eu\/en\/wp-json\/wp\/v2\/types\/product"}],"replies":[{"embeddable":true,"href":"https:\/\/duotti.eu\/en\/wp-json\/wp\/v2\/comments?post=5608"}],"wp:featuredmedia":[{"embeddable":true,"href":"https:\/\/duotti.eu\/en\/wp-json\/wp\/v2\/media\/5665"}],"wp:attachment":[{"href":"https:\/\/duotti.eu\/en\/wp-json\/wp\/v2\/media?parent=5608"}],"wp:term":[{"taxonomy":"product_cat","embeddable":true,"href":"https:\/\/duotti.eu\/en\/wp-json\/wp\/v2\/product_cat?post=5608"},{"taxonomy":"product_tag","embeddable":true,"href":"https:\/\/duotti.eu\/en\/wp-json\/wp\/v2\/product_tag?post=5608"}],"curies":[{"name":"wp","href":"https:\/\/api.w.org\/{rel}","templated":true}]}}