{"id":5607,"date":"2025-07-31T15:45:44","date_gmt":"2025-07-31T14:45:44","guid":{"rendered":"https:\/\/duotti.eu\/?post_type=product&#038;p=5607"},"modified":"2026-04-23T14:16:08","modified_gmt":"2026-04-23T13:16:08","slug":"espatula-profissional-para-pedicure-espatula-podologica-curva-dpp-03","status":"publish","type":"product","link":"https:\/\/duotti.eu\/en\/product\/espatula-profissional-para-pedicure-espatula-podologica-curva-dpp-03\/","title":{"rendered":"Esp\u00e1tula profissional para pedicure (esp\u00e1tula podol\u00f3gica curva)  DPP-03"},"content":{"rendered":"<h3 style=\"font-weight: 400;\"><strong>Esp\u00e1tula Profissional para pedicure (esp\u00e1tula podol\u00f3gica curva) <\/strong><strong>DPP-03 DUOTTI<\/strong><\/h3>\n<p style=\"font-weight: 400;\"><strong>Shape:<\/strong> esp\u00e1tula podol\u00f3gica curva<\/p>\n<p style=\"font-weight: 400;\"><strong>Tool size:<\/strong> 140mm<\/p>\n<p style=\"font-weight: 400;\"><strong>Indicated for:<\/strong> Pedicure<\/p>\n<p>&nbsp;<\/p>\n<p style=\"font-weight: 400;\"><strong>High corrosion resistance<\/strong><\/p>\n<p style=\"font-weight: 400;\">Tratamento com pasta especial em a\u00e7o inox SUS-420J2, dureza do metal 50-55 HRC, proporciona maior resist\u00eancia \u00e0 corros\u00e3o.<\/p>\n<p style=\"font-weight: 400;\"><strong>Comfort<\/strong><\/p>\n<p style=\"font-weight: 400;\">&#8211; para uma cut\u00edcula fortemente presa \u00e0 unha<br \/>\n&#8211; forma anatomicamente confort\u00e1vel: a curvatura da cureta imita a forma da placa ungueal<br \/>\n&#8211; forma da cureta permite n\u00e3o ferir a placa ungueal e a pele<br \/>\n&#8211; forma curva torna mais f\u00e1cil limpar a \u00e1rea sob a unha de v\u00e1rias sujidades<\/p>\n<p style=\"font-weight: 400;\"><strong>Sharpening<\/strong><\/p>\n<p style=\"font-weight: 400;\">Afiada manualmente de f\u00e1brica garante estar pronta para uso imediato.<\/p>","protected":false},"excerpt":{"rendered":"<p>PODO<\/p>","protected":false},"featured_media":5672,"comment_status":"open","ping_status":"closed","template":"","meta":[],"product_cat":[1795,1865],"product_tag":[1861,1863,1760,1796,1864,1714,1862],"_links":{"self":[{"href":"https:\/\/duotti.eu\/en\/wp-json\/wp\/v2\/product\/5607"}],"collection":[{"href":"https:\/\/duotti.eu\/en\/wp-json\/wp\/v2\/product"}],"about":[{"href":"https:\/\/duotti.eu\/en\/wp-json\/wp\/v2\/types\/product"}],"replies":[{"embeddable":true,"href":"https:\/\/duotti.eu\/en\/wp-json\/wp\/v2\/comments?post=5607"}],"wp:featuredmedia":[{"embeddable":true,"href":"https:\/\/duotti.eu\/en\/wp-json\/wp\/v2\/media\/5672"}],"wp:attachment":[{"href":"https:\/\/duotti.eu\/en\/wp-json\/wp\/v2\/media?parent=5607"}],"wp:term":[{"taxonomy":"product_cat","embeddable":true,"href":"https:\/\/duotti.eu\/en\/wp-json\/wp\/v2\/product_cat?post=5607"},{"taxonomy":"product_tag","embeddable":true,"href":"https:\/\/duotti.eu\/en\/wp-json\/wp\/v2\/product_tag?post=5607"}],"curies":[{"name":"wp","href":"https:\/\/api.w.org\/{rel}","templated":true}]}}