{"id":5606,"date":"2025-07-31T15:38:08","date_gmt":"2025-07-31T14:38:08","guid":{"rendered":"https:\/\/duotti.eu\/?post_type=product&#038;p=5606"},"modified":"2026-05-05T14:01:37","modified_gmt":"2026-05-05T13:01:37","slug":"espatula-profissional-para-manicure-e-pedicure-com-anel-dp-03","status":"publish","type":"product","link":"https:\/\/duotti.eu\/en\/product\/espatula-profissional-para-manicure-e-pedicure-com-anel-dp-03\/","title":{"rendered":"Esp\u00e1tula profissional para manicure e pedicure com anel DP-03"},"content":{"rendered":"<h3 style=\"font-weight: 400;\"><strong>Esp\u00e1tula Profissional para manicure e pedicure\u00a0 DP-03 DUOTTI<\/strong><\/h3>\n<p style=\"font-weight: 400;\"><strong>Shape:<\/strong> Esp\u00e1tula com palito de laranjeira e anel afiado.<\/p>\n<p style=\"font-weight: 400;\"><strong>Tool size:<\/strong> 140mm<\/p>\n<p style=\"font-weight: 400;\"><strong>Indicated for:<\/strong> Manicure and pedicure<\/p>\n<p>&nbsp;<\/p>\n<p style=\"font-weight: 400;\"><strong>Unrivaled Quality<\/strong><\/p>\n<p style=\"font-weight: 400;\">Made from Surgical Stainless Steel SUS-420J2<\/p>\n<p style=\"font-weight: 400;\"><strong>High corrosion resistance<\/strong><\/p>\n<p style=\"font-weight: 400;\">Treatment with special paste on SUS-420J2 stainless steel, provides greater resistance to corrosion<\/p>\n<p style=\"font-weight: 400;\"><strong>Comfort<\/strong><\/p>\n<p style=\"font-weight: 400;\">Designed for perfect fit of the nail plate<\/p>\n<p style=\"font-weight: 400;\">Blade inclination angle for perfect cleaning in the cuticle area<\/p>\n<p style=\"font-weight: 400;\">Handle with great fixation in the hands of nail technician<\/p>\n<p style=\"font-weight: 400;\"><strong>Sharpening<\/strong><\/p>\n<p style=\"font-weight: 400;\">Sharpened manually at the factory<\/p>\n<p style=\"font-weight: 400;\">The blade is slightly sharpened on both sides<\/p>","protected":false},"excerpt":{"rendered":"<p>Esp\u00e1tula Profissional para manicure e pedicure\u00a0 DP-03 DUOTTI Formatos: Esp\u00e1tula com palito de laranjeira e anel afiado. Tamanho da ferramenta: 140mm Indicada para: Manicure e pedicure &nbsp; Qualidade Incompar\u00e1vel Fabricado em A\u00e7o Inox Cir\u00fargico SUS-420J2 Resist\u00eancia \u00e0 corros\u00e3o Tratamento com pasta especial em a\u00e7o inox SUS-420J2, proporciona maior resist\u00eancia \u00e0 corros\u00e3o. Conforto Design idealizado para [&#8230;]","protected":false},"featured_media":5612,"comment_status":"open","ping_status":"closed","template":"","meta":[],"product_cat":[1795],"product_tag":[1798,1760,1796,1714,1797],"_links":{"self":[{"href":"https:\/\/duotti.eu\/en\/wp-json\/wp\/v2\/product\/5606"}],"collection":[{"href":"https:\/\/duotti.eu\/en\/wp-json\/wp\/v2\/product"}],"about":[{"href":"https:\/\/duotti.eu\/en\/wp-json\/wp\/v2\/types\/product"}],"replies":[{"embeddable":true,"href":"https:\/\/duotti.eu\/en\/wp-json\/wp\/v2\/comments?post=5606"}],"wp:featuredmedia":[{"embeddable":true,"href":"https:\/\/duotti.eu\/en\/wp-json\/wp\/v2\/media\/5612"}],"wp:attachment":[{"href":"https:\/\/duotti.eu\/en\/wp-json\/wp\/v2\/media?parent=5606"}],"wp:term":[{"taxonomy":"product_cat","embeddable":true,"href":"https:\/\/duotti.eu\/en\/wp-json\/wp\/v2\/product_cat?post=5606"},{"taxonomy":"product_tag","embeddable":true,"href":"https:\/\/duotti.eu\/en\/wp-json\/wp\/v2\/product_tag?post=5606"}],"curies":[{"name":"wp","href":"https:\/\/api.w.org\/{rel}","templated":true}]}}