{"id":5583,"date":"2025-06-23T14:42:15","date_gmt":"2025-06-23T13:42:15","guid":{"rendered":"https:\/\/duotti.eu\/?post_type=product&#038;p=5583"},"modified":"2026-04-30T13:20:35","modified_gmt":"2026-04-30T12:20:35","slug":"duo-wax-cera-balsamo-de-cuticulas-30-ml","status":"publish","type":"product","link":"https:\/\/duotti.eu\/en\/product\/duo-wax-cera-balsamo-de-cuticulas-30-ml\/","title":{"rendered":"DUO.WAX &#8211; Cera-b\u00e1lsamo de cut\u00edculas, 30 ml"},"content":{"rendered":"<p class=\"p1\"><b>DUO.WAX \u2014 cuidado profissional que apaixona ao primeiro toque<\/b><\/p>\n<p class=\"p1\">Desenvolvido especialmente para manicure e pedicure, o DUO.WAX combina o luxo dos ingredientes naturais com a efic\u00e1cia de um produto profissional. N\u00e3o \u00e9 apenas uma cera<span class=\"Apple-converted-space\">\u00a0 <\/span>\u2014 \u00e9 um ritual de repara\u00e7\u00e3o que apetece repetir todos os dias.<\/p>\n<p class=\"p1\"><b>Composi\u00e7\u00e3o inspirada na natureza e na ci\u00eancia:<\/b><\/p>\n<p class=\"p1\">\u2022 <b>Manteiga de MURUMURU <\/b><\/p>\n<p class=\"p1\">Manteiga ex\u00f3tica, extra\u00edda das sementes da palmeira Astrocaryum murumuru na floresta amaz\u00f3nica, esta manteiga \u00e9 um ingrediente raro e luxuoso, conhecido pela sua capacidade de regenerar, suavizar e proteger a pele.<\/p>\n<p class=\"p1\">\u2022 <b>\u00d3leo de Coco<\/b><\/p>\n<p class=\"p1\">Altamente penetrante, suaviza e nutre de imediato. Deixa a cut\u00edcula flex\u00edvel e cuidada, sem pel\u00edcula oleosa.<\/p>\n<p class=\"p1\">\u2022<b><span class=\"Apple-converted-space\">\u00a0 <\/span>Manteiga de Karit\u00e9<\/b><\/p>\n<p class=\"p1\">Regenera em profundidade e protege. Rica em vitaminas A e E naturais, conhecidas pelas suas propriedades antienvelhecimento. Ideal para peles secas e danificadas ao redor das unhas.<\/p>\n<p class=\"p1\">\u2022 <b>Cera de Abelha<\/b><\/p>\n<p class=\"p1\">Emoliente e agente de textura natural. Cria um v\u00e9u protetor que ret\u00e9m a hidrata\u00e7\u00e3o e potencia os efeitos dos outros ingredientes.<\/p>\n<p class=\"p1\">\u2022 <b>\u00d3leo de Am\u00eandoas Doces<\/b><\/p>\n<p class=\"p1\">Rico em \u00e1cidos gordos e vitamina E. Acalma, fortalece e regenera a pele fina \u00e0 volta das unhas, deixando-a mais firme e cuidada.<\/p>\n<p class=\"p1\">\u2022 <b>\u00d3leos Vegetais<\/b><\/p>\n<p class=\"p1\">Complexo emoliente vers\u00e1til de origem vegetal. Aumenta a elasticidade e proporciona conforto imediato.<\/p>\n<p class=\"p1\">\u2022<b>TOCOPHERYL ACETATE &amp; TOCOPHEROL (Vitamina E)<\/b><\/p>\n<p class=\"p1\">Antioxidantes poderosos. Protegem a pele do envelhecimento precoce e mant\u00eam-na saud\u00e1vel, jovem e luminosa.<\/p>\n<p class=\"p1\">\u2022<b>\u00d3leo de Abacate<\/b><\/p>\n<p class=\"p1\">Um superalimento para a pele. Estimula a regenera\u00e7\u00e3o, nutre e suaviza at\u00e9 as cut\u00edculas mais desidratadas.<\/p>\n<p class=\"p1\">\u2022<b>\u00d3leo de Rosa Mosqueta<\/b><\/p>\n<p class=\"p1\">Fonte de \u00f3mega-3 e \u00e1cido retin\u00f3ico. Melhora o tom e a textura da pele, suaviza vermelhid\u00f5es e pequenas fissuras.<\/p>\n<p class=\"p1\">\u2022<b>\u00d3leo de Grainha de Uva<\/b><\/p>\n<p class=\"p1\">Leve, mas altamente eficaz. Repara, fortalece e \u00e9 perfeito para cuidados p\u00f3s-servi\u00e7o.<\/p>\n<p class=\"p1\">\u2022 <b>PARFUM (sem alerg\u00e9nios)<\/b><\/p>\n<p class=\"p1\">Aroma subtil de \u201cbaby cologne\u201d \u2014 fresco, leve e delicado. Perfeito para ambientes profissionais, sem riscos de sensibiliza\u00e7\u00e3o.<\/p>\n<p class=\"p1\">?<\/p>\n<p class=\"p1\">?<b> Resultados de tratamento:<\/b><\/p>\n<ul class=\"ul1\">\n<li class=\"li1\">Efeito calmante \u2014 ideal para pele sens\u00edvel<\/li>\n<li class=\"li1\">Vers\u00e1til \u2014 perfeito para cut\u00edculas, calcanhares gretados, m\u00e3os e p\u00e9s secos<\/li>\n<li class=\"li1\">Cut\u00edculas suaves, hidratadas, cuidadas e saud\u00e1veis<\/li>\n<li class=\"li1\">Ajuda a evitar o aparecimento de espigas<\/li>\n<li class=\"li1\">Acelera a recupera\u00e7\u00e3o da pele ap\u00f3s o corte das cut\u00edculas, garantindo um crescimento mais controlado<\/li>\n<li class=\"li1\">Cria uma camada protetora impercet\u00edvel que ret\u00e9m os ingredientes ativos na superf\u00edcie da pele, contribuindo para prevenir inflama\u00e7\u00f5es e irrita\u00e7\u00f5es excessivas na zona tratada<\/li>\n<li class=\"li1\">Repara a pele dos p\u00e9s, elimina a secura e ajuda no tratamento de gretas e fissuras<\/li>\n<li class=\"li1\">Toque confort\u00e1vel \u2014 sem brilho oleoso ap\u00f3s de absor\u00e7\u00e3o, mas com brilho natural de pele saud\u00e1vel<\/li>\n<li class=\"li1\">Barreira natural contra secura e microles\u00f5es<\/li>\n<\/ul>\n<p class=\"p1\"><b>Porqu\u00ea DUO.WAX \u00e9 diferente:<\/b><\/p>\n<p class=\"p1\">Ao contr\u00e1rio de b\u00e1lsamos comuns, DUO.WAX oferece um <b>ritual de dupla a\u00e7\u00e3o<\/b>:<\/p>\n<p class=\"p1\">cuidado profundo + acabamento imediato, ingredientes naturais + resultado profissional.<\/p>\n<p class=\"p1\">Formato pr\u00e1tico e elegante \u2014 ideal para o sal\u00e3o e para casa em frascos de 15 ml e 30 ml.<\/p>\n<p class=\"p1\">DUO.WAX \u00e9 aquele produto que faz esquecer os \u00f3leos tradicionais.<\/p>\n<p class=\"p1\">Experimente \u2014 e deixe-se surpreender.<\/p>\n<p>Made in Portugal<\/p>","protected":false},"excerpt":{"rendered":"<p>DUO.WAX \u2014 cuidado profissional que apaixona ao primeiro toque Desenvolvido especialmente para manicure e pedicure, o DUO.WAX combina o luxo dos ingredientes naturais com a efic\u00e1cia de um produto profissional. N\u00e3o \u00e9 apenas uma cera\u00a0 \u2014 \u00e9 um ritual de repara\u00e7\u00e3o que apetece repetir todos os dias. Composi\u00e7\u00e3o inspirada na natureza e na ci\u00eancia: \u2022 [&#8230;]","protected":false},"featured_media":5574,"comment_status":"open","ping_status":"closed","template":"","meta":[],"product_cat":[1881,1467],"product_tag":[1882,1883,1884,1879,1885],"_links":{"self":[{"href":"https:\/\/duotti.eu\/en\/wp-json\/wp\/v2\/product\/5583"}],"collection":[{"href":"https:\/\/duotti.eu\/en\/wp-json\/wp\/v2\/product"}],"about":[{"href":"https:\/\/duotti.eu\/en\/wp-json\/wp\/v2\/types\/product"}],"replies":[{"embeddable":true,"href":"https:\/\/duotti.eu\/en\/wp-json\/wp\/v2\/comments?post=5583"}],"wp:featuredmedia":[{"embeddable":true,"href":"https:\/\/duotti.eu\/en\/wp-json\/wp\/v2\/media\/5574"}],"wp:attachment":[{"href":"https:\/\/duotti.eu\/en\/wp-json\/wp\/v2\/media?parent=5583"}],"wp:term":[{"taxonomy":"product_cat","embeddable":true,"href":"https:\/\/duotti.eu\/en\/wp-json\/wp\/v2\/product_cat?post=5583"},{"taxonomy":"product_tag","embeddable":true,"href":"https:\/\/duotti.eu\/en\/wp-json\/wp\/v2\/product_tag?post=5583"}],"curies":[{"name":"wp","href":"https:\/\/api.w.org\/{rel}","templated":true}]}}