{"id":5569,"date":"2025-06-19T15:12:32","date_gmt":"2025-06-19T14:12:32","guid":{"rendered":"https:\/\/duotti.eu\/?post_type=product&#038;p=5569"},"modified":"2026-04-28T18:00:33","modified_gmt":"2026-04-28T17:00:33","slug":"ponteira-diamantada-duotti-magic-bullet-vermelha-diametro-5mm","status":"publish","type":"product","link":"https:\/\/duotti.eu\/en\/product\/ponteira-diamantada-duotti-magic-bullet-vermelha-diametro-5mm\/","title":{"rendered":"Ponteira Diamantada DUOTTI &#8211; MAGIC BULLET &#8211; Vermelha &#8211; Di\u00e2metro 5mm"},"content":{"rendered":"<p><strong>Ponteira (broca) Diamantada &#8211; MAGIC BULLET &#8211; VERMELHA &#8211; DD-254R-050<\/strong><\/p>\n<ul>\n<li>Di\u00e2metro &#8211; 5 mm<\/li>\n<li>Tamanho &#8211; 19 mm<\/li>\n<li>Gr\u00e3o m\u00e9dio &#8211; vermelho<\/li>\n<\/ul>\n<p><strong>Use:<\/strong><\/p>\n<p><strong>manicure<\/strong><\/p>\n<ul>\n<li>polimento com cera<\/li>\n<li>acabamento<\/li>\n<li>cleaning of lateral folds<\/li>\n<\/ul>\n<p><strong>pedicure<\/strong><\/p>\n<ul>\n<li>polimento com cera<\/li>\n<li>acabamento<\/li>\n<li>treatment of keratinized areas of the feet fingers<\/li>\n<\/ul>\n<p><strong>A\u00c7O INOXID\u00c1VEL<\/strong><\/p>","protected":false},"excerpt":{"rendered":"<p>Ponteira (broca) Diamantada &#8211; MAGIC BULLET &#8211; VERMELHA &#8211; DD-254R-050 Di\u00e2metro &#8211; 5 mm Tamanho &#8211; 19 mm Gr\u00e3o m\u00e9dio &#8211; vermelho Pode usar: manicure polimento com cera acabamento limpeza das bordes laterais pedicure polimento com cera acabamento tratamento de \u00e1reas queratinizadas dos dedos dos p\u00e9s A\u00c7O INOXID\u00c1VEL<\/p>","protected":false},"featured_media":5570,"comment_status":"open","ping_status":"closed","template":"","meta":[],"product_cat":[1728,1727,1806],"product_tag":[1645,1877,1879,1878,1880],"_links":{"self":[{"href":"https:\/\/duotti.eu\/en\/wp-json\/wp\/v2\/product\/5569"}],"collection":[{"href":"https:\/\/duotti.eu\/en\/wp-json\/wp\/v2\/product"}],"about":[{"href":"https:\/\/duotti.eu\/en\/wp-json\/wp\/v2\/types\/product"}],"replies":[{"embeddable":true,"href":"https:\/\/duotti.eu\/en\/wp-json\/wp\/v2\/comments?post=5569"}],"wp:featuredmedia":[{"embeddable":true,"href":"https:\/\/duotti.eu\/en\/wp-json\/wp\/v2\/media\/5570"}],"wp:attachment":[{"href":"https:\/\/duotti.eu\/en\/wp-json\/wp\/v2\/media?parent=5569"}],"wp:term":[{"taxonomy":"product_cat","embeddable":true,"href":"https:\/\/duotti.eu\/en\/wp-json\/wp\/v2\/product_cat?post=5569"},{"taxonomy":"product_tag","embeddable":true,"href":"https:\/\/duotti.eu\/en\/wp-json\/wp\/v2\/product_tag?post=5569"}],"curies":[{"name":"wp","href":"https:\/\/api.w.org\/{rel}","templated":true}]}}