{"id":5548,"date":"2025-05-07T16:01:53","date_gmt":"2025-05-07T15:01:53","guid":{"rendered":"https:\/\/duotti.eu\/?post_type=product&#038;p=5548"},"modified":"2026-04-07T15:25:34","modified_gmt":"2026-04-07T14:25:34","slug":"alicate-profissional-de-unhas-duotti-podo-02-14","status":"publish","type":"product","link":"https:\/\/duotti.eu\/en\/product\/alicate-profissional-de-unhas-duotti-podo-02-14\/","title":{"rendered":"Alicate profissional de unhas DUOTTI &#8211; PODO-02-14"},"content":{"rendered":"<h2 style=\"font-weight: 400;\"><strong>Alicate Profissional de unhas PODO-02-14 de DUOTTI<\/strong><\/h2>\n<p class=\"p1\">Alicate de a\u00e7o inoxid\u00e1vel de alta qualidade, pode estar submetido \u00e0 desinfec\u00e7\u00e3o e esteriliza\u00e7\u00e3o de alta temperatura em calor seco ou em autoclave. Para manicure e pedicure.<\/p>\n<ul>\n<li style=\"font-weight: 400;\"><strong>Blade:<\/strong> Reta, indicada para unhas m\u00e9dias e grossas, 14 mm;<\/li>\n<li style=\"font-weight: 400;\"><strong>Spring:<\/strong> Dual spring<\/li>\n<li style=\"font-weight: 400;\"><strong>Handles:<\/strong> Curvado e anat\u00f4mico, indicado para m\u00e3os m\u00e9dias a grandes;<\/li>\n<li style=\"font-weight: 400;\"><strong>Tool size:<\/strong> 115 mm<\/li>\n<li><strong>Finishing:<\/strong> extra polido (polimento de espelho)<\/li>\n<li><strong>Nipper \"mouth\":<\/strong>: estreita e fina<\/li>\n<\/ul>\n<p style=\"font-weight: 400;\"><strong>Exclusive Sharpening<\/strong><\/p>\n<p style=\"font-weight: 400;\">\u2013 Within recommended usage, it lasts up to 10x longer than any other tool<\/p>\n<p style=\"font-weight: 400;\">\u2013 Extra manual sharpening, allows a clean and perfect cut.<\/p>\n<p style=\"font-weight: 400;\"><strong>High Quality Material<\/strong><\/p>\n<p style=\"font-weight: 400;\">\u2013 Surgical Stainless Steel SUS-420J2<\/p>\n<p style=\"font-weight: 400;\">\u2013 Metal hardness 50-55 HRC<\/p>\n<p style=\"font-weight: 400;\">\u2013 Extra mirror polishing<\/p>\n<p>\u2013  High corrosion resistance<\/p>\n<p style=\"font-weight: 400;\"><strong>\u00a0 Advantages<\/strong><\/p>\n<p style=\"font-weight: 400;\">\u2013 Factory manual sharpening (ready for immediate use)<\/p>\n<p style=\"font-weight: 400;\">&#8211; Durabilidade da afia\u00e7\u00e3o prolongada (reduz o seu custo de manuten\u00e7\u00e3o);<\/p>\n<p style=\"font-weight: 400;\">\u2013 High spring durability<\/p>\n<p style=\"font-weight: 400;\">&#8211; Adequado para a corre\u00e7\u00e3o do comprimento da placa ungueal de qualquer espessura devido \u00e0 estrutura dur\u00e1vel especial;<\/p>\n<p style=\"font-weight: 400;\">\u2013 Smoothness when squeezing, due to the extra polishing of the tool (well-being for the professional)<\/p>\n<p style=\"font-weight: 400;\">&#8211; L\u00e2minas afiadas \u00e0 m\u00e3o reduzem o risco de delamina\u00e7\u00e3o das unhas;<\/p>\n<p style=\"font-weight: 400;\">&#8211; Mat\u00e9ria-prima de alta qualidade.<\/p>\n<p class=\"p1\"><strong>FORBIDDEN:<\/strong><\/p>\n<p class=\"p1\">Use acids or alkalis for disinfection and sterilization. It is important to only use professional liquids recommended for disinfection.<\/p>\n<p class=\"p1\">Use abrasive and metallic objects to clean the tool.<\/p>\n<p>Before sterilizing the tool, it is necessary to clean and dry it completely.<\/p>","protected":false},"excerpt":{"rendered":"<p>Alicate Profissional de unhas PODO-02-14 de DUOTTI Alicate de a\u00e7o inoxid\u00e1vel de alta qualidade, pode estar submetido \u00e0 desinfec\u00e7\u00e3o e esteriliza\u00e7\u00e3o de alta temperatura em calor seco ou em autoclave. Para manicure e pedicure. L\u00e2mina: Reta, indicada para unhas m\u00e9dias e grossas, 14 mm; Mola: Mola dupla; Cabo: Curvado e anat\u00f4mico, indicado para m\u00e3os m\u00e9dias [&#8230;]","protected":false},"featured_media":5553,"comment_status":"closed","ping_status":"closed","template":"","meta":[],"product_cat":[1873,1865],"product_tag":[1842,1613,1872,1869,1843,1871,1417,1418,1631],"_links":{"self":[{"href":"https:\/\/duotti.eu\/en\/wp-json\/wp\/v2\/product\/5548"}],"collection":[{"href":"https:\/\/duotti.eu\/en\/wp-json\/wp\/v2\/product"}],"about":[{"href":"https:\/\/duotti.eu\/en\/wp-json\/wp\/v2\/types\/product"}],"replies":[{"embeddable":true,"href":"https:\/\/duotti.eu\/en\/wp-json\/wp\/v2\/comments?post=5548"}],"wp:featuredmedia":[{"embeddable":true,"href":"https:\/\/duotti.eu\/en\/wp-json\/wp\/v2\/media\/5553"}],"wp:attachment":[{"href":"https:\/\/duotti.eu\/en\/wp-json\/wp\/v2\/media?parent=5548"}],"wp:term":[{"taxonomy":"product_cat","embeddable":true,"href":"https:\/\/duotti.eu\/en\/wp-json\/wp\/v2\/product_cat?post=5548"},{"taxonomy":"product_tag","embeddable":true,"href":"https:\/\/duotti.eu\/en\/wp-json\/wp\/v2\/product_tag?post=5548"}],"curies":[{"name":"wp","href":"https:\/\/api.w.org\/{rel}","templated":true}]}}