{"id":5541,"date":"2025-05-07T15:46:35","date_gmt":"2025-05-07T14:46:35","guid":{"rendered":"https:\/\/duotti.eu\/?post_type=product&#038;p=5541"},"modified":"2026-04-27T15:00:44","modified_gmt":"2026-04-27T14:00:44","slug":"alicate-profissional-para-unha-encravada-duotti-podo-01-14","status":"publish","type":"product","link":"https:\/\/duotti.eu\/en\/product\/alicate-profissional-para-unha-encravada-duotti-podo-01-14\/","title":{"rendered":"Alicate profissional para unha encravada DUOTTI &#8211; PODO-01-14"},"content":{"rendered":"<h2 style=\"font-weight: 400;\"><strong>Alicate Profissional para unha encravada PODO-01-14 de DUOTTI<\/strong><\/h2>\n<p class=\"p1\">High quality stainless steel nippers, can be subjected to disinfection and sterilization at high temperatures in dry heat sterilizator or in an autoclave.<\/p>\n<ul>\n<li style=\"font-weight: 400;\"><strong>Blade:<\/strong> Reta, indicada para unhas grossas e encravadas, 14 mm;<\/li>\n<li style=\"font-weight: 400;\"><strong>Spring:<\/strong> Dual spring<\/li>\n<li style=\"font-weight: 400;\"><strong>Handles:<\/strong> Curved and specialized anatomical design, suitable for medium to large hands<\/li>\n<li style=\"font-weight: 400;\"><strong>Tool size:<\/strong> 120 mm<\/li>\n<li><strong>Finishing:<\/strong> extra polido (polimento de espelho)<\/li>\n<li><strong>Nipper \"mouth\":<\/strong>: estreita e fina, conveniente para acessar ao canto da unha<\/li>\n<\/ul>\n<p style=\"font-weight: 400;\"><strong>Exclusive Sharpening<\/strong><\/p>\n<p style=\"font-weight: 400;\">\u2013 Within recommended usage, it lasts up to 10x longer than any other tool<\/p>\n<p style=\"font-weight: 400;\">\u2013 Extra manual sharpening, allows a clean and perfect cut.<\/p>\n<p style=\"font-weight: 400;\"><strong>High Quality Material<\/strong><\/p>\n<p style=\"font-weight: 400;\">\u2013 Surgical Stainless Steel SUS-420J2<\/p>\n<p style=\"font-weight: 400;\">\u2013 Metal hardness 50-55 HRC<\/p>\n<p style=\"font-weight: 400;\">\u2013 Extra mirror polishing<\/p>\n<p>\u2013  High corrosion resistance<\/p>\n<p style=\"font-weight: 400;\"><strong>\u00a0 Advantages<\/strong><\/p>\n<p style=\"font-weight: 400;\">\u2013 Factory manual sharpening (ready for immediate use)<\/p>\n<p style=\"font-weight: 400;\">&#8211; Durabilidade da afia\u00e7\u00e3o prolongada (reduz o seu custo de manuten\u00e7\u00e3o);<\/p>\n<p style=\"font-weight: 400;\">\u2013 High spring durability<\/p>\n<p style=\"font-weight: 400;\">\u2013 Long tool life<\/p>\n<p style=\"font-weight: 400;\">\u2013 Perfect cut<\/p>\n<p style=\"font-weight: 400;\">\u2013 Smoothness when squeezing, due to the extra polishing of the tool (well-being for the professional)<\/p>\n<p style=\"font-weight: 400;\">\u2013 Raises the level of service provided<\/p>\n<p style=\"font-weight: 400;\">\u2013 High quality raw material<\/p>\n<p class=\"p1\"><strong>FORBIDDEN:<\/strong><\/p>\n<p class=\"p1\">Use acids or alkalis for disinfection and sterilization. It is important to only use professional liquids recommended for disinfection.<\/p>\n<p class=\"p1\">Use abrasive and metallic objects to clean the tool.<\/p>\n<p>Before sterilizing the tool, it is necessary to clean and dry it completely.<\/p>","protected":false},"excerpt":{"rendered":"<p>Alicate Profissional para unha encravada PODO-01-14 de DUOTTI Alicate de a\u00e7o inoxid\u00e1vel de alta qualidade, pode ser submetido \u00e0 desinfec\u00e7\u00e3o e esteriliza\u00e7\u00e3o em altas temperaturas em calor seco ou em autoclave. L\u00e2mina: Reta, indicada para unhas grossas e encravadas, 14 mm; Mola: Mola dupla; Cabo: Curvado e anat\u00f4mico especial, indicado para m\u00e3os m\u00e9dias a grandes; [&#8230;]","protected":false},"featured_media":5547,"comment_status":"closed","ping_status":"closed","template":"","meta":[],"product_cat":[1827,1873,1865],"product_tag":[1842,1613,1872,1870,1869,1843,1871,1417,1418,1631],"_links":{"self":[{"href":"https:\/\/duotti.eu\/en\/wp-json\/wp\/v2\/product\/5541"}],"collection":[{"href":"https:\/\/duotti.eu\/en\/wp-json\/wp\/v2\/product"}],"about":[{"href":"https:\/\/duotti.eu\/en\/wp-json\/wp\/v2\/types\/product"}],"replies":[{"embeddable":true,"href":"https:\/\/duotti.eu\/en\/wp-json\/wp\/v2\/comments?post=5541"}],"wp:featuredmedia":[{"embeddable":true,"href":"https:\/\/duotti.eu\/en\/wp-json\/wp\/v2\/media\/5547"}],"wp:attachment":[{"href":"https:\/\/duotti.eu\/en\/wp-json\/wp\/v2\/media?parent=5541"}],"wp:term":[{"taxonomy":"product_cat","embeddable":true,"href":"https:\/\/duotti.eu\/en\/wp-json\/wp\/v2\/product_cat?post=5541"},{"taxonomy":"product_tag","embeddable":true,"href":"https:\/\/duotti.eu\/en\/wp-json\/wp\/v2\/product_tag?post=5541"}],"curies":[{"name":"wp","href":"https:\/\/api.w.org\/{rel}","templated":true}]}}