{"id":5535,"date":"2025-05-07T15:37:11","date_gmt":"2025-05-07T14:37:11","guid":{"rendered":"https:\/\/duotti.eu\/?post_type=product&#038;p=5535"},"modified":"2026-04-27T15:00:44","modified_gmt":"2026-04-27T14:00:44","slug":"espatula-especial-podologica-raspador-reto-levantador-de-unha-reto","status":"publish","type":"product","link":"https:\/\/duotti.eu\/en\/product\/espatula-especial-podologica-raspador-reto-levantador-de-unha-reto\/","title":{"rendered":"Esp\u00e1tula especial Podol\u00f3gica (raspador reto + levantador de unha reto) DPP-02"},"content":{"rendered":"<h3 style=\"font-weight: 400;\"><strong>Esp\u00e1tula Profissional especial para pedicure (raspador reto + levantador de unha reto) <\/strong><strong>DPP-02 DUOTTI<\/strong><\/h3>\n<p style=\"font-weight: 400;\"><strong>Shape: <\/strong>raspador reto + levantador de unha reto<\/p>\n<p style=\"font-weight: 400;\"><strong>Tool size:<\/strong> 160mm<\/p>\n<p style=\"font-weight: 400;\"><strong>Indicated for:<\/strong> Pedicure<\/p>\n<p>&nbsp;<\/p>\n<p style=\"font-weight: 400;\"><strong>High corrosion resistance<\/strong><\/p>\n<p style=\"font-weight: 400;\">Tratamento com pasta especial em a\u00e7o inox SUS-420J2, dureza do metal 50-55 HRC, proporciona maior resist\u00eancia \u00e0 corros\u00e3o.<\/p>\n<p style=\"font-weight: 400;\"><strong>Comfort<\/strong><\/p>\n<p style=\"font-weight: 400;\">&#8211; permite trabalhar com unha encravada<br \/>\n&#8211; usada em locais de dif\u00edcil acesso.<br \/>\n&#8211; tem parte funcional estreita com extremidade superior afiada<\/p>\n<p style=\"font-weight: 400;\"><strong>Sharpening<\/strong><\/p>\n<p style=\"font-weight: 400;\">Afiada manualmente de f\u00e1brica garante estar pronta para uso imediato.<\/p>","protected":false},"excerpt":{"rendered":"<p>PODO<\/p>","protected":false},"featured_media":5536,"comment_status":"open","ping_status":"closed","template":"","meta":[],"product_cat":[1795,1865],"product_tag":[1861,1863,1760,1796,1864,1714,1862,1867,1866,1868],"_links":{"self":[{"href":"https:\/\/duotti.eu\/en\/wp-json\/wp\/v2\/product\/5535"}],"collection":[{"href":"https:\/\/duotti.eu\/en\/wp-json\/wp\/v2\/product"}],"about":[{"href":"https:\/\/duotti.eu\/en\/wp-json\/wp\/v2\/types\/product"}],"replies":[{"embeddable":true,"href":"https:\/\/duotti.eu\/en\/wp-json\/wp\/v2\/comments?post=5535"}],"wp:featuredmedia":[{"embeddable":true,"href":"https:\/\/duotti.eu\/en\/wp-json\/wp\/v2\/media\/5536"}],"wp:attachment":[{"href":"https:\/\/duotti.eu\/en\/wp-json\/wp\/v2\/media?parent=5535"}],"wp:term":[{"taxonomy":"product_cat","embeddable":true,"href":"https:\/\/duotti.eu\/en\/wp-json\/wp\/v2\/product_cat?post=5535"},{"taxonomy":"product_tag","embeddable":true,"href":"https:\/\/duotti.eu\/en\/wp-json\/wp\/v2\/product_tag?post=5535"}],"curies":[{"name":"wp","href":"https:\/\/api.w.org\/{rel}","templated":true}]}}