{"id":5494,"date":"2025-03-06T14:58:22","date_gmt":"2025-03-06T14:58:22","guid":{"rendered":"https:\/\/duotti.eu\/?post_type=product&#038;p=5494"},"modified":"2026-04-13T15:35:34","modified_gmt":"2026-04-13T14:35:34","slug":"ponteira-de-borracha-para-polimento-diametro-4-mm-verde","status":"publish","type":"product","link":"https:\/\/duotti.eu\/en\/product\/ponteira-de-borracha-para-polimento-diametro-4-mm-verde\/","title":{"rendered":"Ponteira de Borracha para Polimento &#8211; Di\u00e2metro 4 mm VERDE"},"content":{"rendered":"<p>Polishing Rubber Nail drill bit with <strong>soft grain<\/strong>. Perfeita para manicure com cera. Pode ser usada para dar brilho \u00e0s unhas naturais, para fazer polimento de pele durante a manicure.<\/p>\n<p><strong>TECHNICAL SPECIFICATIONS:<\/strong><\/p>\n<p><strong>Material<\/strong>: Rubber<br \/>\n<strong>Size:<\/strong> L 12 mm, \u00d8 4 mm<br \/>\n<strong>Shape<\/strong>: c\u00f4nica<\/p>","protected":false},"excerpt":{"rendered":"<p>Ponteira de borracha para polir com gr\u00e3o fino. Perfeita para manicure com cera. Pode ser usada para dar brilho \u00e0s unhas naturais, para fazer polimento de pele durante a manicure. DADOS T\u00c9CNICOS: Material: borracha Tamanho: L 12 mm, \u00d8 4 mm Formato: c\u00f4nica<\/p>","protected":false},"featured_media":5496,"comment_status":"open","ping_status":"closed","template":"","meta":[],"product_cat":[1727,1806],"product_tag":[1808,1809,1810,1812,1811,1813,1814],"_links":{"self":[{"href":"https:\/\/duotti.eu\/en\/wp-json\/wp\/v2\/product\/5494"}],"collection":[{"href":"https:\/\/duotti.eu\/en\/wp-json\/wp\/v2\/product"}],"about":[{"href":"https:\/\/duotti.eu\/en\/wp-json\/wp\/v2\/types\/product"}],"replies":[{"embeddable":true,"href":"https:\/\/duotti.eu\/en\/wp-json\/wp\/v2\/comments?post=5494"}],"wp:featuredmedia":[{"embeddable":true,"href":"https:\/\/duotti.eu\/en\/wp-json\/wp\/v2\/media\/5496"}],"wp:attachment":[{"href":"https:\/\/duotti.eu\/en\/wp-json\/wp\/v2\/media?parent=5494"}],"wp:term":[{"taxonomy":"product_cat","embeddable":true,"href":"https:\/\/duotti.eu\/en\/wp-json\/wp\/v2\/product_cat?post=5494"},{"taxonomy":"product_tag","embeddable":true,"href":"https:\/\/duotti.eu\/en\/wp-json\/wp\/v2\/product_tag?post=5494"}],"curies":[{"name":"wp","href":"https:\/\/api.w.org\/{rel}","templated":true}]}}