{"id":5490,"date":"2025-02-12T13:15:16","date_gmt":"2025-02-12T13:15:16","guid":{"rendered":"https:\/\/duotti.eu\/?post_type=product&#038;p=5490"},"modified":"2026-04-27T15:00:44","modified_gmt":"2026-04-27T14:00:44","slug":"ponteira-broca-diamantada-duotti-bola-5-mm-grao-medio-azul","status":"publish","type":"product","link":"https:\/\/duotti.eu\/en\/product\/ponteira-broca-diamantada-duotti-bola-5-mm-grao-medio-azul\/","title":{"rendered":"Ponteira Diamantada Duotti &#8211; BOLA &#8211; Di\u00e2metro 5 mm &#8211; Azul"},"content":{"rendered":"<p><strong>Ponteira (broca) Diamantada &#8211; BOLA &#8211; AZUL &#8211; DD-001B-050<\/strong><\/p>\n<ul>\n<li>Di\u00e2metro &#8211; 5 mm<\/li>\n<li>Abrasive grain medium - blue<\/li>\n<\/ul>\n<p><strong>Use:<\/strong><\/p>\n<p><strong>manicure<\/strong><\/p>\n<ul>\n<li>levantar e remover a cut\u00edcula<\/li>\n<li>cleaning of lateral folds<\/li>\n<\/ul>\n<p><strong>pedicure<\/strong><\/p>\n<ul>\n<li>treatment of cracks, calluses<\/li>\n<li>tratamento de \u00e1reas queratinizadas da pele dos p\u00e9s<\/li>\n<li>tratamento de calos e pele entre os dedos dos p\u00e9s<\/li>\n<\/ul>\n<p><strong>A\u00c7O INOXID\u00c1VEL<\/strong><\/p>","protected":false},"excerpt":{"rendered":"<p>Ponteira (broca) Diamantada &#8211; BOLA &#8211; AZUL &#8211; DD-001B-050 Di\u00e2metro &#8211; 5 mm Gr\u00e3o m\u00e9dio &#8211; azul Pode usar: manicure levantar e remover a cut\u00edcula limpeza das bordes laterais pedicure tratamento de fissuras, calosidades tratamento de \u00e1reas queratinizadas da pele dos p\u00e9s tratamento de calos e pele entre os dedos dos p\u00e9s A\u00c7O INOXID\u00c1VEL<\/p>","protected":false},"featured_media":5491,"comment_status":"open","ping_status":"closed","template":"","meta":[],"product_cat":[1728,1727],"product_tag":[],"_links":{"self":[{"href":"https:\/\/duotti.eu\/en\/wp-json\/wp\/v2\/product\/5490"}],"collection":[{"href":"https:\/\/duotti.eu\/en\/wp-json\/wp\/v2\/product"}],"about":[{"href":"https:\/\/duotti.eu\/en\/wp-json\/wp\/v2\/types\/product"}],"replies":[{"embeddable":true,"href":"https:\/\/duotti.eu\/en\/wp-json\/wp\/v2\/comments?post=5490"}],"wp:featuredmedia":[{"embeddable":true,"href":"https:\/\/duotti.eu\/en\/wp-json\/wp\/v2\/media\/5491"}],"wp:attachment":[{"href":"https:\/\/duotti.eu\/en\/wp-json\/wp\/v2\/media?parent=5490"}],"wp:term":[{"taxonomy":"product_cat","embeddable":true,"href":"https:\/\/duotti.eu\/en\/wp-json\/wp\/v2\/product_cat?post=5490"},{"taxonomy":"product_tag","embeddable":true,"href":"https:\/\/duotti.eu\/en\/wp-json\/wp\/v2\/product_tag?post=5490"}],"curies":[{"name":"wp","href":"https:\/\/api.w.org\/{rel}","templated":true}]}}