{"id":5458,"date":"2024-12-10T14:01:47","date_gmt":"2024-12-10T14:01:47","guid":{"rendered":"https:\/\/duotti.eu\/?post_type=product&#038;p=5458"},"modified":"2026-04-27T15:00:44","modified_gmt":"2026-04-27T14:00:44","slug":"ponteira-broca-de-tungstenio-duotti-milho-verde","status":"publish","type":"product","link":"https:\/\/duotti.eu\/en\/product\/ponteira-broca-de-tungstenio-duotti-milho-verde\/","title":{"rendered":"Ponteira (broca) de Tungst\u00eanio Duotti  &#8211; MILHO &#8211; Verde"},"content":{"rendered":"<p><strong>Ponteira (broca) de carbono Duotti &#8211; MILHO &#8211; VERDE &#8211; para Acr\u00edlico-DT-292G-060<\/strong><\/p>\n<ul>\n<li>Di\u00e2metro &#8211; 6 mm<\/li>\n<li>Tamanho &#8211; 14 mm<\/li>\n<li>Gr\u00e3o duro &#8211; verde<\/li>\n<\/ul>\n<p>Para <strong>remo\u00e7\u00e3o<\/strong> dos produtos<\/p>\n<p>Recomendado para remo\u00e7\u00e3o<strong>: acr\u00edlico<\/strong><\/p>\n<p><strong>A\u00c7O INOXID\u00c1VEL<\/strong><\/p>","protected":false},"excerpt":{"rendered":"<p>Ponteira (broca) de carbono Duotti &#8211; MILHO &#8211; VERDE &#8211; para Acr\u00edlico-DT-292G-060 Di\u00e2metro &#8211; 6 mm Tamanho &#8211; 14 mm Gr\u00e3o duro &#8211; verde Para remo\u00e7\u00e3o dos produtos Recomendado para remo\u00e7\u00e3o: acr\u00edlico A\u00c7O INOXID\u00c1VEL<\/p>","protected":false},"featured_media":5760,"comment_status":"closed","ping_status":"closed","template":"","meta":[],"product_cat":[1727,1730],"product_tag":[1691,1647,1663,1664,1648,1649,1692,1652,1653,1654],"_links":{"self":[{"href":"https:\/\/duotti.eu\/en\/wp-json\/wp\/v2\/product\/5458"}],"collection":[{"href":"https:\/\/duotti.eu\/en\/wp-json\/wp\/v2\/product"}],"about":[{"href":"https:\/\/duotti.eu\/en\/wp-json\/wp\/v2\/types\/product"}],"replies":[{"embeddable":true,"href":"https:\/\/duotti.eu\/en\/wp-json\/wp\/v2\/comments?post=5458"}],"wp:featuredmedia":[{"embeddable":true,"href":"https:\/\/duotti.eu\/en\/wp-json\/wp\/v2\/media\/5760"}],"wp:attachment":[{"href":"https:\/\/duotti.eu\/en\/wp-json\/wp\/v2\/media?parent=5458"}],"wp:term":[{"taxonomy":"product_cat","embeddable":true,"href":"https:\/\/duotti.eu\/en\/wp-json\/wp\/v2\/product_cat?post=5458"},{"taxonomy":"product_tag","embeddable":true,"href":"https:\/\/duotti.eu\/en\/wp-json\/wp\/v2\/product_tag?post=5458"}],"curies":[{"name":"wp","href":"https:\/\/api.w.org\/{rel}","templated":true}]}}