{"id":5332,"date":"2024-06-19T15:08:33","date_gmt":"2024-06-19T14:08:33","guid":{"rendered":"https:\/\/duotti.eu\/?post_type=product&#038;p=5332"},"modified":"2026-04-27T15:00:43","modified_gmt":"2026-04-27T14:00:43","slug":"alicate-profissional-para-cuticula-duotti-ultra-01-5","status":"publish","type":"product","link":"https:\/\/duotti.eu\/en\/product\/alicate-profissional-para-cuticula-duotti-ultra-01-5\/","title":{"rendered":"Professional cuticle Nippers Duotti - ULTRA-01-5 - 5mm"},"content":{"rendered":"<h2 style=\"font-weight: 400;\"><strong>Alicate Profissional para cut\u00edcula ULTRA-01-5 &#8211; Duotti<\/strong><\/h2>\n<p>The exceptional <strong>Ultra<\/strong> &#8211; considerada a linha de produtos mais avan\u00e7ada e profissional, atende \u00e0s exig\u00eancias rigorosas e meticulosas\u00a0 dos profissionais. O movimento do alicate \u00e9 extremamente suave e confort\u00e1vel.<\/p>\n<p><strong><span class=\"OYPEnA text-decoration-none text-strikethrough-none\">ULTRA-01-5<\/span><\/strong><span class=\"OYPEnA text-decoration-none text-strikethrough-none\"> was specifically designed to alleviate physical stress on the hand <strong>through the use of a <\/strong><\/span><span class=\"OYPEnA text-decoration-none text-strikethrough-none\"><strong>unique blade inclination angle<\/strong>.<\/span><\/p>\n<p class=\"p1\">Designed for manicure and pedicure using any technique: dry, with cuticle remover, or water soak.<\/p>\n<p class=\"p1\">High quality stainless steel nippers, can be subjected to disinfection and sterilization at high temperatures in dry heat sterilizator or in an autoclave.<\/p>\n<ul>\n<li style=\"font-weight: 400;\"><strong>Blade:<\/strong> Reta inclinada, <span class=\"OYPEnA text-decoration-none text-strikethrough-none\">com \u201ccalcanhar\u201d suavizado, <\/span><strong>5 mm<\/strong>;<\/li>\n<li style=\"font-weight: 400;\"><strong>Spring:<\/strong> <span class=\"OYPEnA text-decoration-none text-strikethrough-none\">Mola com redutor de atrito<\/span>;<\/li>\n<li style=\"font-weight: 400;\"><strong>Handles:<\/strong> Curved and specialized anatomical design, suitable for medium to large hands<\/li>\n<li style=\"font-weight: 400;\"><strong>Tool size:<\/strong> 117 mm<\/li>\n<li><strong>Finishing:<\/strong> extra polido (polimento de espelho)<\/li>\n<li><strong>Nipper \"mouth\":<\/strong>Tapered and narrow, convenient for working in hard-to-reach places.<\/li>\n<\/ul>\n<p style=\"font-weight: 400;\"><strong>Exclusive Sharpening<\/strong><\/p>\n<p style=\"font-weight: 400;\">\u2013 Within recommended usage, it lasts up to 10x longer than any other tool<\/p>\n<p style=\"font-weight: 400;\">\u2013 Extra manual sharpening, allows a clean and perfect cut.<\/p>\n<p style=\"font-weight: 400;\"><strong>High Quality Material<\/strong><\/p>\n<p style=\"font-weight: 400;\">\u2013 Surgical Stainless Steel SUS-420J2<\/p>\n<p style=\"font-weight: 400;\">\u2013 Metal hardness 50-55 HRC<\/p>\n<p style=\"font-weight: 400;\">\u2013 Extra mirror polishing<\/p>\n<p>\u2013  High corrosion resistance<\/p>\n<p style=\"font-weight: 400;\"><strong>\u00a0\u00a0Unrivaled Comfort<\/strong><\/p>\n<p style=\"font-weight: 400;\">\u2013 The movement of the nippers is smooth and comfortable<\/p>\n<p style=\"font-weight: 400;\">\u2013 Rivet polishing, provides comfort in continuous use of the tool and greater product durability<\/p>\n<p style=\"font-weight: 400;\">&#8211; Formato anat\u00f4mico.<\/p>\n<p style=\"font-weight: 400;\"><strong>\u00a0 Advantages<\/strong><\/p>\n<p style=\"font-weight: 400;\">\u2013 Factory manual sharpening (ready for immediate use)<\/p>\n<p style=\"font-weight: 400;\">\u2013 Extended sharpening durability (reduces maintenance costs)<\/p>\n<p style=\"font-weight: 400;\">\u2013 High spring durability<\/p>\n<p style=\"font-weight: 400;\">\u2013 Long tool life<\/p>\n<p style=\"font-weight: 400;\">\u2013 Perfect cut<\/p>\n<p style=\"font-weight: 400;\">\u2013 Smoothness when squeezing, due to the extra polishing of the tool (well-being for the professional)<\/p>\n<p style=\"font-weight: 400;\">\u2013 Raises the level of service provided<\/p>\n<p style=\"font-weight: 400;\">\u2013 High quality raw material<\/p>\n<p class=\"p1\"><strong>FORBIDDEN:<\/strong><\/p>\n<p class=\"p1\">Use acids or alkalis for disinfection and sterilization. It is important to only use professional liquids recommended for disinfection.<\/p>\n<p class=\"p1\">Use abrasive and metallic objects to clean the tool.<\/p>\n<p class=\"p1\">For a longer tool life, it is mandatory to use the nippers exclusively for cutting skin, not cutting hard objects and not using them for domestic purposes.<\/p>\n<p>Before sterilizing the tool, it is necessary to clean and dry it completely.<\/p>","protected":false},"excerpt":{"rendered":"<p>Alicate Profissional para cut\u00edcula ULTRA-01-5 &#8211; Duotti O alicate incr\u00edvel de s\u00e9rie Ultra &#8211; considerada a linha de produtos mais avan\u00e7ada e profissional, atende \u00e0s exig\u00eancias rigorosas e meticulosas\u00a0 dos profissionais. O movimento do alicate \u00e9 extremamente suave e confort\u00e1vel. ULTRA-01-5 foi criado especialmente para reduzir o estresse f\u00edsico na m\u00e3o com ajuda de \u00e2ngulo [&#8230;]","protected":false},"featured_media":5324,"comment_status":"closed","ping_status":"closed","template":"","meta":[],"product_cat":[1827,1829],"product_tag":[1608,1609,1842,1610,1611,1612,1613,1843,1417,1418],"_links":{"self":[{"href":"https:\/\/duotti.eu\/en\/wp-json\/wp\/v2\/product\/5332"}],"collection":[{"href":"https:\/\/duotti.eu\/en\/wp-json\/wp\/v2\/product"}],"about":[{"href":"https:\/\/duotti.eu\/en\/wp-json\/wp\/v2\/types\/product"}],"replies":[{"embeddable":true,"href":"https:\/\/duotti.eu\/en\/wp-json\/wp\/v2\/comments?post=5332"}],"wp:featuredmedia":[{"embeddable":true,"href":"https:\/\/duotti.eu\/en\/wp-json\/wp\/v2\/media\/5324"}],"wp:attachment":[{"href":"https:\/\/duotti.eu\/en\/wp-json\/wp\/v2\/media?parent=5332"}],"wp:term":[{"taxonomy":"product_cat","embeddable":true,"href":"https:\/\/duotti.eu\/en\/wp-json\/wp\/v2\/product_cat?post=5332"},{"taxonomy":"product_tag","embeddable":true,"href":"https:\/\/duotti.eu\/en\/wp-json\/wp\/v2\/product_tag?post=5332"}],"curies":[{"name":"wp","href":"https:\/\/api.w.org\/{rel}","templated":true}]}}