{"id":5234,"date":"2024-04-11T14:20:13","date_gmt":"2024-04-11T13:20:13","guid":{"rendered":"https:\/\/duotti.eu\/?post_type=product&#038;p=5234"},"modified":"2026-04-27T15:00:43","modified_gmt":"2026-04-27T14:00:43","slug":"ponteira-broca-de-tungstenio-duotti-conica-verde","status":"publish","type":"product","link":"https:\/\/duotti.eu\/en\/product\/ponteira-broca-de-tungstenio-duotti-conica-verde\/","title":{"rendered":"Tungsten Nail Drill Bit DUOTTI - Cone - Green"},"content":{"rendered":"<p><strong>Ponteira (broca) de carbono DUOTTI &#8211; C\u00d3NICA &#8211; VERDE &#8211; DT-266G-060<\/strong><\/p>\n<ul>\n<li>Di\u00e2metro &#8211; 6 mm<\/li>\n<li>Tamanho &#8211; 13 mm<\/li>\n<li>Gr\u00e3o duro &#8211; verde<\/li>\n<\/ul>\n<p>Para <strong>remo\u00e7\u00e3o<\/strong> dos produtos<\/p>\n<p>Recomendado para remo\u00e7\u00e3o<strong>: acr\u00edlico, gel, verniz de gel (gelinho)<\/strong><\/p>\n<p><strong>A\u00c7O INOXID\u00c1VEL<\/strong><\/p>","protected":false},"excerpt":{"rendered":"<p>Ponteira (broca) de carbono DUOTTI &#8211; C\u00d3NICA &#8211; VERDE &#8211; DT-266G-060 Di\u00e2metro &#8211; 6 mm Tamanho &#8211; 13 mm Gr\u00e3o duro &#8211; verde Para remo\u00e7\u00e3o dos produtos Recomendado para remo\u00e7\u00e3o: acr\u00edlico, gel, verniz de gel (gelinho) A\u00c7O INOXID\u00c1VEL<\/p>","protected":false},"featured_media":5235,"comment_status":"closed","ping_status":"closed","template":"","meta":[],"product_cat":[1727,1730],"product_tag":[1731,1691,1722,1732,1652,1653],"_links":{"self":[{"href":"https:\/\/duotti.eu\/en\/wp-json\/wp\/v2\/product\/5234"}],"collection":[{"href":"https:\/\/duotti.eu\/en\/wp-json\/wp\/v2\/product"}],"about":[{"href":"https:\/\/duotti.eu\/en\/wp-json\/wp\/v2\/types\/product"}],"replies":[{"embeddable":true,"href":"https:\/\/duotti.eu\/en\/wp-json\/wp\/v2\/comments?post=5234"}],"wp:featuredmedia":[{"embeddable":true,"href":"https:\/\/duotti.eu\/en\/wp-json\/wp\/v2\/media\/5235"}],"wp:attachment":[{"href":"https:\/\/duotti.eu\/en\/wp-json\/wp\/v2\/media?parent=5234"}],"wp:term":[{"taxonomy":"product_cat","embeddable":true,"href":"https:\/\/duotti.eu\/en\/wp-json\/wp\/v2\/product_cat?post=5234"},{"taxonomy":"product_tag","embeddable":true,"href":"https:\/\/duotti.eu\/en\/wp-json\/wp\/v2\/product_tag?post=5234"}],"curies":[{"name":"wp","href":"https:\/\/api.w.org\/{rel}","templated":true}]}}