{"id":5202,"date":"2024-01-21T21:59:53","date_gmt":"2024-01-21T21:59:53","guid":{"rendered":"https:\/\/duotti.eu\/?post_type=product&#038;p=5202"},"modified":"2026-04-28T18:00:33","modified_gmt":"2026-04-28T17:00:33","slug":"ponteira-diamantada-duotti-lagrima-gota-azul-diametro-23mm","status":"publish","type":"product","link":"https:\/\/duotti.eu\/en\/product\/ponteira-diamantada-duotti-lagrima-gota-azul-diametro-23mm\/","title":{"rendered":"Diamond Nail Drill Bit DUOTTI - Drop - Blue - Diameter 2,3mm"},"content":{"rendered":"<p><strong>Diamond Nail Drill Bit DUOTTI - Drop - Blue - DD-257B-023<\/strong><\/p>\n<ul>\n<li>Diameter \u2013 2,3 mm<\/li>\n<li>Size \u2013 4 mm<\/li>\n<li>Abrasive grain medium - blue<\/li>\n<\/ul>\n<p><strong>Use:<\/strong><\/p>\n<p><strong>manicure<\/strong><\/p>\n<ul>\n<li>cleaning of lateral folds<\/li>\n<li>cuticle removing<\/li>\n<\/ul>\n<p><strong>pedicure<\/strong><\/p>\n<ul>\n<li>treatment of cracks, calluses<\/li>\n<li>cuticle removing<\/li>\n<li>treatment of keratinized areas of the feet fingers<\/li>\n<\/ul>\n<p><strong>A\u00c7O INOXID\u00c1VEL<\/strong><\/p>","protected":false},"excerpt":{"rendered":"<p>Ponteira (broca) Diamantada &#8211; L\u00e1grima\/Gota &#8211; AZUL &#8211; DD-257B-023 Di\u00e2metro &#8211; 2,3 mm Tamanho &#8211; 4 mm Gr\u00e3o m\u00e9dio &#8211; azul Pode usar: manicure limpeza das bordes laterais para remover cut\u00edcula pedicure tratamento de fissuras, calosidades para remover cut\u00edcula tratamento de \u00e1reas queratinizadas dos dedos dos p\u00e9s A\u00c7O INOXID\u00c1VEL<\/p>","protected":false},"featured_media":6001,"comment_status":"open","ping_status":"closed","template":"","meta":[],"product_cat":[1728,1727],"product_tag":[1821,1823,1817,1819,1822,1815,1763,1500,1824,1816,1818],"_links":{"self":[{"href":"https:\/\/duotti.eu\/en\/wp-json\/wp\/v2\/product\/5202"}],"collection":[{"href":"https:\/\/duotti.eu\/en\/wp-json\/wp\/v2\/product"}],"about":[{"href":"https:\/\/duotti.eu\/en\/wp-json\/wp\/v2\/types\/product"}],"replies":[{"embeddable":true,"href":"https:\/\/duotti.eu\/en\/wp-json\/wp\/v2\/comments?post=5202"}],"wp:featuredmedia":[{"embeddable":true,"href":"https:\/\/duotti.eu\/en\/wp-json\/wp\/v2\/media\/6001"}],"wp:attachment":[{"href":"https:\/\/duotti.eu\/en\/wp-json\/wp\/v2\/media?parent=5202"}],"wp:term":[{"taxonomy":"product_cat","embeddable":true,"href":"https:\/\/duotti.eu\/en\/wp-json\/wp\/v2\/product_cat?post=5202"},{"taxonomy":"product_tag","embeddable":true,"href":"https:\/\/duotti.eu\/en\/wp-json\/wp\/v2\/product_tag?post=5202"}],"curies":[{"name":"wp","href":"https:\/\/api.w.org\/{rel}","templated":true}]}}