{"id":5189,"date":"2024-01-13T23:14:25","date_gmt":"2024-01-13T23:14:25","guid":{"rendered":"https:\/\/duotti.eu\/?post_type=product&#038;p=5189"},"modified":"2026-03-20T16:57:02","modified_gmt":"2026-03-20T16:57:02","slug":"ponteira-de-borracha-para-polimento-diametro-8-mm-verde","status":"publish","type":"product","link":"https:\/\/duotti.eu\/en\/product\/ponteira-de-borracha-para-polimento-diametro-8-mm-verde\/","title":{"rendered":"Polishing Rubber nail drill bit - Diameter 8mm - Green"},"content":{"rendered":"<p>Polishing Rubber Nail drill bit with <strong>soft grain<\/strong>. It can be used to shine natural nails, to polish the skin during manicure. You can also use it to polish feet.<\/p>\n<p><strong>TECHNICAL SPECIFICATIONS:<\/strong><\/p>\n<p><strong>Material<\/strong>: Rubber<br \/>\n<strong>Size:<\/strong> Length 19 mm, \u00d8 8 mm<br \/>\n<strong>Shape<\/strong>: Rounded cilynder<\/p>","protected":false},"excerpt":{"rendered":"<p>Ponteira de borracha para polir com gr\u00e3o fino. Pode ser usado para dar brilho \u00e0s unhas naturais, para fazer polimento de pele durante de manicure. Tamb\u00e9m pode usar para polimento das p\u00e9s. DADOS T\u00c9CNICOS: Material: borracha Tamanho: comprimento 19 mm, \u00d8 8 mm Formato: cilindro arredondado<\/p>","protected":false},"featured_media":5188,"comment_status":"open","ping_status":"closed","template":"","meta":[],"product_cat":[1727,1806],"product_tag":[1808,1809,1810,1812,1811,1813,1814],"_links":{"self":[{"href":"https:\/\/duotti.eu\/en\/wp-json\/wp\/v2\/product\/5189"}],"collection":[{"href":"https:\/\/duotti.eu\/en\/wp-json\/wp\/v2\/product"}],"about":[{"href":"https:\/\/duotti.eu\/en\/wp-json\/wp\/v2\/types\/product"}],"replies":[{"embeddable":true,"href":"https:\/\/duotti.eu\/en\/wp-json\/wp\/v2\/comments?post=5189"}],"wp:featuredmedia":[{"embeddable":true,"href":"https:\/\/duotti.eu\/en\/wp-json\/wp\/v2\/media\/5188"}],"wp:attachment":[{"href":"https:\/\/duotti.eu\/en\/wp-json\/wp\/v2\/media?parent=5189"}],"wp:term":[{"taxonomy":"product_cat","embeddable":true,"href":"https:\/\/duotti.eu\/en\/wp-json\/wp\/v2\/product_cat?post=5189"},{"taxonomy":"product_tag","embeddable":true,"href":"https:\/\/duotti.eu\/en\/wp-json\/wp\/v2\/product_tag?post=5189"}],"curies":[{"name":"wp","href":"https:\/\/api.w.org\/{rel}","templated":true}]}}