{"id":5183,"date":"2024-01-11T11:57:21","date_gmt":"2024-01-11T11:57:21","guid":{"rendered":"https:\/\/duotti.eu\/?post_type=product&#038;p=5183"},"modified":"2024-01-13T22:50:35","modified_gmt":"2024-01-13T22:50:35","slug":"kit-de-apoio-para-braco-e-cotovelo-berry-kodi-professional","status":"publish","type":"product","link":"https:\/\/duotti.eu\/en\/product\/kit-de-apoio-para-braco-e-cotovelo-berry-kodi-professional\/","title":{"rendered":"Kit de Apoio para bra\u00e7o e cotovelo &#8211; BERRY &#8211; Kodi Professional"},"content":{"rendered":"<h3><strong>Kit inclu\u00eddo:<\/strong><\/h3>\n<h3><strong>Apoio de bra\u00e7o Berry + Apoio para cotovelo de profissional Berry<\/strong><\/h3>\n<p><strong>Apoio de bra\u00e7o<\/strong> tem uma forma retangular. A superf\u00edcie \u00e9 revestida com pele sint\u00e9tica dur\u00e1vel e resistente \u00e0 umidade, que n\u00e3o perde por muito tempo sua apresenta\u00e7\u00e3o externa e \u00e9 f\u00e1cil de usar. O acolchoamento interno feito de espuma macia e el\u00e1stica fixa com seguran\u00e7a e conforto os pulsos do cliente, evitando a fadiga. Devido ao design bem pensado das p\u00e9s do Apoio, a carga nas costas do profissional \u00e9 reduzida, o \u00e2ngulo correto de inclina\u00e7\u00e3o \u00e9 garantido e o espa\u00e7o de trabalho na mesa tamb\u00e9m \u00e9 economizado &#8211; uma l\u00e2mpada UV\/LED \u00e9 colocada sob o apoio de bra\u00e7o muito f\u00e1cil.<\/p>\n<p><strong>Dimens\u00f5es:<\/strong><\/p>\n<p>Altura total: 15 cm<\/p>\n<p>Altura de espa\u00e7o para l\u00e2mpada UV\/LED: 12 cm<\/p>\n<p>Comprimento: 32 cm<\/p>\n<p>Largura: 12 cm<\/p>\n<h4><strong>Apoio para cotovelo de profissional : <\/strong>Todos os dias, um profissional experiente realiza muitos procedimentos. Ao mesmo tempo, suas m\u00e3os ficam cansadas com o peso, o que aumenta a sensa\u00e7\u00e3o de desconforto em cotovelo e pode prejudicar a qualidade do trabalho realizado. O <strong>apoio de cotovelo quadrado universal<\/strong> da marca internacional KODI PROFESSIONAL \u00e9 capaz de resolver este problema. \u00c9 perfeito para apoiar a \u00e1rea do cotovelo ao realizar procedimentos de unhas e cuidados de spa. O estofamento externo do acess\u00f3rio \u00e9 feito de pele ecol\u00f3gico dur\u00e1vel e resistente \u00e0 umidade da mais alta qualidade, no interior h\u00e1 um enchimento macio e el\u00e1stico que mant\u00e9m sua forma perfeitamente.<\/h4>\n<p><strong>Dimen\u00e7\u00f5es:<\/strong> 13&#215;13 cm<\/p>","protected":false},"excerpt":{"rendered":"<p>Kit inclu\u00eddo: Apoio de bra\u00e7o Berry + Apoio para cotovelo de profissional Berry Apoio de bra\u00e7o tem uma forma retangular. A superf\u00edcie \u00e9 revestida com pele sint\u00e9tica dur\u00e1vel e resistente \u00e0 umidade, que n\u00e3o perde por muito tempo sua apresenta\u00e7\u00e3o externa e \u00e9 f\u00e1cil de usar. O acolchoamento interno feito de espuma macia e el\u00e1stica [&#8230;]","protected":false},"featured_media":5184,"comment_status":"open","ping_status":"closed","template":"","meta":[],"product_cat":[1400,1739,1742],"product_tag":[1804,1800,1799,1803],"_links":{"self":[{"href":"https:\/\/duotti.eu\/en\/wp-json\/wp\/v2\/product\/5183"}],"collection":[{"href":"https:\/\/duotti.eu\/en\/wp-json\/wp\/v2\/product"}],"about":[{"href":"https:\/\/duotti.eu\/en\/wp-json\/wp\/v2\/types\/product"}],"replies":[{"embeddable":true,"href":"https:\/\/duotti.eu\/en\/wp-json\/wp\/v2\/comments?post=5183"}],"wp:featuredmedia":[{"embeddable":true,"href":"https:\/\/duotti.eu\/en\/wp-json\/wp\/v2\/media\/5184"}],"wp:attachment":[{"href":"https:\/\/duotti.eu\/en\/wp-json\/wp\/v2\/media?parent=5183"}],"wp:term":[{"taxonomy":"product_cat","embeddable":true,"href":"https:\/\/duotti.eu\/en\/wp-json\/wp\/v2\/product_cat?post=5183"},{"taxonomy":"product_tag","embeddable":true,"href":"https:\/\/duotti.eu\/en\/wp-json\/wp\/v2\/product_tag?post=5183"}],"curies":[{"name":"wp","href":"https:\/\/api.w.org\/{rel}","templated":true}]}}