{"id":5157,"date":"2024-01-04T15:54:05","date_gmt":"2024-01-04T15:54:05","guid":{"rendered":"https:\/\/duotti.eu\/?post_type=product&#038;p=5157"},"modified":"2024-05-08T16:48:04","modified_gmt":"2024-05-08T15:48:04","slug":"apoio-para-cotovelo-de-profissional-rose-quadrado","status":"publish","type":"product","link":"https:\/\/duotti.eu\/en\/product\/apoio-para-cotovelo-de-profissional-rose-quadrado\/","title":{"rendered":"Apoio para cotovelo de profissional &#8211; Rose, quadrado"},"content":{"rendered":"<h3><strong>Apoio para cotovelo de profissional &#8211; Kodi Professional<\/strong><\/h3>\n<p>Todos os dias, um profissional experiente realiza muitos procedimentos. Ao mesmo tempo, suas m\u00e3os ficam cansadas com o peso, o que aumenta a sensa\u00e7\u00e3o de desconforto em cotovelo e pode prejudicar a qualidade do trabalho realizado. O apoio de cotovelo quadrado universal da marca internacional KODI PROFESSIONAL \u00e9 capaz de resolver este problema. \u00c9 perfeito para apoiar a \u00e1rea do cotovelo ao realizar procedimentos de unhas e cuidados de spa. O estofamento externo do acess\u00f3rio \u00e9 feito de pele ecol\u00f3gico dur\u00e1vel e resistente \u00e0 umidade da mais alta qualidade, no interior h\u00e1 um enchimento macio e el\u00e1stico que mant\u00e9m sua forma perfeitamente.<\/p>\n<p><strong>Dimen\u00e7\u00f5es:<\/strong> 13&#215;13 cm<\/p>","protected":false},"excerpt":{"rendered":"<p>Apoio para cotovelo de profissional &#8211; Kodi Professional Todos os dias, um profissional experiente realiza muitos procedimentos. Ao mesmo tempo, suas m\u00e3os ficam cansadas com o peso, o que aumenta a sensa\u00e7\u00e3o de desconforto em cotovelo e pode prejudicar a qualidade do trabalho realizado. O apoio de cotovelo quadrado universal da marca internacional KODI PROFESSIONAL [&#8230;]","protected":false},"featured_media":5159,"comment_status":"open","ping_status":"closed","template":"","meta":[],"product_cat":[1400,1742],"product_tag":[1800,1799,1801],"_links":{"self":[{"href":"https:\/\/duotti.eu\/en\/wp-json\/wp\/v2\/product\/5157"}],"collection":[{"href":"https:\/\/duotti.eu\/en\/wp-json\/wp\/v2\/product"}],"about":[{"href":"https:\/\/duotti.eu\/en\/wp-json\/wp\/v2\/types\/product"}],"replies":[{"embeddable":true,"href":"https:\/\/duotti.eu\/en\/wp-json\/wp\/v2\/comments?post=5157"}],"wp:featuredmedia":[{"embeddable":true,"href":"https:\/\/duotti.eu\/en\/wp-json\/wp\/v2\/media\/5159"}],"wp:attachment":[{"href":"https:\/\/duotti.eu\/en\/wp-json\/wp\/v2\/media?parent=5157"}],"wp:term":[{"taxonomy":"product_cat","embeddable":true,"href":"https:\/\/duotti.eu\/en\/wp-json\/wp\/v2\/product_cat?post=5157"},{"taxonomy":"product_tag","embeddable":true,"href":"https:\/\/duotti.eu\/en\/wp-json\/wp\/v2\/product_tag?post=5157"}],"curies":[{"name":"wp","href":"https:\/\/api.w.org\/{rel}","templated":true}]}}