{"id":5139,"date":"2023-12-28T17:31:54","date_gmt":"2023-12-28T17:31:54","guid":{"rendered":"https:\/\/duotti.eu\/?post_type=product&#038;p=5139"},"modified":"2026-04-27T15:00:43","modified_gmt":"2026-04-27T14:00:43","slug":"espatula-profissional-para-manicure-e-pedicure-empurrador-arredondado-e-limpador-dp-01","status":"publish","type":"product","link":"https:\/\/duotti.eu\/en\/product\/espatula-profissional-para-manicure-e-pedicure-empurrador-arredondado-e-limpador-dp-01\/","title":{"rendered":"Professional pusher for manicure and pedicure - DP-01"},"content":{"rendered":"<h3 style=\"font-weight: 400;\"><strong>Professional pusher for manicure and pedicure - DP-01 - DUOTTI<\/strong><\/h3>\n<p style=\"font-weight: 400;\"><strong>Shape:<\/strong> Rounded pusher and blade<\/p>\n<p style=\"font-weight: 400;\"><strong>Tool size:<\/strong> 150mm<\/p>\n<p style=\"font-weight: 400;\"><strong>Indicated for:<\/strong> Manicure and pedicure<\/p>\n<p>&nbsp;<\/p>\n<p style=\"font-weight: 400;\"><strong>Unrivaled Quality<\/strong><\/p>\n<p style=\"font-weight: 400;\">Made from Surgical Stainless Steel SUS-420J2<\/p>\n<p style=\"font-weight: 400;\"><strong>High corrosion resistance<\/strong><\/p>\n<p style=\"font-weight: 400;\">Treatment with special paste on SUS-420J2 stainless steel, provides greater resistance to corrosion<\/p>\n<p style=\"font-weight: 400;\"><strong>Comfort<\/strong><\/p>\n<p style=\"font-weight: 400;\">Designed for perfect fit of the nail plate<\/p>\n<p style=\"font-weight: 400;\">Blade inclination angle for perfect cleaning in the cuticle area<\/p>\n<p style=\"font-weight: 400;\">Handle with great fixation in the hands of nail technician<\/p>\n<p style=\"font-weight: 400;\"><strong>Sharpening<\/strong><\/p>\n<p style=\"font-weight: 400;\">Sharpened manually at the factory<\/p>\n<p style=\"font-weight: 400;\">The blade is slightly sharpened on both sides<\/p>","protected":false},"excerpt":{"rendered":"<p>Esp\u00e1tula Profissional para manicure e pedicure\u00a0 DP-01 DUOTTI Formatos: Empurrador arredondado e l\u00e2mina. Tamanho da ferramenta: 150mm Indicada para: Manicure e pedicure &nbsp; Qualidade Incompar\u00e1vel Fabricado em A\u00e7o Inox Cir\u00fargico SUS-420J2 Resist\u00eancia \u00e0 corros\u00e3o Tratamento com pasta especial em a\u00e7o inox SUS-420J2, proporciona maior resist\u00eancia \u00e0 corros\u00e3o. Conforto Design idealizado para encaixe perfeito da placa [&#8230;]","protected":false},"featured_media":5141,"comment_status":"open","ping_status":"closed","template":"","meta":[],"product_cat":[1795],"product_tag":[1798,1760,1796,1714,1797],"_links":{"self":[{"href":"https:\/\/duotti.eu\/en\/wp-json\/wp\/v2\/product\/5139"}],"collection":[{"href":"https:\/\/duotti.eu\/en\/wp-json\/wp\/v2\/product"}],"about":[{"href":"https:\/\/duotti.eu\/en\/wp-json\/wp\/v2\/types\/product"}],"replies":[{"embeddable":true,"href":"https:\/\/duotti.eu\/en\/wp-json\/wp\/v2\/comments?post=5139"}],"wp:featuredmedia":[{"embeddable":true,"href":"https:\/\/duotti.eu\/en\/wp-json\/wp\/v2\/media\/5141"}],"wp:attachment":[{"href":"https:\/\/duotti.eu\/en\/wp-json\/wp\/v2\/media?parent=5139"}],"wp:term":[{"taxonomy":"product_cat","embeddable":true,"href":"https:\/\/duotti.eu\/en\/wp-json\/wp\/v2\/product_cat?post=5139"},{"taxonomy":"product_tag","embeddable":true,"href":"https:\/\/duotti.eu\/en\/wp-json\/wp\/v2\/product_tag?post=5139"}],"curies":[{"name":"wp","href":"https:\/\/api.w.org\/{rel}","templated":true}]}}