{"id":5054,"date":"2023-12-07T18:55:44","date_gmt":"2023-12-07T18:55:44","guid":{"rendered":"https:\/\/duotti.eu\/?post_type=product&#038;p=5054"},"modified":"2026-04-23T16:28:56","modified_gmt":"2026-04-23T15:28:56","slug":"sacos-de-papel-craft-microstop-para-esterilizacao-100x200-mm-100-un","status":"publish","type":"product","link":"https:\/\/duotti.eu\/en\/product\/sacos-de-papel-craft-microstop-para-esterilizacao-100x200-mm-100-un\/","title":{"rendered":"Sterilization pouches MicroStop, indicator class 4, Eco, 100\u00d7200 mm - 100pcs"},"content":{"rendered":"<h3><strong>MicroSTOP &#8211; Sacos de papel craft para esteriliza\u00e7\u00e3o a calor seco<\/strong><\/h3>\n<p>Sacos para esterilizas\u00e3o de alta qualidade. Para uso profisional.<\/p>\n<p>Dimens\u00f5es: 100&#215;200 mm<\/p>\n<p>Quantidade: 100 un.<\/p>\n<ul>\n<li>Cont\u00e9m indicador qu\u00edmico que muda de cor ap\u00f3s atingir determinada temperatura<\/li>\n<li>Com fita autoadesiva<\/li>\n<\/ul>\n<p>Indicador Class 4<\/p>\n<p>Fabricado em Ucr\u00e2nia<\/p>","protected":false},"excerpt":{"rendered":"<p>MicroSTOP &#8211; Sacos de papel craft para esteriliza\u00e7\u00e3o a calor seco Sacos para esterilizas\u00e3o de alta qualidade. Para uso profisional. Dimens\u00f5es: 100&#215;200 mm Quantidade: 100 un. Cont\u00e9m indicador qu\u00edmico que muda de cor ap\u00f3s atingir determinada temperatura Com fita autoadesiva Indicador Class 4 Fabricado em Ucr\u00e2nia<\/p>","protected":false},"featured_media":5988,"comment_status":"open","ping_status":"closed","template":"","meta":[],"product_cat":[1782],"product_tag":[1786,1785,1783,1784],"_links":{"self":[{"href":"https:\/\/duotti.eu\/en\/wp-json\/wp\/v2\/product\/5054"}],"collection":[{"href":"https:\/\/duotti.eu\/en\/wp-json\/wp\/v2\/product"}],"about":[{"href":"https:\/\/duotti.eu\/en\/wp-json\/wp\/v2\/types\/product"}],"replies":[{"embeddable":true,"href":"https:\/\/duotti.eu\/en\/wp-json\/wp\/v2\/comments?post=5054"}],"wp:featuredmedia":[{"embeddable":true,"href":"https:\/\/duotti.eu\/en\/wp-json\/wp\/v2\/media\/5988"}],"wp:attachment":[{"href":"https:\/\/duotti.eu\/en\/wp-json\/wp\/v2\/media?parent=5054"}],"wp:term":[{"taxonomy":"product_cat","embeddable":true,"href":"https:\/\/duotti.eu\/en\/wp-json\/wp\/v2\/product_cat?post=5054"},{"taxonomy":"product_tag","embeddable":true,"href":"https:\/\/duotti.eu\/en\/wp-json\/wp\/v2\/product_tag?post=5054"}],"curies":[{"name":"wp","href":"https:\/\/api.w.org\/{rel}","templated":true}]}}