{"id":4875,"date":"2023-10-30T10:10:42","date_gmt":"2023-10-30T09:10:42","guid":{"rendered":"https:\/\/duotti.eu\/?post_type=product&#038;p=4875"},"modified":"2026-04-27T15:00:43","modified_gmt":"2026-04-27T14:00:43","slug":"ponteira-diamantada-duotti-conica-cenoura-diametro-4mm-grao-fino-vermelho","status":"publish","type":"product","link":"https:\/\/duotti.eu\/en\/product\/ponteira-diamantada-duotti-conica-cenoura-diametro-4mm-grao-fino-vermelho\/","title":{"rendered":"Ponteira Diamantada DUOTTI &#8211; C\u00f4nica (Ponta Segura) &#8211; CENOURA &#8211; di\u00e2metro 4mm &#8211; Vermelho"},"content":{"rendered":"<p><strong>Ponteira (broca) Diamantada \u2013C\u00d4NICA (ponta segura) \u2013 CENOURA &#8211; VERMELHA \u2013 DD-879R-40<\/strong><\/p>\n<ul>\n<li>Di\u00e2metro \u2013 4 mm<\/li>\n<li>Tamanho \u2013 12 mm<\/li>\n<li>Gr\u00e3o fino \u2013 vermelho<\/li>\n<\/ul>\n<p><strong>Use:<\/strong><\/p>\n<p><strong>manicure<\/strong><\/p>\n<ul>\n<li>levantar e remover a cut\u00edcula<\/li>\n<li>cleaning of lateral folds<\/li>\n<\/ul>\n<p><strong>pedicure<\/strong><\/p>\n<ul>\n<li>treatment of cracks, calluses<\/li>\n<li>treatment of keratinized areas of the feet fingers<\/li>\n<\/ul>\n<p><strong>A\u00c7O INOXID\u00c1VEL<\/strong><\/p>","protected":false},"excerpt":{"rendered":"<p>Ponteira (broca) Diamantada \u2013C\u00d4NICA (ponta segura) \u2013 CENOURA &#8211; VERMELHA \u2013 DD-879R-40 Di\u00e2metro \u2013 4 mm Tamanho \u2013 12 mm Gr\u00e3o fino \u2013 vermelho Pode usar: manicure levantar e remover a cut\u00edcula limpeza das bordes laterais pedicure tratamento de fissuras, calosidades tratamento de \u00e1reas queratinizadas dos dedos dos p\u00e9s A\u00c7O INOXID\u00c1VEL<\/p>","protected":false},"featured_media":5523,"comment_status":"open","ping_status":"closed","template":"","meta":[],"product_cat":[1728,1727],"product_tag":[],"_links":{"self":[{"href":"https:\/\/duotti.eu\/en\/wp-json\/wp\/v2\/product\/4875"}],"collection":[{"href":"https:\/\/duotti.eu\/en\/wp-json\/wp\/v2\/product"}],"about":[{"href":"https:\/\/duotti.eu\/en\/wp-json\/wp\/v2\/types\/product"}],"replies":[{"embeddable":true,"href":"https:\/\/duotti.eu\/en\/wp-json\/wp\/v2\/comments?post=4875"}],"wp:featuredmedia":[{"embeddable":true,"href":"https:\/\/duotti.eu\/en\/wp-json\/wp\/v2\/media\/5523"}],"wp:attachment":[{"href":"https:\/\/duotti.eu\/en\/wp-json\/wp\/v2\/media?parent=4875"}],"wp:term":[{"taxonomy":"product_cat","embeddable":true,"href":"https:\/\/duotti.eu\/en\/wp-json\/wp\/v2\/product_cat?post=4875"},{"taxonomy":"product_tag","embeddable":true,"href":"https:\/\/duotti.eu\/en\/wp-json\/wp\/v2\/product_tag?post=4875"}],"curies":[{"name":"wp","href":"https:\/\/api.w.org\/{rel}","templated":true}]}}