{"id":4770,"date":"2023-10-30T10:09:55","date_gmt":"2023-10-30T09:09:55","guid":{"rendered":"https:\/\/duotti.eu\/?post_type=product&#038;p=4770"},"modified":"2026-04-23T17:27:00","modified_gmt":"2026-04-23T16:27:00","slug":"apoio-para-braco-manicure-cinzento-claro-pes-brancos","status":"publish","type":"product","link":"https:\/\/duotti.eu\/en\/product\/apoio-para-braco-manicure-cinzento-claro-pes-brancos\/","title":{"rendered":"Apoio para bra\u00e7o ( manicure ) &#8211; Cinzento claro, p\u00e9s brancos"},"content":{"rendered":"<h3><strong>Apoio de bra\u00e7o &#8211; Kodi Professional<\/strong><\/h3>\n<p>Apoio de bra\u00e7o tem uma forma retangular. A superf\u00edcie \u00e9 revestida com pele sint\u00e9tica dur\u00e1vel e resistente \u00e0 umidade, que n\u00e3o perde por muito tempo sua apresenta\u00e7\u00e3o externa e \u00e9 f\u00e1cil de usar.<\/p>\n<p>O acolchoamento interno feito de espuma macia e el\u00e1stica fixa com seguran\u00e7a e conforto os pulsos do cliente, evitando a fadiga. Devido ao design bem pensado das p\u00e9s do Apoio, a carga nas costas do profissional \u00e9 reduzida, o \u00e2ngulo correto de inclina\u00e7\u00e3o \u00e9 garantido e o espa\u00e7o de trabalho na mesa tamb\u00e9m \u00e9 economizado &#8211; uma l\u00e2mpada UV\/LED \u00e9 colocada sob o apoio de bra\u00e7o muito f\u00e1cil.<\/p>\n<p><strong>Dimens\u00f5es:<\/strong><\/p>\n<p>Altura total: 15 cm<\/p>\n<p>Altura de espa\u00e7o para l\u00e2mpada UV\/LED: 12 cm<\/p>\n<p>Comprimento: 32 cm<\/p>\n<p>Largura: 12 cm<\/p>","protected":false},"excerpt":{"rendered":"<p>Apoio de bra\u00e7o &#8211; Kodi Professional Apoio de bra\u00e7o tem uma forma retangular. A superf\u00edcie \u00e9 revestida com pele sint\u00e9tica dur\u00e1vel e resistente \u00e0 umidade, que n\u00e3o perde por muito tempo sua apresenta\u00e7\u00e3o externa e \u00e9 f\u00e1cil de usar. O acolchoamento interno feito de espuma macia e el\u00e1stica fixa com seguran\u00e7a e conforto os pulsos [&#8230;]","protected":false},"featured_media":4798,"comment_status":"open","ping_status":"closed","template":"","meta":[],"product_cat":[1400,1739],"product_tag":[1740,1741],"_links":{"self":[{"href":"https:\/\/duotti.eu\/en\/wp-json\/wp\/v2\/product\/4770"}],"collection":[{"href":"https:\/\/duotti.eu\/en\/wp-json\/wp\/v2\/product"}],"about":[{"href":"https:\/\/duotti.eu\/en\/wp-json\/wp\/v2\/types\/product"}],"replies":[{"embeddable":true,"href":"https:\/\/duotti.eu\/en\/wp-json\/wp\/v2\/comments?post=4770"}],"wp:featuredmedia":[{"embeddable":true,"href":"https:\/\/duotti.eu\/en\/wp-json\/wp\/v2\/media\/4798"}],"wp:attachment":[{"href":"https:\/\/duotti.eu\/en\/wp-json\/wp\/v2\/media?parent=4770"}],"wp:term":[{"taxonomy":"product_cat","embeddable":true,"href":"https:\/\/duotti.eu\/en\/wp-json\/wp\/v2\/product_cat?post=4770"},{"taxonomy":"product_tag","embeddable":true,"href":"https:\/\/duotti.eu\/en\/wp-json\/wp\/v2\/product_tag?post=4770"}],"curies":[{"name":"wp","href":"https:\/\/api.w.org\/{rel}","templated":true}]}}