{"id":4766,"date":"2023-10-30T10:09:54","date_gmt":"2023-10-30T09:09:54","guid":{"rendered":"https:\/\/duotti.eu\/?post_type=product&#038;p=4766"},"modified":"2026-04-28T11:21:00","modified_gmt":"2026-04-28T10:21:00","slug":"ponteira-broca-de-tungstenio-duotti-frustum-azul","status":"publish","type":"product","link":"https:\/\/duotti.eu\/en\/product\/ponteira-broca-de-tungstenio-duotti-frustum-azul\/","title":{"rendered":"Tungsten Nail Drill Bit DUOTTI - Frustum - Blue"},"content":{"rendered":"<p><strong>Ponteira (broca) de carbono DUOTTI &#8211; FRUSTUM &#8211; AZUL &#8211; DT-201B-060<\/strong><\/p>\n<ul>\n<li>Di\u00e2metro &#8211; 6 mm<\/li>\n<li>Tamanho &#8211; 13 mm<\/li>\n<li>Abrasive grain medium - blue<\/li>\n<\/ul>\n<p>Para <strong>remo\u00e7\u00e3o<\/strong> dos produtos<\/p>\n<p>Recomendado para remo\u00e7\u00e3o<strong>: acr\u00edlico, gel, verniz de gel (gelinho)<\/strong><\/p>\n<p><strong>A\u00c7O INOXID\u00c1VEL<\/strong><\/p>","protected":false},"excerpt":{"rendered":"<p>Ponteira (broca) de carbono DUOTTI &#8211; FRUSTUM &#8211; AZUL &#8211; DT-201B-060 Di\u00e2metro &#8211; 6 mm Tamanho &#8211; 13 mm Gr\u00e3o m\u00e9dio &#8211; azul Para remo\u00e7\u00e3o dos produtos Recomendado para remo\u00e7\u00e3o: acr\u00edlico, gel, verniz de gel (gelinho) A\u00c7O INOXID\u00c1VEL<\/p>","protected":false},"featured_media":5998,"comment_status":"closed","ping_status":"closed","template":"","meta":[],"product_cat":[1727,1730],"product_tag":[1691,1647,1663,1664,1648,1649,1692,1652,1653,1654],"_links":{"self":[{"href":"https:\/\/duotti.eu\/en\/wp-json\/wp\/v2\/product\/4766"}],"collection":[{"href":"https:\/\/duotti.eu\/en\/wp-json\/wp\/v2\/product"}],"about":[{"href":"https:\/\/duotti.eu\/en\/wp-json\/wp\/v2\/types\/product"}],"replies":[{"embeddable":true,"href":"https:\/\/duotti.eu\/en\/wp-json\/wp\/v2\/comments?post=4766"}],"wp:featuredmedia":[{"embeddable":true,"href":"https:\/\/duotti.eu\/en\/wp-json\/wp\/v2\/media\/5998"}],"wp:attachment":[{"href":"https:\/\/duotti.eu\/en\/wp-json\/wp\/v2\/media?parent=4766"}],"wp:term":[{"taxonomy":"product_cat","embeddable":true,"href":"https:\/\/duotti.eu\/en\/wp-json\/wp\/v2\/product_cat?post=4766"},{"taxonomy":"product_tag","embeddable":true,"href":"https:\/\/duotti.eu\/en\/wp-json\/wp\/v2\/product_tag?post=4766"}],"curies":[{"name":"wp","href":"https:\/\/api.w.org\/{rel}","templated":true}]}}