{"id":4764,"date":"2023-10-30T10:09:54","date_gmt":"2023-10-30T09:09:54","guid":{"rendered":"https:\/\/duotti.eu\/?post_type=product&#038;p=4764"},"modified":"2026-04-27T15:00:43","modified_gmt":"2026-04-27T14:00:43","slug":"ponteira-broca-de-tungstenio-duotti-conica-azul","status":"publish","type":"product","link":"https:\/\/duotti.eu\/en\/product\/ponteira-broca-de-tungstenio-duotti-conica-azul\/","title":{"rendered":"Tungsten Nail Drill Bit DUOTTI - Narrow Cone - Blue"},"content":{"rendered":"<p><strong>Ponteira (broca) de carbono Duotti &#8211; C\u00d3NICA &#8211; Azul &#8211; DT-194B-023<\/strong><\/p>\n<ul>\n<li>Diameter \u2013 2,3 mm<\/li>\n<li>Tamanho &#8211; 14 mm<\/li>\n<li>Abrasive grain medium - blue<\/li>\n<\/ul>\n<p><strong style=\"font-size: 14.4px;\">Para <strong>remo\u00e7\u00e3o<\/strong> dos produtos e limpeza de dentro da unha<\/strong><\/p>\n<p><strong style=\"font-size: 14.4px;\">A\u00c7O INOXID\u00c1VEL<\/strong><\/p>","protected":false},"excerpt":{"rendered":"<p>Ponteira (broca) de carbono Duotti &#8211; C\u00d3NICA &#8211; Azul &#8211; DT-194B-023 Di\u00e2metro &#8211; 2,3 mm Tamanho &#8211; 14 mm Gr\u00e3o m\u00e9dio &#8211; azul Para remo\u00e7\u00e3o dos produtos e limpeza de dentro da unha A\u00c7O INOXID\u00c1VEL<\/p>","protected":false},"featured_media":4792,"comment_status":"closed","ping_status":"closed","template":"","meta":[],"product_cat":[1727,1730],"product_tag":[1721,1722,1417,1719,1692,1652,1653],"_links":{"self":[{"href":"https:\/\/duotti.eu\/en\/wp-json\/wp\/v2\/product\/4764"}],"collection":[{"href":"https:\/\/duotti.eu\/en\/wp-json\/wp\/v2\/product"}],"about":[{"href":"https:\/\/duotti.eu\/en\/wp-json\/wp\/v2\/types\/product"}],"replies":[{"embeddable":true,"href":"https:\/\/duotti.eu\/en\/wp-json\/wp\/v2\/comments?post=4764"}],"wp:featuredmedia":[{"embeddable":true,"href":"https:\/\/duotti.eu\/en\/wp-json\/wp\/v2\/media\/4792"}],"wp:attachment":[{"href":"https:\/\/duotti.eu\/en\/wp-json\/wp\/v2\/media?parent=4764"}],"wp:term":[{"taxonomy":"product_cat","embeddable":true,"href":"https:\/\/duotti.eu\/en\/wp-json\/wp\/v2\/product_cat?post=4764"},{"taxonomy":"product_tag","embeddable":true,"href":"https:\/\/duotti.eu\/en\/wp-json\/wp\/v2\/product_tag?post=4764"}],"curies":[{"name":"wp","href":"https:\/\/api.w.org\/{rel}","templated":true}]}}