{"id":4761,"date":"2023-10-30T10:09:54","date_gmt":"2023-10-30T09:09:54","guid":{"rendered":"https:\/\/duotti.eu\/?post_type=product&#038;p=4761"},"modified":"2026-04-27T15:00:43","modified_gmt":"2026-04-27T14:00:43","slug":"ponteira-broca-diamantada-duotti-flama-chama-ponta-aguda-21-mm-grao-fino-vermelho","status":"publish","type":"product","link":"https:\/\/duotti.eu\/en\/product\/ponteira-broca-diamantada-duotti-flama-chama-ponta-aguda-21-mm-grao-fino-vermelho\/","title":{"rendered":"Diamond Nail Drill Bit DUOTTI - Flame (sharp point)  - Red - Diameter 2,1mm"},"content":{"rendered":"<p><strong>Ponteira (broca) Diamantada &#8211; FLAMA\/CHAMA (ponta aguda) &#8211; AZUL &#8211; DD-243R-021XL<\/strong><\/p>\n<ul>\n<li>Di\u00e2metro &#8211; 2,1 mm<\/li>\n<li>Tamanho &#8211; 8 mm<\/li>\n<li>Gr\u00e3o fino &#8211; vermelho<\/li>\n<\/ul>\n<p><strong>Use:<\/strong><\/p>\n<p><strong>manicure<\/strong><\/p>\n<ul>\n<li>levantar e remover a cut\u00edcula<\/li>\n<li>cleaning of lateral folds<\/li>\n<\/ul>\n<p><strong>pedicure<\/strong><\/p>\n<ul>\n<li>treatment of cracks, calluses<\/li>\n<li>treatment of keratinized areas of the feet fingers<\/li>\n<\/ul>\n<p><strong>A\u00c7O INOXID\u00c1VEL<\/strong><\/p>","protected":false},"excerpt":{"rendered":"<p>Ponteira (broca) Diamantada &#8211; FLAMA\/CHAMA (ponta aguda) &#8211; AZUL &#8211; DD-243R-021XL Di\u00e2metro &#8211; 2,1 mm Tamanho &#8211; 8 mm Gr\u00e3o fino &#8211; vermelho Pode usar: manicure levantar e remover a cut\u00edcula limpeza das bordes laterais pedicure tratamento de fissuras, calosidades tratamento de \u00e1reas queratinizadas dos dedos dos p\u00e9s A\u00c7O INOXID\u00c1VEL<\/p>","protected":false},"featured_media":4789,"comment_status":"open","ping_status":"closed","template":"","meta":[],"product_cat":[1728,1727],"product_tag":[1659,1645,1665,1666,1646,1647,1667,1651,1652],"_links":{"self":[{"href":"https:\/\/duotti.eu\/en\/wp-json\/wp\/v2\/product\/4761"}],"collection":[{"href":"https:\/\/duotti.eu\/en\/wp-json\/wp\/v2\/product"}],"about":[{"href":"https:\/\/duotti.eu\/en\/wp-json\/wp\/v2\/types\/product"}],"replies":[{"embeddable":true,"href":"https:\/\/duotti.eu\/en\/wp-json\/wp\/v2\/comments?post=4761"}],"wp:featuredmedia":[{"embeddable":true,"href":"https:\/\/duotti.eu\/en\/wp-json\/wp\/v2\/media\/4789"}],"wp:attachment":[{"href":"https:\/\/duotti.eu\/en\/wp-json\/wp\/v2\/media?parent=4761"}],"wp:term":[{"taxonomy":"product_cat","embeddable":true,"href":"https:\/\/duotti.eu\/en\/wp-json\/wp\/v2\/product_cat?post=4761"},{"taxonomy":"product_tag","embeddable":true,"href":"https:\/\/duotti.eu\/en\/wp-json\/wp\/v2\/product_tag?post=4761"}],"curies":[{"name":"wp","href":"https:\/\/api.w.org\/{rel}","templated":true}]}}