{"id":2707,"date":"2023-10-30T09:53:04","date_gmt":"2023-10-30T08:53:04","guid":{"rendered":"https:\/\/duotti.eu\/?post_type=product&#038;p=2707"},"modified":"2026-03-27T13:16:55","modified_gmt":"2026-03-27T13:16:55","slug":"kodi-creme-para-maos-hand-cream-filler-50-ml","status":"publish","type":"product","link":"https:\/\/duotti.eu\/en\/product\/kodi-creme-para-maos-hand-cream-filler-50-ml\/","title":{"rendered":"KODI Creme para m\u00e3os &#8220;Hand cream-filler&#8221; 50 ml"},"content":{"rendered":"<h2>Creme para m\u00e3os &#8220;HAND CREAM-FILLER&#8221;, 50 ml.<\/h2>\n<p>Orgulhe-se de m\u00e3os maravilhosamente suaves e nutridas. O creme para m\u00e3os KODI Hand Cream-Filler cuida da pele das m\u00e3os com os benef\u00edcios regeneradores da manteiga de Karit\u00e9, nutrindo-a e protegendo-a do envelhecimento precoce. O \u00e1cido hialur\u00f4nico restabele\u00e7a a humidade perdida e as m\u00e3os agradecer-lhe-\u00e3o com uma pele sedosamente macia, saud\u00e1vel e flex\u00edvel.<\/p>\n<ul>\n<li>proporciona \u00e0 pele das m\u00e3os uma hidrata\u00e7\u00e3o e nutri\u00e7\u00e3o intensa e profunda<\/li>\n<li>proporciona al\u00edvio imediato da irrita\u00e7\u00e3o causada pela secagem da pele<\/li>\n<li>protege a pele de mais danos, evita rachaduras<\/li>\n<li>deixa a pele muito suave, macia como seda e el\u00e1stica<\/li>\n<li>a f\u00f3rmula n\u00e3o oleosa \u00e9 de absor\u00e7\u00e3o f\u00e1cil e r\u00e1pida<\/li>\n<li>ligeiramente perfumado<\/li>\n<\/ul>\n<p>Aplique o creme KODI Hand Cream-Filler diariamente nas m\u00e3os pr\u00e9-lavadas. Aplique na pele das palmas das m\u00e3os, dedos e costas das m\u00e3os e massaje em profundidade. Deixe absorver. Especialmente no inverno, use v\u00e1rias vezes durante o dia conforme necess\u00e1rio para evitar m\u00e3os secas e pele rachada.<\/p>\n<p><strong style=\"font-size: 14px;\">Composi\u00e7\u00e3o<\/strong><strong style=\"font-size: 14px;\">:<\/strong><span style=\"font-size: 14px;\"> Water, Caprylic, Glycerin, Butyrospermum Parkii (Manteiga de Karit\u00e9), Stearyl Alcohol, Vinyl Dimethicone Crosspolymer, Glyceryl Stearate SE, Sucrose Stearate, Hydroxyethyl Acrylate, Phenoxyethanol, Butylene Glycol, Silica, Cetearyl Glucoside, Fragrance, Polymethylsilsesquioxane, Dimethicone, Isohexadecane, Cetearyl Methicone, Chlorphenesin, Ethylhexylglycerin, Hyaluronic Acid, PEG-40 Stearate, Steareth-2, Steareth-21, Limonene, Benzyl Alcohol.<\/span><\/p>","protected":false},"excerpt":{"rendered":"<p>Creme para m\u00e3os &#8220;HAND CREAM-FILLER&#8221;, 50 ml. Orgulhe-se de m\u00e3os maravilhosamente suaves e nutridas. O creme para m\u00e3os KODI Hand Cream-Filler cuida da pele das m\u00e3os com os benef\u00edcios regeneradores da manteiga de Karit\u00e9, nutrindo-a e protegendo-a do envelhecimento precoce. O \u00e1cido hialur\u00f4nico restabele\u00e7a a humidade perdida e as m\u00e3os agradecer-lhe-\u00e3o com uma pele sedosamente [&#8230;]","protected":false},"featured_media":2737,"comment_status":"closed","ping_status":"closed","template":"","meta":[],"product_cat":[1467],"product_tag":[1468,1469,1470,1396,1471,1473,1405,1397,1515,1406,1407],"_links":{"self":[{"href":"https:\/\/duotti.eu\/en\/wp-json\/wp\/v2\/product\/2707"}],"collection":[{"href":"https:\/\/duotti.eu\/en\/wp-json\/wp\/v2\/product"}],"about":[{"href":"https:\/\/duotti.eu\/en\/wp-json\/wp\/v2\/types\/product"}],"replies":[{"embeddable":true,"href":"https:\/\/duotti.eu\/en\/wp-json\/wp\/v2\/comments?post=2707"}],"wp:featuredmedia":[{"embeddable":true,"href":"https:\/\/duotti.eu\/en\/wp-json\/wp\/v2\/media\/2737"}],"wp:attachment":[{"href":"https:\/\/duotti.eu\/en\/wp-json\/wp\/v2\/media?parent=2707"}],"wp:term":[{"taxonomy":"product_cat","embeddable":true,"href":"https:\/\/duotti.eu\/en\/wp-json\/wp\/v2\/product_cat?post=2707"},{"taxonomy":"product_tag","embeddable":true,"href":"https:\/\/duotti.eu\/en\/wp-json\/wp\/v2\/product_tag?post=2707"}],"curies":[{"name":"wp","href":"https:\/\/api.w.org\/{rel}","templated":true}]}}