{"id":5035,"date":"2023-12-07T18:08:24","date_gmt":"2023-12-07T18:08:24","guid":{"rendered":"https:\/\/duotti.eu\/?page_id=5035"},"modified":"2023-12-26T13:47:42","modified_gmt":"2023-12-26T13:47:42","slug":"livro-de-reclamacoes-online","status":"publish","type":"page","link":"https:\/\/duotti.eu\/en\/livro-de-reclamacoes-online\/","title":{"rendered":"Livro de Reclama\u00e7\u00f5es Online"},"content":{"rendered":"<p>Com a entrada em vigor do Decreto-Lei n.\u00ba 74\/2017 de 21 de junho, o Livro de Reclama\u00e7\u00f5es passou a estar dispon\u00edvel online.<\/p>\n<p>O Livro de Reclama\u00e7\u00f5es, em qualquer dos seus formatos, incluindo a sua vers\u00e3o online disponibilizada em 1 de julho de 2017, \u00e9 um dos instrumentos que tornam mais acess\u00edvel o exerc\u00edcio do direito de queixa ao consumidor, permitindo apresentar as suas reclama\u00e7\u00f5es quer nos locais de atendimento ao p\u00fablico, quer acedendo \u00e0 plataforma digital do Livro de Reclama\u00e7\u00f5es Online.<\/p>\n<p><strong><a href=\"https:\/\/www.livroreclamacoes.pt\/Inicio\/\" target=\"_blank\" rel=\"noopener\">Livro de Reclama\u00e7\u00f5es Online aqui:<\/a><\/strong><\/p>\n<p>https:\/\/www.livroreclamacoes.pt\/Inicio\/<\/p>","protected":false},"excerpt":{"rendered":"<p>Com a entrada em vigor do Decreto-Lei n.\u00ba 74\/2017 de 21 de junho, o Livro de Reclama\u00e7\u00f5es passou a estar dispon\u00edvel online. O Livro de Reclama\u00e7\u00f5es, em qualquer dos seus formatos, incluindo a sua vers\u00e3o online disponibilizada em 1 de julho de 2017, \u00e9 um dos instrumentos que tornam mais acess\u00edvel o exerc\u00edcio do direito [&#8230;]","protected":false},"author":197728017,"featured_media":0,"parent":0,"menu_order":0,"comment_status":"closed","ping_status":"closed","template":"","meta":{"footnotes":""},"_links":{"self":[{"href":"https:\/\/duotti.eu\/en\/wp-json\/wp\/v2\/pages\/5035"}],"collection":[{"href":"https:\/\/duotti.eu\/en\/wp-json\/wp\/v2\/pages"}],"about":[{"href":"https:\/\/duotti.eu\/en\/wp-json\/wp\/v2\/types\/page"}],"author":[{"embeddable":true,"href":"https:\/\/duotti.eu\/en\/wp-json\/wp\/v2\/users\/197728017"}],"replies":[{"embeddable":true,"href":"https:\/\/duotti.eu\/en\/wp-json\/wp\/v2\/comments?post=5035"}],"version-history":[{"count":6,"href":"https:\/\/duotti.eu\/en\/wp-json\/wp\/v2\/pages\/5035\/revisions"}],"predecessor-version":[{"id":5126,"href":"https:\/\/duotti.eu\/en\/wp-json\/wp\/v2\/pages\/5035\/revisions\/5126"}],"wp:attachment":[{"href":"https:\/\/duotti.eu\/en\/wp-json\/wp\/v2\/media?parent=5035"}],"curies":[{"name":"wp","href":"https:\/\/api.w.org\/{rel}","templated":true}]}}