{"id":4964,"date":"2023-11-18T06:43:13","date_gmt":"2023-11-18T06:43:13","guid":{"rendered":"https:\/\/duotti.eu\/?page_id=4964"},"modified":"2023-12-07T17:39:35","modified_gmt":"2023-12-07T17:39:35","slug":"contactos","status":"publish","type":"page","link":"https:\/\/duotti.eu\/en\/contactos\/","title":{"rendered":"Contacts"},"content":{"rendered":"<p><b>DUOTTI Beauty Systems<\/b><\/p>\n<p>&nbsp;<\/p>\n<p>Duobeauty Unipessoal, Lda<\/p>\n<p><strong>Loja f\u00edsica:<\/strong><\/p>\n<p>Rua Robalo Gouveia Robalo 1, Escrit\u00f3rio 2c<\/p>\n<p>1900-392 Lisboa<\/p>\n<p>Portugal<\/p>\n<p><strong>Hor\u00e1rio:<\/strong> Segunda-feira a Sexta-feira das 10h-17:00h<\/p>\n<p><strong>Tel.:\u00a0<\/strong>(+351)\u00a0<strong>937 990 554\u00a0<\/strong><\/p>\n<p><strong>Custo de Chamada para o rede fixa \/ m\u00f3vel nacional de acordo com o seu tarif\u00e1rio em vigor.<\/strong><\/p>\n<p><strong>Decreto-Lei #59\/2021 <\/strong><\/p>\n<p><strong>Email:<\/strong>\u00a0<strong><a href=\"mailto:duobeauty.portugal@gmail.com\">duobeauty.portugal@gmail.com<\/a><\/strong><\/p>\n<p><strong>WhatsApp:\u00a0\u00a0<a href=\"https:\/\/wa.me\/351932461881\">Enviar mensagem<\/a><\/strong><\/p>","protected":false},"excerpt":{"rendered":"<p>DUOTTI Beauty Systems &nbsp; Duobeauty Unipessoal, Lda Loja f\u00edsica: Rua Robalo Gouveia Robalo 1, Escrit\u00f3rio 2c 1900-392 Lisboa Portugal Hor\u00e1rio: Segunda-feira a Sexta-feira das 10h-17:00h Tel.:\u00a0(+351)\u00a0937 990 554\u00a0 Custo de Chamada para o rede fixa \/ m\u00f3vel nacional de acordo com o seu tarif\u00e1rio em vigor. Decreto-Lei #59\/2021 Email:\u00a0duobeauty.portugal@gmail.com WhatsApp:\u00a0\u00a0Enviar mensagem<\/p>","protected":false},"author":197728016,"featured_media":0,"parent":0,"menu_order":0,"comment_status":"closed","ping_status":"closed","template":"","meta":{"footnotes":""},"_links":{"self":[{"href":"https:\/\/duotti.eu\/en\/wp-json\/wp\/v2\/pages\/4964"}],"collection":[{"href":"https:\/\/duotti.eu\/en\/wp-json\/wp\/v2\/pages"}],"about":[{"href":"https:\/\/duotti.eu\/en\/wp-json\/wp\/v2\/types\/page"}],"author":[{"embeddable":true,"href":"https:\/\/duotti.eu\/en\/wp-json\/wp\/v2\/users\/197728016"}],"replies":[{"embeddable":true,"href":"https:\/\/duotti.eu\/en\/wp-json\/wp\/v2\/comments?post=4964"}],"version-history":[{"count":2,"href":"https:\/\/duotti.eu\/en\/wp-json\/wp\/v2\/pages\/4964\/revisions"}],"predecessor-version":[{"id":5032,"href":"https:\/\/duotti.eu\/en\/wp-json\/wp\/v2\/pages\/4964\/revisions\/5032"}],"wp:attachment":[{"href":"https:\/\/duotti.eu\/en\/wp-json\/wp\/v2\/media?parent=4964"}],"curies":[{"name":"wp","href":"https:\/\/api.w.org\/{rel}","templated":true}]}}